{"id":24244,"date":"2023-12-28T13:40:26","date_gmt":"2023-12-28T13:40:26","guid":{"rendered":"https:\/\/zagovornik.si\/?page_id=24244"},"modified":"2023-12-28T13:46:30","modified_gmt":"2023-12-28T13:46:30","slug":"aree-di-discriminazione","status":"publish","type":"page","link":"https:\/\/zagovornik.si\/it\/aree-di-discriminazione\/","title":{"rendered":"AREE DI DISCRIMINAZIONE"},"content":{"rendered":"\t\t<div data-elementor-type=\"wp-page\" data-elementor-id=\"24244\" class=\"elementor elementor-24244\" data-elementor-post-type=\"page\">\n\t\t\t\t\t\t<section class=\"elementor-section elementor-top-section elementor-element elementor-element-8889a05 elementor-section-boxed elementor-section-height-default elementor-section-height-default\" data-id=\"8889a05\" data-element_type=\"section\" data-e-type=\"section\" data-settings=\"{&quot;jet_parallax_layout_list&quot;:[]}\">\n\t\t\t\t\t\t<div class=\"elementor-container elementor-column-gap-default\">\n\t\t\t\t\t<div class=\"elementor-column elementor-col-100 elementor-top-column elementor-element elementor-element-4596a30\" data-id=\"4596a30\" data-element_type=\"column\" data-e-type=\"column\">\n\t\t\t<div class=\"elementor-widget-wrap elementor-element-populated\">\n\t\t\t\t\t\t<div class=\"elementor-element elementor-element-4d1e4db elementor-widget elementor-widget-heading\" data-id=\"4d1e4db\" data-element_type=\"widget\" data-e-type=\"widget\" data-widget_type=\"heading.default\">\n\t\t\t\t<div class=\"elementor-widget-container\">\n\t\t\t\t\t<h2 class=\"elementor-heading-title elementor-size-default\">AREE DI DISCRIMINAZIONE<\/h2>\t\t\t\t<\/div>\n\t\t\t\t<\/div>\n\t\t\t\t\t<\/div>\n\t\t<\/div>\n\t\t\t\t\t<\/div>\n\t\t<\/section>\n\t\t\t\t<section class=\"elementor-section elementor-top-section elementor-element elementor-element-0b91bf2 elementor-section-boxed elementor-section-height-default elementor-section-height-default\" data-id=\"0b91bf2\" data-element_type=\"section\" data-e-type=\"section\" data-settings=\"{&quot;jet_parallax_layout_list&quot;:[]}\">\n\t\t\t\t\t\t<div class=\"elementor-container elementor-column-gap-default\">\n\t\t\t\t\t<div class=\"elementor-column elementor-col-100 elementor-top-column elementor-element elementor-element-5c6e083\" data-id=\"5c6e083\" data-element_type=\"column\" data-e-type=\"column\">\n\t\t\t<div class=\"elementor-widget-wrap elementor-element-populated\">\n\t\t\t\t\t\t<div class=\"elementor-element elementor-element-5847442 elementor-widget elementor-widget-jet-accordion\" data-id=\"5847442\" data-element_type=\"widget\" data-e-type=\"widget\" data-widget_type=\"jet-accordion.default\">\n\t\t\t\t<div class=\"elementor-widget-container\">\n\t\t\t\t\t\t\t\t\t<div class=\"jet-accordion\" data-settings=\"{&quot;collapsible&quot;:false,&quot;ajaxTemplate&quot;:false,&quot;switchScrolling&quot;:false,&quot;switchScrollingOffset&quot;:0,&quot;switchScrollingDelay&quot;:500}\">\n\t\t\t<div class=\"jet-accordion__inner\">\n\t\t\t\t<div class=\" jet-accordion__item jet-toggle jet-toggle-move-up-effect \">\n\t\t\t\t\t\t\t<div id=\"jet-toggle-control-9251\" class=\"jet-toggle__control elementor-menu-anchor\" data-toggle=\"1\" role=\"button\" tabindex=\"0\" aria-controls=\"jet-toggle-content-9251\" aria-expanded=\"false\" data-template-id=\"false\">\n\t\t\t\t\t\t\t\t<div class=\"jet-toggle__label-icon jet-toggle-icon-position-right\"><span class=\"jet-toggle__icon icon-normal jet-tabs-icon\"><i class=\"fas fa-chevron-right\"><\/i><\/span><span class=\"jet-toggle__icon icon-active jet-tabs-icon\"><i class=\"fas fa-chevron-down\"><\/i><\/span><\/div><div class=\"jet-toggle__label-text\">ACCESSO ALL\u2019OCCUPAZIONE<\/div>\t\t\t\t\t\t\t<\/div>\n\t\t\t\t\t\t\t<div id=\"jet-toggle-content-9251\" class=\"jet-toggle__content\" data-toggle=\"1\" role=\"region\" data-template-id=\"false\">\n\t\t\t\t\t\t\t\t<div class=\"jet-toggle__content-inner\"><p>La Legge sulla tutela contro le discriminazioni obbliga gli enti del settore pubblico e privato e le persone fisiche a garantire la protezione contro la discriminazione o la parit\u00e0 di trattamento di tutte le persone nelle loro operazioni o comportamenti nei confronti di terzi, anche in relazione alle <strong>condizioni di accesso all\u2019occupazione e al lavoro, sia dipendente che autonomo, compresi i criteri di selezione e le condizioni di assunzione \u2013 indipendentemente dal ramo di attivit\u00e0 e a tutti i livelli della gerarchia professionale, nonch\u00e9 dalla promozione.<\/strong><\/p><ul><li><strong>Esempio:\u00a0<\/strong>A una madre single viene negata la possibilit\u00e0 di essere promossa in quanto il nuovo incarico le imporrebbe la presenza al 100% al lavoro e lei non sarebbe in grado di farlo a causa delle ripetute assenze per prendersi cura del figlio.<\/li><\/ul><\/div>\n\t\t\t\t\t\t\t<\/div>\n\t\t\t\t\t\t<\/div><div class=\" jet-accordion__item jet-toggle jet-toggle-move-up-effect \">\n\t\t\t\t\t\t\t<div id=\"jet-toggle-control-9252\" class=\"jet-toggle__control elementor-menu-anchor\" data-toggle=\"2\" role=\"button\" tabindex=\"0\" aria-controls=\"jet-toggle-content-9252\" aria-expanded=\"false\" data-template-id=\"false\">\n\t\t\t\t\t\t\t\t<div class=\"jet-toggle__label-icon jet-toggle-icon-position-right\"><span class=\"jet-toggle__icon icon-normal jet-tabs-icon\"><i class=\"fas fa-chevron-right\"><\/i><\/span><span class=\"jet-toggle__icon icon-active jet-tabs-icon\"><i class=\"fas fa-chevron-down\"><\/i><\/span><\/div><div class=\"jet-toggle__label-text\">ACCESSO A TUTTI I TIPI E LIVELLI DI ORIENTAMENTO E FORMAZIONE PROFESSIONALE<\/div>\t\t\t\t\t\t\t<\/div>\n\t\t\t\t\t\t\t<div id=\"jet-toggle-content-9252\" class=\"jet-toggle__content\" data-toggle=\"2\" role=\"region\" data-template-id=\"false\">\n\t\t\t\t\t\t\t\t<div class=\"jet-toggle__content-inner\"><p>La Legge sulla tutela contro le discriminazioni obbliga gli enti del settore pubblico e privato e le persone fisiche a garantire la protezione contro la discriminazione o la parit\u00e0 di trattamento di tutte le persone nelle loro operazioni o comportamenti nei confronti di terzi, anche in relazione all\u2019<strong>accesso<\/strong> <strong>a tutti i tipi e livelli di orientamento e formazione professionale, perfezionamento e riqualificazione professionale, inclusi i tirocini professionali.<\/strong><\/p><ul><li><strong>Esempio:<\/strong>\u00a0Un lavoratore non viene inviato a un corso di formazione professionale tenuto in un edificio non accessibile alle persone con disabilit\u00e0 perch\u00e9 il datore di lavoro ritiene che gli adeguamenti che dovrebbero essere apportati per consentire al lavoratore di frequentare tale corso sarebbero troppo onerosi per l\u2019azienda.<\/li><\/ul><\/div>\n\t\t\t\t\t\t\t<\/div>\n\t\t\t\t\t\t<\/div><div class=\" jet-accordion__item jet-toggle jet-toggle-move-up-effect \">\n\t\t\t\t\t\t\t<div id=\"jet-toggle-control-9253\" class=\"jet-toggle__control elementor-menu-anchor\" data-toggle=\"3\" role=\"button\" tabindex=\"0\" aria-controls=\"jet-toggle-content-9253\" aria-expanded=\"false\" data-template-id=\"false\">\n\t\t\t\t\t\t\t\t<div class=\"jet-toggle__label-icon jet-toggle-icon-position-right\"><span class=\"jet-toggle__icon icon-normal jet-tabs-icon\"><i class=\"fas fa-chevron-right\"><\/i><\/span><span class=\"jet-toggle__icon icon-active jet-tabs-icon\"><i class=\"fas fa-chevron-down\"><\/i><\/span><\/div><div class=\"jet-toggle__label-text\">CONDIZIONI DI ASSUNZIONE E CONDIZIONI DI LAVORO<\/div>\t\t\t\t\t\t\t<\/div>\n\t\t\t\t\t\t\t<div id=\"jet-toggle-content-9253\" class=\"jet-toggle__content\" data-toggle=\"3\" role=\"region\" data-template-id=\"false\">\n\t\t\t\t\t\t\t\t<div class=\"jet-toggle__content-inner\"><p>La Legge sulla tutela contro le discriminazioni obbliga gli enti del settore pubblico e privato e le persone fisiche a garantire la protezione contro la discriminazione o la parit\u00e0 di trattamento di tutte le persone nelle loro operazioni o comportamenti nei confronti di terzi, anche in relazione <strong>ai<\/strong> <strong>termini e alle condizioni di lavoro, inclusa la risoluzione del contratto di lavoro e la retribuzione.<\/strong><\/p><ul><li><strong>Esempio:<\/strong>\u00a0La politica di un\u2019azienda privata \u00e8 tale per cui agli uomini viene dato uno stipendio pi\u00f9 alto rispetto alle donne a parit\u00e0 di lavoro.<\/li><\/ul><\/div>\n\t\t\t\t\t\t\t<\/div>\n\t\t\t\t\t\t<\/div><div class=\" jet-accordion__item jet-toggle jet-toggle-move-up-effect \">\n\t\t\t\t\t\t\t<div id=\"jet-toggle-control-9254\" class=\"jet-toggle__control elementor-menu-anchor\" data-toggle=\"4\" role=\"button\" tabindex=\"0\" aria-controls=\"jet-toggle-content-9254\" aria-expanded=\"false\" data-template-id=\"false\">\n\t\t\t\t\t\t\t\t<div class=\"jet-toggle__label-icon jet-toggle-icon-position-right\"><span class=\"jet-toggle__icon icon-normal jet-tabs-icon\"><i class=\"fas fa-chevron-right\"><\/i><\/span><span class=\"jet-toggle__icon icon-active jet-tabs-icon\"><i class=\"fas fa-chevron-down\"><\/i><\/span><\/div><div class=\"jet-toggle__label-text\">AFFILIAZIONE E ATTIVIT\u00c0 IN UN\u2019ORGANIZZAZIONE DI LAVORATORI O DI DATORI DI LAVORO<\/div>\t\t\t\t\t\t\t<\/div>\n\t\t\t\t\t\t\t<div id=\"jet-toggle-content-9254\" class=\"jet-toggle__content\" data-toggle=\"4\" role=\"region\" data-template-id=\"false\">\n\t\t\t\t\t\t\t\t<div class=\"jet-toggle__content-inner\"><p>La Legge sulla tutela contro le discriminazioni obbliga gli enti del settore pubblico e privato e le persone fisiche a garantire la protezione contro la discriminazione o la parit\u00e0 di trattamento di tutte le persone nelle loro operazioni o comportamenti nei confronti di terzi, anche in relazione <strong>all\u2019affiliazione e attivit\u00e0 in un\u2019organizzazione di lavoratori o di datori di lavoro o in qualunque organizzazione i cui membri esercitino una particolare professione, nonch\u00e9 alle prestazioni erogate da tali organizzazioni.<\/strong><\/p><ul><li><strong>Esempio:<\/strong> Il contratto collettivo prevede che solo i membri del sindacato abbiano diritto a un giorno di ferie in pi\u00f9.<\/li><\/ul><\/div>\n\t\t\t\t\t\t\t<\/div>\n\t\t\t\t\t\t<\/div><div class=\" jet-accordion__item jet-toggle jet-toggle-move-up-effect \">\n\t\t\t\t\t\t\t<div id=\"jet-toggle-control-9255\" class=\"jet-toggle__control elementor-menu-anchor\" data-toggle=\"5\" role=\"button\" tabindex=\"0\" aria-controls=\"jet-toggle-content-9255\" aria-expanded=\"false\" data-template-id=\"false\">\n\t\t\t\t\t\t\t\t<div class=\"jet-toggle__label-icon jet-toggle-icon-position-right\"><span class=\"jet-toggle__icon icon-normal jet-tabs-icon\"><i class=\"fas fa-chevron-right\"><\/i><\/span><span class=\"jet-toggle__icon icon-active jet-tabs-icon\"><i class=\"fas fa-chevron-down\"><\/i><\/span><\/div><div class=\"jet-toggle__label-text\">PROTEZIONE SOCIALE<\/div>\t\t\t\t\t\t\t<\/div>\n\t\t\t\t\t\t\t<div id=\"jet-toggle-content-9255\" class=\"jet-toggle__content\" data-toggle=\"5\" role=\"region\" data-template-id=\"false\">\n\t\t\t\t\t\t\t\t<div class=\"jet-toggle__content-inner\"><p>La Legge sulla tutela contro le discriminazioni obbliga gli enti del settore pubblico e privato e le persone fisiche a garantire la protezione contro la discriminazione o la parit\u00e0 di trattamento di tutte le persone nelle loro operazioni o comportamenti nei confronti di terzi, anche in relazione <strong>alla protezione sociale, comprese la previdenza sociale e l\u2019assistenza sanitaria.<\/strong><\/p><ul><li><strong>Esempio:<\/strong>\u00a0Rifiuto di fornire servizi odontoiatrici a un paziente affetto da HIV.<\/li><\/ul><\/div>\n\t\t\t\t\t\t\t<\/div>\n\t\t\t\t\t\t<\/div><div class=\" jet-accordion__item jet-toggle jet-toggle-move-up-effect \">\n\t\t\t\t\t\t\t<div id=\"jet-toggle-control-9256\" class=\"jet-toggle__control elementor-menu-anchor\" data-toggle=\"6\" role=\"button\" tabindex=\"0\" aria-controls=\"jet-toggle-content-9256\" aria-expanded=\"false\" data-template-id=\"false\">\n\t\t\t\t\t\t\t\t<div class=\"jet-toggle__label-icon jet-toggle-icon-position-right\"><span class=\"jet-toggle__icon icon-normal jet-tabs-icon\"><i class=\"fas fa-chevron-right\"><\/i><\/span><span class=\"jet-toggle__icon icon-active jet-tabs-icon\"><i class=\"fas fa-chevron-down\"><\/i><\/span><\/div><div class=\"jet-toggle__label-text\">VANTAGGI SOCIALI<\/div>\t\t\t\t\t\t\t<\/div>\n\t\t\t\t\t\t\t<div id=\"jet-toggle-content-9256\" class=\"jet-toggle__content\" data-toggle=\"6\" role=\"region\" data-template-id=\"false\">\n\t\t\t\t\t\t\t\t<div class=\"jet-toggle__content-inner\"><p>La Legge sulla tutela contro le discriminazioni obbliga gli enti del settore pubblico e privato e le persone fisiche a garantire la protezione contro la discriminazione o la parit\u00e0 di trattamento di tutte le persone nelle loro operazioni o comportamenti nei confronti di terzi, anche in relazione <strong>ai vantaggi sociali.<\/strong><\/p><ul><li><strong>Esempio:<\/strong> In relazione al bando per alcuni appartamenti senza scopo di lucro, il Comune formula criteri secondo cui le giovani famiglie non possano partecipare al bando.<\/li><\/ul><\/div>\n\t\t\t\t\t\t\t<\/div>\n\t\t\t\t\t\t<\/div><div class=\" jet-accordion__item jet-toggle jet-toggle-move-up-effect \">\n\t\t\t\t\t\t\t<div id=\"jet-toggle-control-9257\" class=\"jet-toggle__control elementor-menu-anchor\" data-toggle=\"7\" role=\"button\" tabindex=\"0\" aria-controls=\"jet-toggle-content-9257\" aria-expanded=\"false\" data-template-id=\"false\">\n\t\t\t\t\t\t\t\t<div class=\"jet-toggle__label-icon jet-toggle-icon-position-right\"><span class=\"jet-toggle__icon icon-normal jet-tabs-icon\"><i class=\"fas fa-chevron-right\"><\/i><\/span><span class=\"jet-toggle__icon icon-active jet-tabs-icon\"><i class=\"fas fa-chevron-down\"><\/i><\/span><\/div><div class=\"jet-toggle__label-text\">ISTRUZIONE E FORMAZIONE<\/div>\t\t\t\t\t\t\t<\/div>\n\t\t\t\t\t\t\t<div id=\"jet-toggle-content-9257\" class=\"jet-toggle__content\" data-toggle=\"7\" role=\"region\" data-template-id=\"false\">\n\t\t\t\t\t\t\t\t<div class=\"jet-toggle__content-inner\"><p>La Legge sulla tutela contro le discriminazioni obbliga gli enti del settore pubblico e privato e le persone fisiche a garantire la protezione contro la discriminazione o la parit\u00e0 di trattamento di tutte le persone nelle loro operazioni o comportamenti nei confronti di terzi, anche in relazione <strong>all\u2019istruzione e alla formazione.<\/strong><\/p><ul><li><strong>Esempio:<\/strong>\u00a0Insegnare ai bambini rom separatamente dagli altri bambini.<\/li><\/ul><\/div>\n\t\t\t\t\t\t\t<\/div>\n\t\t\t\t\t\t<\/div><div class=\" jet-accordion__item jet-toggle jet-toggle-move-up-effect \">\n\t\t\t\t\t\t\t<div id=\"jet-toggle-control-9258\" class=\"jet-toggle__control elementor-menu-anchor\" data-toggle=\"8\" role=\"button\" tabindex=\"0\" aria-controls=\"jet-toggle-content-9258\" aria-expanded=\"false\" data-template-id=\"false\">\n\t\t\t\t\t\t\t\t<div class=\"jet-toggle__label-icon jet-toggle-icon-position-right\"><span class=\"jet-toggle__icon icon-normal jet-tabs-icon\"><i class=\"fas fa-chevron-right\"><\/i><\/span><span class=\"jet-toggle__icon icon-active jet-tabs-icon\"><i class=\"fas fa-chevron-down\"><\/i><\/span><\/div><div class=\"jet-toggle__label-text\">ACCESSO AI BENI E SERVIZI<\/div>\t\t\t\t\t\t\t<\/div>\n\t\t\t\t\t\t\t<div id=\"jet-toggle-content-9258\" class=\"jet-toggle__content\" data-toggle=\"8\" role=\"region\" data-template-id=\"false\">\n\t\t\t\t\t\t\t\t<div class=\"jet-toggle__content-inner\"><p>La Legge sulla tutela contro le discriminazioni obbliga gli enti del settore pubblico e privato e le persone fisiche a garantire la protezione contro la discriminazione o la parit\u00e0 di trattamento di tutte le persone nelle loro operazioni o comportamenti nei confronti di terzi, anche in relazione\u00a0<strong>all\u2019accesso a beni e servizi disponibili al pubblico e loro fornitura, inclusi gli alloggi.<\/strong><\/p><ul><li><strong>Esempio:<\/strong>\u00a0Un fornitore di servizi via cavo non vuole instaurare un rapporto contrattuale con un membro della comunit\u00e0 rom, poich\u00e9 ritiene che non sia in grado di pagare regolarmente il servizio.<\/li><\/ul><\/div>\n\t\t\t\t\t\t\t<\/div>\n\t\t\t\t\t\t<\/div>\t\t\t<\/div>\n\t\t<\/div>\n\t\t\t\t\t\t<\/div>\n\t\t\t\t<\/div>\n\t\t\t\t\t<\/div>\n\t\t<\/div>\n\t\t\t\t\t<\/div>\n\t\t<\/section>\n\t\t\t\t<\/div>\n\t\t","protected":false},"excerpt":{"rendered":"<p>AREE DI DISCRIMINAZIONE ACCESSO ALL\u2019OCCUPAZIONE La Legge sulla tutela contro le discriminazioni obbliga gli enti del settore pubblico e privato e le persone fisiche a garantire la protezione contro la discriminazione o la parit\u00e0 di trattamento di tutte le persone nelle loro operazioni o comportamenti nei confronti di terzi, anche in relazione alle condizioni di [&hellip;]<\/p>\n","protected":false},"author":2,"featured_media":0,"parent":0,"menu_order":0,"comment_status":"closed","ping_status":"closed","template":"","meta":{"footnotes":""},"class_list":["post-24244","page","type-page","status-publish","hentry"],"_links":{"self":[{"href":"https:\/\/zagovornik.si\/it\/wp-json\/wp\/v2\/pages\/24244","targetHints":{"allow":["GET"]}}],"collection":[{"href":"https:\/\/zagovornik.si\/it\/wp-json\/wp\/v2\/pages"}],"about":[{"href":"https:\/\/zagovornik.si\/it\/wp-json\/wp\/v2\/types\/page"}],"author":[{"embeddable":true,"href":"https:\/\/zagovornik.si\/it\/wp-json\/wp\/v2\/users\/2"}],"replies":[{"embeddable":true,"href":"https:\/\/zagovornik.si\/it\/wp-json\/wp\/v2\/comments?post=24244"}],"version-history":[{"count":0,"href":"https:\/\/zagovornik.si\/it\/wp-json\/wp\/v2\/pages\/24244\/revisions"}],"wp:attachment":[{"href":"https:\/\/zagovornik.si\/it\/wp-json\/wp\/v2\/media?parent=24244"}],"curies":[{"name":"wp","href":"https:\/\/api.w.org\/{rel}","templated":true}]}}