{"id":24185,"date":"2023-12-28T08:44:13","date_gmt":"2023-12-28T08:44:13","guid":{"rendered":"https:\/\/zagovornik.si\/?page_id=24185"},"modified":"2023-12-28T09:08:19","modified_gmt":"2023-12-28T09:08:19","slug":"responsabilita-e-compiti","status":"publish","type":"page","link":"https:\/\/zagovornik.si\/it\/responsabilita-e-compiti\/","title":{"rendered":"RESPONSABILIT\u00c0 E COMPITI"},"content":{"rendered":"\t\t<div data-elementor-type=\"wp-page\" data-elementor-id=\"24185\" class=\"elementor elementor-24185\" data-elementor-post-type=\"page\">\n\t\t\t\t\t\t<section class=\"elementor-section elementor-top-section elementor-element elementor-element-60d7033 elementor-section-boxed elementor-section-height-default elementor-section-height-default\" data-id=\"60d7033\" data-element_type=\"section\" data-e-type=\"section\" data-settings=\"{&quot;jet_parallax_layout_list&quot;:[]}\">\n\t\t\t\t\t\t<div class=\"elementor-container elementor-column-gap-default\">\n\t\t\t\t\t<div class=\"elementor-column elementor-col-100 elementor-top-column elementor-element elementor-element-5caf3ba\" data-id=\"5caf3ba\" data-element_type=\"column\" data-e-type=\"column\">\n\t\t\t<div class=\"elementor-widget-wrap elementor-element-populated\">\n\t\t\t\t\t\t<div class=\"elementor-element elementor-element-d1848f1 elementor-widget elementor-widget-heading\" data-id=\"d1848f1\" data-element_type=\"widget\" data-e-type=\"widget\" data-widget_type=\"heading.default\">\n\t\t\t\t<div class=\"elementor-widget-container\">\n\t\t\t\t\t<h2 class=\"elementor-heading-title elementor-size-default\">RESPONSABILIT\u00c0 E COMPITI\n<\/h2>\t\t\t\t<\/div>\n\t\t\t\t<\/div>\n\t\t\t\t\t<\/div>\n\t\t<\/div>\n\t\t\t\t\t<\/div>\n\t\t<\/section>\n\t\t\t\t<section class=\"elementor-section elementor-top-section elementor-element elementor-element-e354bc6 elementor-section-boxed elementor-section-height-default elementor-section-height-default\" data-id=\"e354bc6\" data-element_type=\"section\" data-e-type=\"section\" data-settings=\"{&quot;jet_parallax_layout_list&quot;:[]}\">\n\t\t\t\t\t\t<div class=\"elementor-container elementor-column-gap-default\">\n\t\t\t\t\t<div class=\"elementor-column elementor-col-100 elementor-top-column elementor-element elementor-element-b2a5770\" data-id=\"b2a5770\" data-element_type=\"column\" data-e-type=\"column\">\n\t\t\t<div class=\"elementor-widget-wrap elementor-element-populated\">\n\t\t\t\t\t\t<div class=\"elementor-element elementor-element-09f0061 elementor-widget elementor-widget-text-editor\" data-id=\"09f0061\" data-element_type=\"widget\" data-e-type=\"widget\" data-widget_type=\"text-editor.default\">\n\t\t\t\t<div class=\"elementor-widget-container\">\n\t\t\t\t\t\t\t\t\t<p class=\"MsoNormal\"><span lang=\"it\" style=\"font-size: 12.0pt; line-height: 107%; mso-ansi-language: #0010;\">I poteri e i compiti del Difensore del Principio di Uguaglianza sono determinati dalla Legge sulla tutela contro la discriminazione.<\/span><\/p><p class=\"MsoNormal\"><span lang=\"it\" style=\"font-size: 12.0pt; line-height: 107%; mso-ansi-language: #0010;\">L\u2019organo \u00e8 responsabile della tutela contro la discriminazione nel settore pubblico e privato e, in alcuni casi, pu\u00f2 anche proteggere le persone giuridiche contro la disparit\u00e0 di trattamento.<\/span><\/p><p class=\"MsoNormal\"><span lang=\"it\" style=\"font-size: 12.0pt; line-height: 107%; mso-ansi-language: #0010;\">L\u2019organo fornisce informazioni, consulenza e patrocinio a chiunque ritenga di essere stato discriminato.<\/span><\/p><p class=\"MsoNormal\"><span lang=\"it\" style=\"font-size: 12.0pt; line-height: 107%; mso-ansi-language: #0010;\">Affinch\u00e9 il Difensore abbia giurisdizione su un caso, la disparit\u00e0 di trattamento deve essere basata su genere, nazionalit\u00e0, razza o origine etnica, et\u00e0, disabilit\u00e0, orientamento sessuale, genitorialit\u00e0, gravidanza e altre circostanze personali della persona trattata in modo iniquo. Solo in questi casi, si pu\u00f2 parlare di discriminazione come definita dalla Legge sulla tutela contro la discriminazione, in base alla quale opera il Difensore del Principio di Uguaglianza.<\/span><\/p><p class=\"MsoNormal\"><span lang=\"it\" style=\"font-size: 12.0pt; line-height: 107%; mso-ansi-language: #0010;\">L\u2019organo riceve le segnalazioni delle presunte vittime di discriminazione e formula un accertamento formale di discriminazione. Fornisce assistenza indipendente alle vittime per far valere i propri diritti nei procedimenti amministrativi e giudiziari relativi alla discriminazione e partecipa alle controversie sulla discriminazione rappresentando o accompagnando la persona discriminata nei procedimenti giudiziari. Il Difensore valuta anche se le norme sono discriminatorie e pu\u00f2 richiedere un riesame della costituzionalit\u00e0 e della legalit\u00e0 di norme e atti generali.<\/span><\/p><p class=\"MsoNormal\"><span lang=\"it\" style=\"font-size: 12.0pt; line-height: 107%; mso-ansi-language: #0010;\">Il compito estremamente ampio del Difensore \u00e8 quello di monitorare lo stato di discriminazione nel Paese. A tal fine, realizza studi, ricerche e analisi indipendenti e scambia conoscenze con gli organi di parit\u00e0, nazionali ed europei.<\/span><\/p><p class=\"MsoNormal\"><span lang=\"it\" style=\"font-size: 12.0pt; line-height: 107%; mso-ansi-language: #0010;\">Sulla base di tutto ci\u00f2, il Difensore formula anche raccomandazioni alle autorit\u00e0 competenti per eliminare e prevenire la discriminazione. Formula raccomandazioni per eliminare la discriminazione sulla base di un accertamento di discriminazione delle norme o di discriminazione di una particolare pratica, che valuta nell\u2019ambito della procedura di accertamento della discriminazione. Inoltre, formula raccomandazioni per prevenire la discriminazione al momento dell\u2019adozione o della modifica della legislazione e per promuovere la parit\u00e0 di trattamento.<\/span><\/p><p class=\"MsoNormal\"><span style=\"font-size: 12pt; color: var( --e-global-color-text ); font-family: var( --e-global-typography-text-font-family ), Sans-serif; font-weight: var( --e-global-typography-text-font-weight );\">Il Difensore informa e sensibilizza l\u2019opinione pubblica su tutto questo e sulla discriminazione in generale. Lo fa pubblicando rapporti indipendenti e altre informazioni sul suo sito web, sui social media, su opuscoli, con visite sul campo, alle fiere e con le apparizioni sui media.<\/span><\/p>\t\t\t\t\t\t\t\t<\/div>\n\t\t\t\t<\/div>\n\t\t\t\t\t<\/div>\n\t\t<\/div>\n\t\t\t\t\t<\/div>\n\t\t<\/section>\n\t\t\t\t<section class=\"elementor-section elementor-top-section elementor-element elementor-element-49a2f03 elementor-section-boxed elementor-section-height-default elementor-section-height-default\" data-id=\"49a2f03\" data-element_type=\"section\" data-e-type=\"section\" data-settings=\"{&quot;jet_parallax_layout_list&quot;:[]}\">\n\t\t\t\t\t\t<div class=\"elementor-container elementor-column-gap-default\">\n\t\t\t\t\t<div class=\"elementor-column elementor-col-100 elementor-top-column elementor-element elementor-element-dc64ba6\" data-id=\"dc64ba6\" data-element_type=\"column\" data-e-type=\"column\">\n\t\t\t<div class=\"elementor-widget-wrap elementor-element-populated\">\n\t\t\t\t\t\t<div class=\"elementor-element elementor-element-6fe93b0 elementor-widget elementor-widget-jet-accordion\" data-id=\"6fe93b0\" data-element_type=\"widget\" data-e-type=\"widget\" data-widget_type=\"jet-accordion.default\">\n\t\t\t\t<div class=\"elementor-widget-container\">\n\t\t\t\t\t\t\t\t\t<div class=\"jet-accordion\" data-settings=\"{&quot;collapsible&quot;:false,&quot;ajaxTemplate&quot;:false,&quot;switchScrolling&quot;:false,&quot;switchScrollingOffset&quot;:0,&quot;switchScrollingDelay&quot;:500}\">\n\t\t\t<div class=\"jet-accordion__inner\">\n\t\t\t\t<div class=\" jet-accordion__item jet-toggle jet-toggle-move-up-effect \">\n\t\t\t\t\t\t\t<div id=\"jet-toggle-control-1171\" class=\"jet-toggle__control elementor-menu-anchor\" data-toggle=\"1\" role=\"button\" tabindex=\"0\" aria-controls=\"jet-toggle-content-1171\" aria-expanded=\"false\" data-template-id=\"false\">\n\t\t\t\t\t\t\t\t<div class=\"jet-toggle__label-icon jet-toggle-icon-position-right\"><span class=\"jet-toggle__icon icon-normal jet-tabs-icon\"><i class=\"fas fa-chevron-right\"><\/i><\/span><span class=\"jet-toggle__icon icon-active jet-tabs-icon\"><i class=\"fas fa-chevron-down\"><\/i><\/span><\/div><div class=\"jet-toggle__label-text\">SUPPORTO, AIUTO E CONSULENZA<\/div>\t\t\t\t\t\t\t<\/div>\n\t\t\t\t\t\t\t<div id=\"jet-toggle-content-1171\" class=\"jet-toggle__content\" data-toggle=\"1\" role=\"region\" data-template-id=\"false\">\n\t\t\t\t\t\t\t\t<div class=\"jet-toggle__content-inner\"><p>Il Difensore fornisce assistenza indipendente alle vittime di discriminazione, in particolare sotto forma di assistenza nella presentazione di iniziative; informazioni sulla discriminazione e sulla protezione legale contro la discriminazione; consulenza e assistenza legale su come esercitare i propri diritti in relazione alla tutela contro la discriminazione nelle procedure legate alla discriminazione (ad esempio, quali vie legali sono a disposizione di un individuo e come utilizzarle davanti ad altre autorit\u00e0 statali).<\/p><p>In casi specifici, il Difensore del Principio di Uguaglianza pu\u00f2 anche rappresentare o accompagnare la persona discriminata nei procedimenti giudiziari, se la persona discriminata lo autorizza o vi acconsente. La decisione del Difensore del Principio di Uguaglianza di partecipare o meno al procedimento giudiziario in un caso specifico si basa in particolare su: priorit\u00e0 strategiche, natura del caso, risorse umane e finanziarie e risultati del caso specifico di accertamento della discriminazione. Il Difensore del Principio di Uguaglianza valuta quanto sopra caso per caso.<\/p><\/div>\n\t\t\t\t\t\t\t<\/div>\n\t\t\t\t\t\t<\/div><div class=\" jet-accordion__item jet-toggle jet-toggle-move-up-effect \">\n\t\t\t\t\t\t\t<div id=\"jet-toggle-control-1172\" class=\"jet-toggle__control elementor-menu-anchor\" data-toggle=\"2\" role=\"button\" tabindex=\"0\" aria-controls=\"jet-toggle-content-1172\" aria-expanded=\"false\" data-template-id=\"false\">\n\t\t\t\t\t\t\t\t<div class=\"jet-toggle__label-icon jet-toggle-icon-position-right\"><span class=\"jet-toggle__icon icon-normal jet-tabs-icon\"><i class=\"fas fa-chevron-right\"><\/i><\/span><span class=\"jet-toggle__icon icon-active jet-tabs-icon\"><i class=\"fas fa-chevron-down\"><\/i><\/span><\/div><div class=\"jet-toggle__label-text\">ADOZIONE DI PROPOSTE PER AFFRONTARE LA DISCRIMINAZIONE<\/div>\t\t\t\t\t\t\t<\/div>\n\t\t\t\t\t\t\t<div id=\"jet-toggle-content-1172\" class=\"jet-toggle__content\" data-toggle=\"2\" role=\"region\" data-template-id=\"false\">\n\t\t\t\t\t\t\t\t<div class=\"jet-toggle__content-inner\"><p>L\u2019Articolo 1 della Legge sulla tutela contro la discriminazione stabilisce lo scopo della legge, ossia proteggere ogni individuo dalla discriminazione a prescindere da genere, nazionalit\u00e0, razza o origine etnica, lingua, religione o convinzioni personali, disabilit\u00e0, et\u00e0, orientamento sessuale, identit\u00e0 di genere ed espressione di genere, stato sociale, situazione economica, istruzione o qualsiasi altra circostanza personale. Le circostanze personali che possono costituire motivo di discriminazione includono, oltre a quanto sopra, la gravidanza, la genitorialit\u00e0, lo stato di salute, il colore della pelle e simili.<\/p><p>La legge definisce la tutela contro la discriminazione in seguito a circostanze personali varie inerenti ai settori della vita sociale, nella realizzazione dei diritti dell\u2019uomo e delle libert\u00e0 fondamentali, nell\u2019esercizio dei diritti e nell\u2019adempimento degli obblighi e in altri rapporti giuridici in ambito politico, economico, sociale, culturale, civile o altro.<\/p><p>Chiunque ritenga di aver subito una discriminazione pu\u00f2 presentare una segnalazione di discriminazione al Difensore del Principio di Uguaglianza.<\/p><\/div>\n\t\t\t\t\t\t\t<\/div>\n\t\t\t\t\t\t<\/div><div class=\" jet-accordion__item jet-toggle jet-toggle-move-up-effect \">\n\t\t\t\t\t\t\t<div id=\"jet-toggle-control-1173\" class=\"jet-toggle__control elementor-menu-anchor\" data-toggle=\"3\" role=\"button\" tabindex=\"0\" aria-controls=\"jet-toggle-content-1173\" aria-expanded=\"false\" data-template-id=\"false\">\n\t\t\t\t\t\t\t\t<div class=\"jet-toggle__label-icon jet-toggle-icon-position-right\"><span class=\"jet-toggle__icon icon-normal jet-tabs-icon\"><i class=\"fas fa-chevron-right\"><\/i><\/span><span class=\"jet-toggle__icon icon-active jet-tabs-icon\"><i class=\"fas fa-chevron-down\"><\/i><\/span><\/div><div class=\"jet-toggle__label-text\">IDENTIFICAZIONE ED ELIMINAZIONE DELLA DISCRIMINAZIONE<\/div>\t\t\t\t\t\t\t<\/div>\n\t\t\t\t\t\t\t<div id=\"jet-toggle-content-1173\" class=\"jet-toggle__content\" data-toggle=\"3\" role=\"region\" data-template-id=\"false\">\n\t\t\t\t\t\t\t\t<div class=\"jet-toggle__content-inner\"><p>In conformit\u00e0 alla Legge sulla tutela contro la discriminazione, il Difensore conduce procedimenti per stabilire la discriminazione e svolge alcuni compiti di ispezione per monitorare l\u2019attuazione di questa legge.<\/p><p>Pu\u00f2 avviare procedure di accertamento della discriminazione sulla base di una denuncia da parte di una persona che \u00e8 stata discriminata, oppure agire d\u2019ufficio se viene a conoscenza dell\u2019esistenza di una discriminazione sulla base di una denuncia anonima, da parte di terzi o in altro modo.<\/p><p>Le persone che ritengono di essere state discriminate possono presentare una proposta per l\u2019accertamento della discriminazione.<\/p><p>Dopo che il Difensore ha ricevuto tale proposta o ha avviato d\u2019ufficio la procedura di accertamento della discriminazione, la gestisce sulla base della Legge sulla procedura amministrativa.<\/p><p>Ogni proposta relativa alla discriminazione viene prima esaminata e valutata per verificare se \u00e8 stato rispettato l\u2019onere della prova. Nella fattispecie, l\u2019organo verifica:<\/p><ul><li>se sono forniti i fatti che giustificano la supposizione di violazione del divieto di discriminazione;<\/li><li>se \u00e8 indicata la circostanza personale in relazione alla quale si subisce un trattamento sfavorevole;<\/li><li>se il trattamento in relazione al quale \u00e8 stata inoltrata la proposta per l\u2019accertamento \u00e8 di natura tale da pregiudicare diritti, libert\u00e0, vantaggi o benefici giuridici; e<\/li><li>se esiste un rapporto causale tra la circostanza personale e il trattamento sfavorevole.<\/li><\/ul><p>Se il caso segnalato non identifica una o pi\u00f9 delle circostanze personali che si presume siano alla base della disparit\u00e0 di trattamento, \u00e8 molto probabile che non si tratti di discriminazione, ma di altre irregolarit\u00e0 di cui sono responsabili altre autorit\u00e0.<\/p><p>Si pu\u00f2 parlare di discriminazione solo quando le circostanze personali della persona che \u00e8 stata trattata in modo inappropriato o meno favorevole sono alla base di un particolare trattamento ingiusto.<\/p><p>Ci\u00f2 significa che qualcuno \u00e8 stato trattato in modo meno favorevole semplicemente perch\u00e9 \u00e8 maschio o femmina (circostanza personale del genere), perch\u00e9 \u00e8 di una particolare nazionalit\u00e0 (circostanza personale della nazionalit\u00e0) o perch\u00e9 ha un colore della pelle diverso dalla maggioranza delle persone in un particolare ambiente (fattore personale della razza o dell\u2019origine etnica), perch\u00e9 non parla la lingua dell\u2019ambiente in cui vive (circostanza personale della lingua), perch\u00e9 \u00e8 cristiano, musulmano o membro di un\u2019altra religione (circostanza personale della religione o delle convinzioni personali), perch\u00e9 ha una particolare disabilit\u00e0 (circostanza personale della disabilit\u00e0), a causa della sua et\u00e0 (circostanza personale dell\u2019et\u00e0), perch\u00e9 innamorato di una persona dello stesso sesso (circostanza personale di orientamento sessuale), perch\u00e9, nonostante le caratteristiche fisiche attribuite al sesso maschile o femminile, il suo comportamento \u00e8 pi\u00f9 simile a quello attribuito all\u2019altro sesso (circostanza personale di identit\u00e0 ed espressione di genere), perch\u00e9 \u00e8 senza fissa dimora (circostanza personale del stato sociale), perch\u00e9 vive in povert\u00e0 (circostanza personale della situazione economica), perch\u00e9 ha un certo livello di istruzione (circostanza personale dell\u2019istruzione), a causa dello stato di gravidanza, di genitorialit\u00e0 e simili.<\/p><p>Quando si avvia una procedura per l\u2019accertamento della discriminazione, \u00e8 quindi molto importante specificare le circostanze personali che hanno portato alla disparit\u00e0 di trattamento in questione.<\/p><\/div>\n\t\t\t\t\t\t\t<\/div>\n\t\t\t\t\t\t<\/div><div class=\" jet-accordion__item jet-toggle jet-toggle-move-up-effect \">\n\t\t\t\t\t\t\t<div id=\"jet-toggle-control-1174\" class=\"jet-toggle__control elementor-menu-anchor\" data-toggle=\"4\" role=\"button\" tabindex=\"0\" aria-controls=\"jet-toggle-content-1174\" aria-expanded=\"false\" data-template-id=\"false\">\n\t\t\t\t\t\t\t\t<div class=\"jet-toggle__label-icon jet-toggle-icon-position-right\"><span class=\"jet-toggle__icon icon-normal jet-tabs-icon\"><i class=\"fas fa-chevron-right\"><\/i><\/span><span class=\"jet-toggle__icon icon-active jet-tabs-icon\"><i class=\"fas fa-chevron-down\"><\/i><\/span><\/div><div class=\"jet-toggle__label-text\">VALUTAZIONE DEL CARATTERE DISCRIMINATORIO DELLE NORME E CONTROLLO DELLA COSTITUZIONALIT\u00c0<\/div>\t\t\t\t\t\t\t<\/div>\n\t\t\t\t\t\t\t<div id=\"jet-toggle-content-1174\" class=\"jet-toggle__content\" data-toggle=\"4\" role=\"region\" data-template-id=\"false\">\n\t\t\t\t\t\t\t\t<div class=\"jet-toggle__content-inner\"><p>Se il Difensore valuta che una legge o un altro regolamento \u00e8 discriminatorio, pu\u00f2 avviare un procedimento di controllo della costituzionalit\u00e0 o della legittimit\u00e0 del regolamento o dell\u2019atto generale emanato per l\u2019esercizio dei pubblici poteri, oppure pu\u00f2 notificare al promotore del procedimento di controllo della costituzionalit\u00e0 e della legittimit\u00e0.<\/p><p>L\u2019iniziativa per l\u2019avvio di un procedimento di controllo di costituzionalit\u00e0 di una norma \u00e8 un rimedio giuridico con il quale si fa valere, nel corso di un procedimento davanti alla Corte costituzionale, l\u2019incompatibilit\u00e0 di una legge con la Costituzione o l\u2019incompatibilit\u00e0 di una legge o di un atto generale emanato per l\u2019esercizio di poteri pubblici con la Costituzione o con la legge.<\/p><\/div>\n\t\t\t\t\t\t\t<\/div>\n\t\t\t\t\t\t<\/div><div class=\" jet-accordion__item jet-toggle jet-toggle-move-up-effect \">\n\t\t\t\t\t\t\t<div id=\"jet-toggle-control-1175\" class=\"jet-toggle__control elementor-menu-anchor\" data-toggle=\"5\" role=\"button\" tabindex=\"0\" aria-controls=\"jet-toggle-content-1175\" aria-expanded=\"false\" data-template-id=\"false\">\n\t\t\t\t\t\t\t\t<div class=\"jet-toggle__label-icon jet-toggle-icon-position-right\"><span class=\"jet-toggle__icon icon-normal jet-tabs-icon\"><i class=\"fas fa-chevron-right\"><\/i><\/span><span class=\"jet-toggle__icon icon-active jet-tabs-icon\"><i class=\"fas fa-chevron-down\"><\/i><\/span><\/div><div class=\"jet-toggle__label-text\">PROMOZIONE DELL\u2019UGUAGLIANZA E RACCOMANDAZIONI PER PREVENIRE LA DISCRIMINAZIONE<\/div>\t\t\t\t\t\t\t<\/div>\n\t\t\t\t\t\t\t<div id=\"jet-toggle-content-1175\" class=\"jet-toggle__content\" data-toggle=\"5\" role=\"region\" data-template-id=\"false\">\n\t\t\t\t\t\t\t\t<div class=\"jet-toggle__content-inner\"><p>PROMOZIONE DELL\u2019UGUAGLIANZA E RACCOMANDAZIONI PER PREVENIRE LA DISCRIMINAZIONE<\/p><p>Il lavoro del Difensore nel campo della promozione dell\u2019uguaglianza e della prevenzione della discriminazione \u00e8 vario. Le attivit\u00e0 sono suddivise in diversi ambiti.<\/p><p>L\u2019ambito pi\u00f9 ampio riguarda la <strong>registrazione, l\u2019osservazione e il monitoraggio<\/strong> della discriminazione. Questo comprende:<\/p><ul><li>statistiche interne dell\u2019organo, richieste di informazioni, consulenza, assistenza, supporto, monitoraggio dei media, iniziative ricevute, domande e simili,<\/li><li>monitoraggio e analisi del lavoro degli ispettorati,<\/li><li>monitoraggio della discriminazione percepita e affrontata da altre autorit\u00e0 pubbliche,<\/li><li>monitoraggio e registrazione delle misure preventive attuate dai ministeri e da altri enti governativi,<\/li><li>studio delle procedure legislative esistenti e nuove e formulazione di pareri (sul merito e sull\u2019impatto),<\/li><li>registrazione del lavoro della Corte europea dei diritti dell\u2019uomo e della giurisprudenza nazionale e internazionale,<\/li><li>adesione e attuazione degli obblighi derivanti da trattati, accordi e convenzioni internazionali, compilazione di osservazioni e temi,<\/li><li>monitoraggio di temi (circostanze, aree, forme).<\/li><\/ul><p>\u00a0Altri ambiti riguardano:<\/p><ul><li><strong>ricerche e inchieste <\/strong>per circostanze personali, aree e forme di discriminazione e <strong>altre ricerche correlate<\/strong> (sondaggi di opinione pubblica),<\/li><li><strong>instaurazione e mantenimento di un dialogo<\/strong> con le principali organizzazioni non governative e i gruppi discriminati e con le istituzioni statali,<\/li><li><strong>preparazione di pareri e raccomandazioni<\/strong><\/li><li><strong>sensibilizzazione dell\u2019opinione pubblica e dei gruppi<\/strong> sulle circostanze personali, sulle aree e sulle forme di discriminazione, al fine di prevenire ed eliminare la discriminazione e l\u2019intolleranza e promuovere la diversit\u00e0 e le buone relazioni tra i diversi gruppi della societ\u00e0,<\/li><li><strong>educazione del pubblico in generale e dei gruppi<\/strong> in base a circostanze personali, aree e forme di discriminazione e in base a soggetti e gruppi.<\/li><li><strong>cooperazione\u00a0<\/strong><\/li><li><strong>cooperazione e scambio internazionale<\/strong> nell\u2019ambito di Equinet, del Consiglio d\u2019Europa, della Commissione europea, dell\u2019Agenzia dell&#8217;Unione europea per i diritti fondamentali (FRA), delle Nazioni Unite (ONU), delle missioni diplomatiche e della cooperazione bilaterale,<\/li><li><strong>redazione di rapporti regolari e relazioni speciali.<\/strong><\/li><\/ul><p>\u00a0<\/p><p>\u00a0<\/p><\/div>\n\t\t\t\t\t\t\t<\/div>\n\t\t\t\t\t\t<\/div>\t\t\t<\/div>\n\t\t<\/div>\n\t\t\t\t\t\t<\/div>\n\t\t\t\t<\/div>\n\t\t\t\t\t<\/div>\n\t\t<\/div>\n\t\t\t\t\t<\/div>\n\t\t<\/section>\n\t\t\t\t<\/div>\n\t\t","protected":false},"excerpt":{"rendered":"<p>RESPONSABILIT\u00c0 E COMPITI I poteri e i compiti del Difensore del Principio di Uguaglianza sono determinati dalla Legge sulla tutela contro la discriminazione. L\u2019organo \u00e8 responsabile della tutela contro la discriminazione nel settore pubblico e privato e, in alcuni casi, pu\u00f2 anche proteggere le persone giuridiche contro la disparit\u00e0 di trattamento. L\u2019organo fornisce informazioni, consulenza [&hellip;]<\/p>\n","protected":false},"author":2,"featured_media":0,"parent":0,"menu_order":0,"comment_status":"closed","ping_status":"closed","template":"","meta":{"footnotes":""},"class_list":["post-24185","page","type-page","status-publish","hentry"],"_links":{"self":[{"href":"https:\/\/zagovornik.si\/it\/wp-json\/wp\/v2\/pages\/24185","targetHints":{"allow":["GET"]}}],"collection":[{"href":"https:\/\/zagovornik.si\/it\/wp-json\/wp\/v2\/pages"}],"about":[{"href":"https:\/\/zagovornik.si\/it\/wp-json\/wp\/v2\/types\/page"}],"author":[{"embeddable":true,"href":"https:\/\/zagovornik.si\/it\/wp-json\/wp\/v2\/users\/2"}],"replies":[{"embeddable":true,"href":"https:\/\/zagovornik.si\/it\/wp-json\/wp\/v2\/comments?post=24185"}],"version-history":[{"count":0,"href":"https:\/\/zagovornik.si\/it\/wp-json\/wp\/v2\/pages\/24185\/revisions"}],"wp:attachment":[{"href":"https:\/\/zagovornik.si\/it\/wp-json\/wp\/v2\/media?parent=24185"}],"curies":[{"name":"wp","href":"https:\/\/api.w.org\/{rel}","templated":true}]}}