{"id":10680,"date":"2022-04-19T11:10:12","date_gmt":"2022-04-19T11:10:12","guid":{"rendered":"https:\/\/www.zagovornik.si\/about-us\/"},"modified":"2023-12-28T08:37:18","modified_gmt":"2023-12-28T08:37:18","slug":"su-di-noi","status":"publish","type":"page","link":"https:\/\/zagovornik.si\/it\/su-di-noi\/","title":{"rendered":"SU DI NOI"},"content":{"rendered":"\t\t<div data-elementor-type=\"wp-page\" data-elementor-id=\"10680\" class=\"elementor elementor-10680 elementor-529\" data-elementor-post-type=\"page\">\n\t\t\t\t\t\t<section class=\"elementor-section elementor-top-section elementor-element elementor-element-f0ff575 elementor-section-boxed elementor-section-height-default elementor-section-height-default\" data-id=\"f0ff575\" data-element_type=\"section\" data-e-type=\"section\" data-settings=\"{&quot;jet_parallax_layout_list&quot;:[]}\">\n\t\t\t\t\t\t<div class=\"elementor-container elementor-column-gap-default\">\n\t\t\t\t\t<div class=\"elementor-column elementor-col-100 elementor-top-column elementor-element elementor-element-67b471b\" data-id=\"67b471b\" data-element_type=\"column\" data-e-type=\"column\">\n\t\t\t<div class=\"elementor-widget-wrap elementor-element-populated\">\n\t\t\t\t\t\t<div class=\"elementor-element elementor-element-b767c64 elementor-widget elementor-widget-heading\" data-id=\"b767c64\" data-element_type=\"widget\" data-e-type=\"widget\" data-widget_type=\"heading.default\">\n\t\t\t\t<div class=\"elementor-widget-container\">\n\t\t\t\t\t<h1 class=\"elementor-heading-title elementor-size-default\">Su di noi<\/h1>\t\t\t\t<\/div>\n\t\t\t\t<\/div>\n\t\t\t\t\t<\/div>\n\t\t<\/div>\n\t\t\t\t\t<\/div>\n\t\t<\/section>\n\t\t\t\t<section class=\"elementor-section elementor-top-section elementor-element elementor-element-5bf2896 elementor-section-boxed elementor-section-height-default elementor-section-height-default\" data-id=\"5bf2896\" data-element_type=\"section\" data-e-type=\"section\" data-settings=\"{&quot;jet_parallax_layout_list&quot;:[]}\">\n\t\t\t\t\t\t<div class=\"elementor-container elementor-column-gap-default\">\n\t\t\t\t\t<div class=\"elementor-column elementor-col-100 elementor-top-column elementor-element elementor-element-141d742\" data-id=\"141d742\" data-element_type=\"column\" data-e-type=\"column\">\n\t\t\t<div class=\"elementor-widget-wrap elementor-element-populated\">\n\t\t\t\t\t\t<div class=\"elementor-element elementor-element-c0ac5d1 elementor-widget elementor-widget-text-editor\" data-id=\"c0ac5d1\" data-element_type=\"widget\" data-e-type=\"widget\" data-widget_type=\"text-editor.default\">\n\t\t\t\t<div class=\"elementor-widget-container\">\n\t\t\t\t\t\t\t\t\t<p>Nel 2016 l\u2019Assemblea nazionale della Repubblica di Slovenia ha adottato la Legge sulla tutela contro la discriminazione (ZVarD), sulla base della quale \u00e8 stato istituito il Difensore del principio di uguaglianza, un\u2019autorit\u00e0 nazionale indipendente contro la discriminazione.<\/p><p>Ai sensi dell\u2019articolo 21 della legge sulla tutela contro le discriminazioni, i nostri compiti sono i seguenti:<\/p><ul><li>condurre ricerche indipendenti sulla situazione delle persone con una particolare circostanza personale, in particolare genere, nazionalit\u00e0, razza o origine etnica, religione o convinzioni personali, l\u2019handicap, et\u00e0 e orientamento sessuale e altre questioni relative alla discriminazione nei confronti di persone in particolari circostanze personali;<\/li><li>pubblicare relazioni indipendenti e formulare raccomandazioni alle autorit\u00e0 statali, alle comunit\u00e0 locali, alle autorit\u00e0 pubbliche, ai datori di lavoro, agli operatori economici e ad altre entit\u00e0 in merito alla situazione identificata delle persone in determinate circostanze personali, per quanto riguarda la prevenzione e l\u2019eliminazione della discriminazione e l\u2019adozione di misure specifiche e di altro tipo per eliminare la discriminazione;<\/li><li>svolgere determinati compiti di ispezione sulla base delle proposte del capitolo 5 della presente legge relative al rispetto delle disposizioni di questa o di un\u2019altra legge, che ne determina la competenza;<\/li><li>fornire assistenza indipendente alle persone discriminate nell\u2019esercizio dei loro diritti relativi alla tutela contro la discriminazione in termini di consulenza e assistenza legale ai clienti in altri procedimenti amministrativi e giudiziari relativi alla discriminazione;<\/li><li>sensibilizzare l\u2019opinione pubblica sulla discriminazione e le misure per prevenirla;<\/li><li>monitorare la situazione generale nella Repubblica di Slovenia nel campo della tutela contro la discriminazione e la situazione delle persone in determinate circostanze personali;<\/li><li>proporre l\u2019adozione di misure specifiche per migliorare la situazione delle persone in una posizione meno favorevole a causa di una particolare circostanza personale;<\/li><li>partecipazione a procedimenti giudiziari per discriminazione ai sensi della presente legge;<\/li><li>assicurare lo scambio di informazioni disponibili sulla discriminazione con le istituzioni dell\u2019Unione europea;<\/li><li>e svolgere altri compiti previsti dalla legge.<\/li><\/ul><p>Le competenze del Difensore del principio di uguaglianza si estendono al settore pubblico e privato.<\/p><p>\u00a0<\/p>\t\t\t\t\t\t\t\t<\/div>\n\t\t\t\t<\/div>\n\t\t\t\t\t<\/div>\n\t\t<\/div>\n\t\t\t\t\t<\/div>\n\t\t<\/section>\n\t\t\t\t<\/div>\n\t\t","protected":false},"excerpt":{"rendered":"<p>Su di noi Nel 2016 l\u2019Assemblea nazionale della Repubblica di Slovenia ha adottato la Legge sulla tutela contro la discriminazione (ZVarD), sulla base della quale \u00e8 stato istituito il Difensore del principio di uguaglianza, un\u2019autorit\u00e0 nazionale indipendente contro la discriminazione. Ai sensi dell\u2019articolo 21 della legge sulla tutela contro le discriminazioni, i nostri compiti sono [&hellip;]<\/p>\n","protected":false},"author":3,"featured_media":0,"parent":0,"menu_order":0,"comment_status":"closed","ping_status":"closed","template":"","meta":{"footnotes":""},"class_list":["post-10680","page","type-page","status-publish","hentry"],"_links":{"self":[{"href":"https:\/\/zagovornik.si\/it\/wp-json\/wp\/v2\/pages\/10680","targetHints":{"allow":["GET"]}}],"collection":[{"href":"https:\/\/zagovornik.si\/it\/wp-json\/wp\/v2\/pages"}],"about":[{"href":"https:\/\/zagovornik.si\/it\/wp-json\/wp\/v2\/types\/page"}],"author":[{"embeddable":true,"href":"https:\/\/zagovornik.si\/it\/wp-json\/wp\/v2\/users\/3"}],"replies":[{"embeddable":true,"href":"https:\/\/zagovornik.si\/it\/wp-json\/wp\/v2\/comments?post=10680"}],"version-history":[{"count":0,"href":"https:\/\/zagovornik.si\/it\/wp-json\/wp\/v2\/pages\/10680\/revisions"}],"wp:attachment":[{"href":"https:\/\/zagovornik.si\/it\/wp-json\/wp\/v2\/media?parent=10680"}],"curies":[{"name":"wp","href":"https:\/\/api.w.org\/{rel}","templated":true}]}}