{"id":10662,"date":"2022-04-19T12:41:38","date_gmt":"2022-04-19T12:41:38","guid":{"rendered":"https:\/\/www.zagovornik.si\/useful-links\/"},"modified":"2022-08-07T17:48:00","modified_gmt":"2022-08-07T17:48:00","slug":"link-utili","status":"publish","type":"page","link":"https:\/\/zagovornik.si\/it\/su-di-noi\/link-utili\/","title":{"rendered":"LINK UTILI"},"content":{"rendered":"\t\t<div data-elementor-type=\"wp-page\" data-elementor-id=\"10662\" class=\"elementor elementor-10662 elementor-650\" data-elementor-post-type=\"page\">\n\t\t\t\t\t\t<section class=\"elementor-section elementor-top-section elementor-element elementor-element-4424d88 elementor-section-boxed elementor-section-height-default elementor-section-height-default\" data-id=\"4424d88\" data-element_type=\"section\" data-e-type=\"section\" data-settings=\"{&quot;jet_parallax_layout_list&quot;:[]}\">\n\t\t\t\t\t\t<div class=\"elementor-container elementor-column-gap-default\">\n\t\t\t\t\t<div class=\"elementor-column elementor-col-100 elementor-top-column elementor-element elementor-element-5c9a5ec\" data-id=\"5c9a5ec\" data-element_type=\"column\" data-e-type=\"column\">\n\t\t\t<div class=\"elementor-widget-wrap elementor-element-populated\">\n\t\t\t\t\t\t<div class=\"elementor-element elementor-element-5e98148 elementor-widget elementor-widget-heading\" data-id=\"5e98148\" data-element_type=\"widget\" data-e-type=\"widget\" data-widget_type=\"heading.default\">\n\t\t\t\t<div class=\"elementor-widget-container\">\n\t\t\t\t\t<h1 class=\"elementor-heading-title elementor-size-default\">Link utili<\/h1>\t\t\t\t<\/div>\n\t\t\t\t<\/div>\n\t\t\t\t\t<\/div>\n\t\t<\/div>\n\t\t\t\t\t<\/div>\n\t\t<\/section>\n\t\t\t\t<section class=\"elementor-section elementor-top-section elementor-element elementor-element-265d24f elementor-section-boxed elementor-section-height-default elementor-section-height-default\" data-id=\"265d24f\" data-element_type=\"section\" data-e-type=\"section\" data-settings=\"{&quot;jet_parallax_layout_list&quot;:[]}\">\n\t\t\t\t\t\t<div class=\"elementor-container elementor-column-gap-default\">\n\t\t\t\t\t<div class=\"elementor-column elementor-col-100 elementor-top-column elementor-element elementor-element-696a658\" data-id=\"696a658\" data-element_type=\"column\" data-e-type=\"column\">\n\t\t\t<div class=\"elementor-widget-wrap elementor-element-populated\">\n\t\t\t\t\t\t<div class=\"elementor-element elementor-element-92456f5 elementor-widget elementor-widget-jet-tabs\" data-id=\"92456f5\" data-element_type=\"widget\" data-e-type=\"widget\" data-settings=\"{&quot;tabs_position&quot;:&quot;top&quot;,&quot;no_active_tabs&quot;:&quot;false&quot;}\" data-widget_type=\"jet-tabs.default\">\n\t\t\t\t<div class=\"elementor-widget-container\">\n\t\t\t\t\t\n\t\t<div class=\"jet-tabs jet-tabs-position-top jet-tabs-move-up-effect \" data-settings=\"{&quot;activeIndex&quot;:0,&quot;event&quot;:&quot;click&quot;,&quot;autoSwitch&quot;:false,&quot;autoSwitchDelay&quot;:3000,&quot;ajaxTemplate&quot;:false,&quot;tabsPosition&quot;:&quot;top&quot;,&quot;switchScrolling&quot;:false,&quot;switchScrollingOffset&quot;:0}\">\n\t\t\t\t\t\t<div class=\"jet-tabs__control-wrapper\" role=\"tablist\">\n\n                                    <div id=\"jet-tabs-control-1531\" class=\"jet-tabs__control jet-tabs__control-icon-left elementor-menu-anchor active-tab \" data-tab=\"1\" tabindex=\"0\" role=\"tab\" aria-controls=\"jet-tabs-content-1531\" aria-expanded=\"true\" data-template-id=\"false\"><div class=\"jet-tabs__control-inner\"><div class=\"jet-tabs__label-text\">Istituzioni nazionali<\/div><\/div><\/div><div id=\"jet-tabs-control-1532\" class=\"jet-tabs__control jet-tabs__control-icon-left elementor-menu-anchor  \" data-tab=\"2\" tabindex=\"0\" role=\"tab\" aria-controls=\"jet-tabs-content-1532\" aria-expanded=\"false\" data-template-id=\"false\"><div class=\"jet-tabs__control-inner\"><div class=\"jet-tabs__label-text\"> Istituzioni internazionali<\/div><\/div><\/div>\n                    \t\t\t    <\/div>\n\t\t\t<div class=\"jet-tabs__content-wrapper\">\n\t\t\t\t<div id=\"jet-tabs-content-1531\" class=\"jet-tabs__content active-content\" data-tab=\"1\" role=\"tabpanel\" aria-hidden=\"false\" data-template-id=\"false\"><ul><li><a href=\"https:\/\/www.varuh-rs.si\/\" target=\"_blank\" rel=\"noopener\">Difensore civico della Repubblica di Slovenia<\/a><\/li><li><a href=\"https:\/\/www.ip-rs.si\/\" target=\"_blank\" rel=\"noopener\">Commissario per l\u2019informazione della Repubblica di Slovenia<\/a><\/li><li><a href=\"https:\/\/www.gov.si\/drzavni-organi\/ministrstva\/ministrstvo-za-delo-druzino-socialne-zadeve-in-enake-moznosti\/\" target=\"_blank\" rel=\"noopener\">Ministero del Lavoro, della Famiglia, degli Affari Sociali e delle Pari Opportunit\u00e0<\/a><\/li><li><a href=\"https:\/\/www.gov.si\/drzavni-organi\/ministrstva\/ministrstvo-za-delo-druzino-socialne-zadeve-in-enake-moznosti\/o-ministrstvu\/sektor-za-enake-moznosti\/\" target=\"_blank\" rel=\"noopener\">Settore Pari Opportunit\u00e0 presso il Ministero del Lavoro, della Famiglia, degli Affari Sociali e delle Pari Opportunit\u00e0<\/a><\/li><li><a href=\"https:\/\/www.gov.si\/drzavni-organi\/ministrstva\/ministrstvo-za-delo-druzino-socialne-zadeve-in-enake-moznosti\/o-ministrstvu\/direktorat-za-invalide-vojne-veterane-in-zrtve-vojnega-nasilja\/\" target=\"_blank\" rel=\"noopener\">Direzione per i disabili, i veterani di guerra e le vittime di guerra presso il Ministero del Lavoro, della Famiglia, degli Affari Sociali e delle Pari Opportunit\u00e0<\/a><\/li><li><a href=\"https:\/\/www.gov.si\/zbirke\/delovna-telesa\/svet-vlade-republike-slovenije-za-dialog-o-verski-svobodi\/\" target=\"_blank\" rel=\"noopener\">Ufficio per le Comunit\u00e0 Religiose presso il Ministero della Cultura<\/a><\/li><li><a href=\"https:\/\/www.gov.si\/drzavni-organi\/organi-v-sestavi\/urad-za-mladino\/\" target=\"_blank\" rel=\"noopener\">Ufficio della Giovent\u00f9 presso il Ministero dell\u2019Istruzione, delle Scienze e dello Sport<\/a><\/li><li><a href=\"https:\/\/www.gov.si\/drzavni-organi\/vladne-sluzbe\/urad-vlade-za-slovence-v-zamejstvu-in-po-svetu\/\" target=\"_blank\" rel=\"noopener\">Ufficio del Governo della Repubblica di Slovenia per le minoranze nazionali<\/a><\/li><\/ul><p>\u00a0<\/p><p><strong>Ispettorati che affrontano la discriminazione sospettata nel settore pertinente<\/strong><\/p><ul><li><a href=\"https:\/\/www.gov.si\/drzavni-organi\/organi-v-sestavi\/inspektorat-za-delo\/\" target=\"_blank\" rel=\"noopener\">Ispettorato del lavoro<\/a><\/li><li><a href=\"https:\/\/www.gov.si\/drzavni-organi\/organi-v-sestavi\/trzni-inspektorat\/\" target=\"_blank\" rel=\"noopener\">Ispettorato del commercio<\/a><\/li><li><a href=\"https:\/\/www.gov.si\/drzavni-organi\/organi-v-sestavi\/inspektorat-za-notranje-zadeve\/\" target=\"_blank\" rel=\"noopener\">Ispettorato degli affari interni<\/a><\/li><li><a href=\"https:\/\/www.gov.si\/drzavni-organi\/organi-v-sestavi\/zdravstveni-inspektorat\/\" target=\"_blank\" rel=\"noopener\">Ispettorato sanitario<\/a><\/li><li><a href=\"https:\/\/www.gov.si\/drzavni-organi\/organi-v-sestavi\/inspektorat-za-okolje-in-prostor\/\" target=\"_blank\" rel=\"noopener\">Ispettorato dell\u2019ambiente e della pianificazione del territorio<\/a><\/li><li><a href=\"https:\/\/www.gov.si\/drzavni-organi\/organi-v-sestavi\/inspektorat-za-infrastrukturo\/\" target=\"_blank\" rel=\"noopener\">Ispettorato delle infrastrutture<\/a><\/li><li><a href=\"https:\/\/www.gov.si\/drzavni-organi\/organi-v-sestavi\/inspektorat-za-solstvo-in-sport\/\" target=\"_blank\" rel=\"noopener\">Ispettorato dell\u2019istruzione e dello sport<\/a><\/li><li><a href=\"https:\/\/www.gov.si\/drzavni-organi\/organi-v-sestavi\/inspektorat-za-infrastrukturo\/\" target=\"_blank\" rel=\"noopener\">Ispettorato per i trasporti, l\u2019energia e la pianificazione territoriale<\/a><\/li><li><a href=\"https:\/\/www.gov.si\/drzavni-organi\/organi-v-sestavi\/inspektorat-za-kulturo-in-medije\/\" target=\"_blank\" rel=\"noopener\">Ispettorato della cultura e dei media<\/a><\/li><li><a href=\"https:\/\/www.gov.si\/drzavni-organi\/organi-v-sestavi\/inspektorat-za-varstvo-pred-naravnimi-in-drugimi-nesrecami\/\" target=\"_blank\" rel=\"noopener\">Ispettorato per la protezione da calamit\u00e0 naturali e da altri eventi calamitosi<\/a><\/li><li><a href=\"https:\/\/www.gov.si\/drzavni-organi\/organi-v-sestavi\/inspektorat-za-javni-sektor\/\" target=\"_blank\" rel=\"noopener\">Ispettorato del settore pubblico<\/a><\/li><li><a href=\"https:\/\/www.gov.si\/drzavni-organi\/organi-v-sestavi\/inspektorat-za-kmetijstvo-gozdarstvo-lovstvo-in-ribistvo\/\" target=\"_blank\" rel=\"noopener\">Ispettorato dell\u2019agricoltura, delle foreste, caccia e pesca<\/a><\/li><\/ul><\/div><div id=\"jet-tabs-content-1532\" class=\"jet-tabs__content \" data-tab=\"2\" role=\"tabpanel\" aria-hidden=\"true\" data-template-id=\"false\"><p><strong>L\u2019UNIONE EUROPEA<\/strong><\/p><ul><li><a href=\"https:\/\/equineteurope.org\/\" target=\"_blank\" rel=\"noopener\">Equinet \u2013 Rete europea degli organismi per la parit\u00e0<\/a><\/li><li><a href=\"https:\/\/ec.europa.eu\/info\/departments\/justice-and-consumers_it\" target=\"_blank\" rel=\"noopener\">Commissione europea \u2013 Direzione generale Giustizia e consumatori<\/a><\/li><li><a href=\"https:\/\/fra.europa.eu\/sl\/about-fra\" target=\"_blank\" rel=\"noopener\">Agenzia dell\u2019Unione europea per i diritti fondamentali (FRA)<\/a><\/li><\/ul><p>\u00a0<\/p><p><strong>CONSIGLIO D\u2019EUROPA<\/strong><\/p><ul><li><a href=\"https:\/\/www.coe.int\/it\/web\/commissioner\" target=\"_blank\" rel=\"noopener\">Commissario per i diritti umani del Consiglio d\u2019Europa<\/a><\/li><li><a href=\"https:\/\/www.coe.int\/en\/web\/european-commission-against-racism-and-intolerance\" target=\"_blank\" rel=\"noopener\">Commissione del Consiglio d\u2019Europa contro il razzismo e l\u2019intolleranza \u2013 ECRI<\/a><\/li><li><a href=\"https:\/\/www.coe.int\/en\/web\/minorities\/advisory-committee\" target=\"_blank\" rel=\"noopener\">Comitato consultivo della Convenzione \u2013 quadro per la tutela delle minoranze nazionali<\/a><\/li><\/ul><p>\u00a0<\/p><p><strong>ORGANIZZAZIONE DELLE NAZIONI UNITE<\/strong><\/p><ul><li><a href=\"https:\/\/www.ohchr.org\/EN\/Pages\/Home.aspx\" target=\"_blank\" rel=\"noopener\">Alto commissario delle Nazioni Unite per i diritti umani<\/a><\/li><\/ul><\/div>\t\t\t<\/div>\n\t\t\t\t\t<\/div>\n\t\t\t\t\t\t<\/div>\n\t\t\t\t<\/div>\n\t\t\t\t\t<\/div>\n\t\t<\/div>\n\t\t\t\t\t<\/div>\n\t\t<\/section>\n\t\t\t\t<\/div>\n\t\t","protected":false},"excerpt":{"rendered":"<p>Link utili Istituzioni nazionali Istituzioni internazionali Difensore civico della Repubblica di Slovenia Commissario per l\u2019informazione della Repubblica di Slovenia Ministero del Lavoro, della Famiglia, degli Affari Sociali e delle Pari Opportunit\u00e0 Settore Pari Opportunit\u00e0 presso il Ministero del Lavoro, della Famiglia, degli Affari Sociali e delle Pari Opportunit\u00e0 Direzione per i disabili, i veterani di [&hellip;]<\/p>\n","protected":false},"author":3,"featured_media":0,"parent":10680,"menu_order":0,"comment_status":"closed","ping_status":"closed","template":"","meta":{"footnotes":""},"class_list":["post-10662","page","type-page","status-publish","hentry"],"_links":{"self":[{"href":"https:\/\/zagovornik.si\/it\/wp-json\/wp\/v2\/pages\/10662","targetHints":{"allow":["GET"]}}],"collection":[{"href":"https:\/\/zagovornik.si\/it\/wp-json\/wp\/v2\/pages"}],"about":[{"href":"https:\/\/zagovornik.si\/it\/wp-json\/wp\/v2\/types\/page"}],"author":[{"embeddable":true,"href":"https:\/\/zagovornik.si\/it\/wp-json\/wp\/v2\/users\/3"}],"replies":[{"embeddable":true,"href":"https:\/\/zagovornik.si\/it\/wp-json\/wp\/v2\/comments?post=10662"}],"version-history":[{"count":0,"href":"https:\/\/zagovornik.si\/it\/wp-json\/wp\/v2\/pages\/10662\/revisions"}],"up":[{"embeddable":true,"href":"https:\/\/zagovornik.si\/it\/wp-json\/wp\/v2\/pages\/10680"}],"wp:attachment":[{"href":"https:\/\/zagovornik.si\/it\/wp-json\/wp\/v2\/media?parent=10662"}],"curies":[{"name":"wp","href":"https:\/\/api.w.org\/{rel}","templated":true}]}}