{"id":10657,"date":"2022-08-03T09:28:11","date_gmt":"2022-08-03T09:28:11","guid":{"rendered":"https:\/\/www.zagovornik.si\/what-is-discrimination\/"},"modified":"2023-12-28T09:56:13","modified_gmt":"2023-12-28T09:56:13","slug":"sulla-discriminazione","status":"publish","type":"page","link":"https:\/\/zagovornik.si\/it\/sulla-discriminazione\/","title":{"rendered":"SULLA DISCRIMINAZIONE"},"content":{"rendered":"\t\t<div data-elementor-type=\"wp-page\" data-elementor-id=\"10657\" class=\"elementor elementor-10657 elementor-9878\" data-elementor-post-type=\"page\">\n\t\t\t\t\t\t<section class=\"elementor-section elementor-top-section elementor-element elementor-element-5a7acca elementor-section-boxed elementor-section-height-default elementor-section-height-default\" data-id=\"5a7acca\" data-element_type=\"section\" data-e-type=\"section\" data-settings=\"{&quot;jet_parallax_layout_list&quot;:[]}\">\n\t\t\t\t\t\t<div class=\"elementor-container elementor-column-gap-default\">\n\t\t\t\t\t<div class=\"elementor-column elementor-col-100 elementor-top-column elementor-element elementor-element-7938b23\" data-id=\"7938b23\" data-element_type=\"column\" data-e-type=\"column\">\n\t\t\t<div class=\"elementor-widget-wrap elementor-element-populated\">\n\t\t\t\t\t\t<div class=\"elementor-element elementor-element-4c2084d elementor-widget elementor-widget-heading\" data-id=\"4c2084d\" data-element_type=\"widget\" data-e-type=\"widget\" data-widget_type=\"heading.default\">\n\t\t\t\t<div class=\"elementor-widget-container\">\n\t\t\t\t\t<h2 class=\"elementor-heading-title elementor-size-default\">CHE COS\u2019\u00c8 LA DISCRIMINAZIONE<\/h2>\t\t\t\t<\/div>\n\t\t\t\t<\/div>\n\t\t\t\t\t<\/div>\n\t\t<\/div>\n\t\t\t\t\t<\/div>\n\t\t<\/section>\n\t\t\t\t<section class=\"elementor-section elementor-top-section elementor-element elementor-element-2fb61b2 elementor-section-boxed elementor-section-height-default elementor-section-height-default\" data-id=\"2fb61b2\" data-element_type=\"section\" data-e-type=\"section\" data-settings=\"{&quot;jet_parallax_layout_list&quot;:[]}\">\n\t\t\t\t\t\t<div class=\"elementor-container elementor-column-gap-default\">\n\t\t\t\t\t<div class=\"elementor-column elementor-col-100 elementor-top-column elementor-element elementor-element-e3606b6\" data-id=\"e3606b6\" data-element_type=\"column\" data-e-type=\"column\">\n\t\t\t<div class=\"elementor-widget-wrap elementor-element-populated\">\n\t\t\t\t\t\t<div class=\"elementor-element elementor-element-b9ccc4e elementor-widget elementor-widget-text-editor\" data-id=\"b9ccc4e\" data-element_type=\"widget\" data-e-type=\"widget\" data-widget_type=\"text-editor.default\">\n\t\t\t\t<div class=\"elementor-widget-container\">\n\t\t\t\t\t\t\t\t\t<p><span style=\"color: var( --e-global-color-text ); font-family: var( --e-global-typography-text-font-family ), Sans-serif; font-weight: var( --e-global-typography-text-font-weight ); font-size: 1rem;\">La discriminazione \u00e8 qualsiasi disparit\u00e0 di trattamento, distinzione, esclusione o restrizione o omissione ingiustificata, fattuale o legale, dovuta a circostanze personali che ha come oggetto o effetto l\u2019ostruzione, la riduzione o l\u2019annientamento dell\u2019eguale riconoscimento, del godimento o dell\u2019esercizio dei diritti dell\u2019uomo e delle libert\u00e0 fondamentali, degli altri diritti, degli interessi e vantaggi legali.<\/span><\/p>\n<p>Per parlare di discriminazione, \u00e8 necessario che una persona venga trattata peggio o in modo diseguale esclusivamente a causa delle proprie circostanze personali.<\/p>\n<p>Ci\u00f2 significa che qualcuno \u00e8 stato trattato in modo meno favorevole semplicemente perch\u00e9 \u00e8 maschio o femmina (circostanza personale del genere), perch\u00e9 \u00e8 di una particolare nazionalit\u00e0 (circostanza personale della nazionalit\u00e0) o perch\u00e9 ha un colore della pelle diverso dalla maggioranza delle persone in un particolare ambiente (fattore personale della razza o dell\u2019origine etnica), perch\u00e9 non parla la lingua dell\u2019ambiente in cui vive (circostanza personale della lingua), perch\u00e9 \u00e8 cristiano, musulmano o membro di un\u2019altra religione (circostanza personale della religione o delle convinzioni personali), perch\u00e9 ha una particolare disabilit\u00e0 (circostanza personale della disabilit\u00e0), a causa della sua et\u00e0 (circostanza personale dell\u2019et\u00e0), perch\u00e9 innamorato di una persona dello stesso sesso (circostanza personale di orientamento sessuale), perch\u00e9, nonostante le caratteristiche fisiche attribuite al sesso maschile o femminile, il suo comportamento \u00e8 pi\u00f9 simile a quello attribuito all\u2019altro sesso (circostanza personale di identit\u00e0 ed espressione di genere), perch\u00e9 \u00e8 senza fissa dimora (circostanza personale del stato sociale), perch\u00e9 vive in povert\u00e0 (circostanza personale della situazione economica), perch\u00e9 ha un certo livello di istruzione (circostanza personale dell\u2019istruzione), a causa della gravidanza, della genitorialit\u00e0 e simili.<\/p>\n<p>In Slovenia la discriminazione \u00e8 vietata. Chiunque abbia subito o subisca discriminazioni pu\u00f2 rivolgersi per un consiglio al Difensore del Principio di Uguaglianza.<\/p>\n<p>La tutela contro la discriminazione \u00e8 garantita in vari settori della vita sociale, nella realizzazione dei diritti dell\u2019uomo e delle libert\u00e0 fondamentali, nell\u2019esercizio dei diritti e nell\u2019adempimento degli obblighi e in altri rapporti giuridici in ambito politico, economico, sociale, culturale, civile o altro, ma non nei rapporti privati tra diversi individui. Si applica anche alle persone giuridiche, se le circostanze personali che potrebbero essere alla base della discriminazione si riferiscono a tali persone giuridiche.<\/p>\t\t\t\t\t\t\t\t<\/div>\n\t\t\t\t<\/div>\n\t\t\t\t\t<\/div>\n\t\t<\/div>\n\t\t\t\t\t<\/div>\n\t\t<\/section>\n\t\t\t\t<\/div>\n\t\t","protected":false},"excerpt":{"rendered":"<p>CHE COS\u2019\u00c8 LA DISCRIMINAZIONE La discriminazione \u00e8 qualsiasi disparit\u00e0 di trattamento, distinzione, esclusione o restrizione o omissione ingiustificata, fattuale o legale, dovuta a circostanze personali che ha come oggetto o effetto l\u2019ostruzione, la riduzione o l\u2019annientamento dell\u2019eguale riconoscimento, del godimento o dell\u2019esercizio dei diritti dell\u2019uomo e delle libert\u00e0 fondamentali, degli altri diritti, degli interessi e [&hellip;]<\/p>\n","protected":false},"author":3,"featured_media":0,"parent":0,"menu_order":0,"comment_status":"closed","ping_status":"closed","template":"","meta":{"footnotes":""},"class_list":["post-10657","page","type-page","status-publish","hentry"],"_links":{"self":[{"href":"https:\/\/zagovornik.si\/it\/wp-json\/wp\/v2\/pages\/10657","targetHints":{"allow":["GET"]}}],"collection":[{"href":"https:\/\/zagovornik.si\/it\/wp-json\/wp\/v2\/pages"}],"about":[{"href":"https:\/\/zagovornik.si\/it\/wp-json\/wp\/v2\/types\/page"}],"author":[{"embeddable":true,"href":"https:\/\/zagovornik.si\/it\/wp-json\/wp\/v2\/users\/3"}],"replies":[{"embeddable":true,"href":"https:\/\/zagovornik.si\/it\/wp-json\/wp\/v2\/comments?post=10657"}],"version-history":[{"count":0,"href":"https:\/\/zagovornik.si\/it\/wp-json\/wp\/v2\/pages\/10657\/revisions"}],"wp:attachment":[{"href":"https:\/\/zagovornik.si\/it\/wp-json\/wp\/v2\/media?parent=10657"}],"curies":[{"name":"wp","href":"https:\/\/api.w.org\/{rel}","templated":true}]}}