{"id":27361,"date":"2024-04-10T14:08:28","date_gmt":"2024-04-10T14:08:28","guid":{"rendered":"https:\/\/zagovornik.si\/?page_id=27361"},"modified":"2024-04-10T14:41:42","modified_gmt":"2024-04-10T14:41:42","slug":"jogszabalyok","status":"publish","type":"page","link":"https:\/\/zagovornik.si\/hu\/jogszabalyok\/","title":{"rendered":"JOGSZAB\u00c1LYOK"},"content":{"rendered":"\t\t<div data-elementor-type=\"wp-page\" data-elementor-id=\"27361\" class=\"elementor elementor-27361\" data-elementor-post-type=\"page\">\n\t\t\t\t\t\t<section class=\"elementor-section elementor-top-section elementor-element elementor-element-e856803 elementor-section-boxed elementor-section-height-default elementor-section-height-default\" data-id=\"e856803\" data-element_type=\"section\" data-e-type=\"section\" data-settings=\"{&quot;jet_parallax_layout_list&quot;:[]}\">\n\t\t\t\t\t\t<div class=\"elementor-container elementor-column-gap-default\">\n\t\t\t\t\t<div class=\"elementor-column elementor-col-100 elementor-top-column elementor-element elementor-element-5db3082\" data-id=\"5db3082\" data-element_type=\"column\" data-e-type=\"column\">\n\t\t\t<div class=\"elementor-widget-wrap elementor-element-populated\">\n\t\t\t\t\t\t<div class=\"elementor-element elementor-element-ad40276 elementor-widget elementor-widget-heading\" data-id=\"ad40276\" data-element_type=\"widget\" data-e-type=\"widget\" data-widget_type=\"heading.default\">\n\t\t\t\t<div class=\"elementor-widget-container\">\n\t\t\t\t\t<h2 class=\"elementor-heading-title elementor-size-default\">JOGSZAB\u00c1LYOK\n\n<\/h2>\t\t\t\t<\/div>\n\t\t\t\t<\/div>\n\t\t\t\t<div class=\"elementor-element elementor-element-48bf501 elementor-widget elementor-widget-text-editor\" data-id=\"48bf501\" data-element_type=\"widget\" data-e-type=\"widget\" data-widget_type=\"text-editor.default\">\n\t\t\t\t<div class=\"elementor-widget-container\">\n\t\t\t\t\t\t\t\t\t<p><strong>NEMZETI ALAPOK<\/strong><\/p><p><strong>A SZK ALKOTM\u00c1NYA<\/strong><\/p><ul><li>A Szlov\u00e9n K\u00f6zt\u00e1rsas\u00e1g alkotm\u00e1nya<\/li><\/ul><p><strong>T\u00d6RV\u00c9NYEK<\/strong><\/p><ul><li>A diszkrimin\u00e1ci\u00f3 elleni v\u00e9delemr\u0151l sz\u00f3l\u00f3 t\u00f6rv\u00e9ny (ZVarD)<\/li><li>Az egyenl\u0151 b\u00e1n\u00e1sm\u00f3d elv\u00e9nek megval\u00f3s\u00edt\u00e1s\u00e1r\u00f3l sz\u00f3l\u00f3 t\u00f6rv\u00e9ny (ZUNEO)<\/li><li>Az \u00e1ltal\u00e1nos k\u00f6zigazgat\u00e1si elj\u00e1r\u00e1sr\u00f3l sz\u00f3l\u00f3 t\u00f6rv\u00e9ny (ZUP)<\/li><li>A fel\u00fcgyel\u0151s\u00e9gi ellen\u0151rz\u00e9sr\u0151l sz\u00f3l\u00f3 t\u00f6rv\u00e9ny (ZIN)<\/li><\/ul><p><strong>RENDELET<\/strong><\/p><ul><li>Rendelet az Eur\u00f3pai Uni\u00f3 munkav\u00e1llal\u00f3it \u00e9s csal\u00e1dtagjaikat megillet\u0151 jogok gyakorl\u00e1s\u00e1t el\u0151seg\u00edt\u0151 int\u00e9zked\u00e9sekr\u0151l<\/li><\/ul><p><strong>EGY\u00c9B T\u00d6RV\u00c9NYEK<\/strong><\/p><ul><li>A n\u0151k \u00e9s f\u00e9rfiak k\u00f6z\u00f6tti es\u00e9lyegyenl\u0151s\u00e9gr\u0151l sz\u00f3l\u00f3 t\u00f6rv\u00e9ny (ZEM\u017dM)<\/li><li>A munkaviszonyokr\u00f3l sz\u00f3l\u00f3 t\u00f6rv\u00e9ny (ZDR-1)<\/li><li>A fogyat\u00e9koss\u00e1ggal \u00e9l\u0151 szem\u00e9lyek foglalkoztat\u00e1si rehabilit\u00e1ci\u00f3j\u00e1r\u00f3l \u00e9s foglalkoztat\u00e1s\u00e1r\u00f3l sz\u00f3l\u00f3 t\u00f6rv\u00e9ny (ZZRZI)<\/li><li>A fogyat\u00e9koss\u00e1ggal \u00e9l\u0151k es\u00e9lyegyenl\u0151s\u00e9g\u00e9r\u0151l sz\u00f3l\u00f3 t\u00f6rv\u00e9ny (ZIMI)<\/li><li>Fogyaszt\u00f3v\u00e9delmi t\u00f6rv\u00e9ny (ZVPot)<\/li><li>A k\u00f6zrend \u00e9s a b\u00e9ke v\u00e9delm\u00e9r\u0151l sz\u00f3l\u00f3 t\u00f6rv\u00e9ny (ZJRM-1)<\/li><li>B\u00fcntet\u0151 T\u00f6rv\u00e9nyk\u00f6nyv (KZ-1)<\/li><li>A nemzetgy\u0171l\u00e9si v\u00e1laszt\u00e1sokr\u00f3l sz\u00f3l\u00f3 t\u00f6rv\u00e9ny (ZVDZ)<\/li><li>A n\u00e9pszavaz\u00e1sr\u00f3l \u00e9s n\u00e9pi iniciat\u00edv\u00e1kr\u00f3l sz\u00f3l\u00f3 t\u00f6rv\u00e9ny (ZRLI)<\/li><li>A szlov\u00e9n jelnyelv haszn\u00e1lat\u00e1r\u00f3l sz\u00f3l\u00f3 t\u00f6rv\u00e9ny (ZUSZJ)<\/li><li>A Szlov\u00e9n K\u00f6zt\u00e1rsas\u00e1g roma k\u00f6z\u00f6ss\u00e9g\u00e9r\u0151l sz\u00f3l\u00f3 t\u00f6rv\u00e9ny (ZRomS-1)<\/li><\/ul>\t\t\t\t\t\t\t\t<\/div>\n\t\t\t\t<\/div>\n\t\t\t\t\t<\/div>\n\t\t<\/div>\n\t\t\t\t\t<\/div>\n\t\t<\/section>\n\t\t\t\t<\/div>\n\t\t","protected":false},"excerpt":{"rendered":"<p>JOGSZAB\u00c1LYOK NEMZETI ALAPOK A SZK ALKOTM\u00c1NYA A Szlov\u00e9n K\u00f6zt\u00e1rsas\u00e1g alkotm\u00e1nya T\u00d6RV\u00c9NYEK A diszkrimin\u00e1ci\u00f3 elleni v\u00e9delemr\u0151l sz\u00f3l\u00f3 t\u00f6rv\u00e9ny (ZVarD) Az egyenl\u0151 b\u00e1n\u00e1sm\u00f3d elv\u00e9nek megval\u00f3s\u00edt\u00e1s\u00e1r\u00f3l sz\u00f3l\u00f3 t\u00f6rv\u00e9ny (ZUNEO) Az \u00e1ltal\u00e1nos k\u00f6zigazgat\u00e1si elj\u00e1r\u00e1sr\u00f3l sz\u00f3l\u00f3 t\u00f6rv\u00e9ny (ZUP) A fel\u00fcgyel\u0151s\u00e9gi ellen\u0151rz\u00e9sr\u0151l sz\u00f3l\u00f3 t\u00f6rv\u00e9ny (ZIN) RENDELET Rendelet az Eur\u00f3pai Uni\u00f3 munkav\u00e1llal\u00f3it \u00e9s csal\u00e1dtagjaikat megillet\u0151 jogok gyakorl\u00e1s\u00e1t el\u0151seg\u00edt\u0151 int\u00e9zked\u00e9sekr\u0151l EGY\u00c9B T\u00d6RV\u00c9NYEK A [&hellip;]<\/p>\n","protected":false},"author":2,"featured_media":0,"parent":0,"menu_order":0,"comment_status":"closed","ping_status":"closed","template":"","meta":{"footnotes":""},"class_list":["post-27361","page","type-page","status-publish","hentry"],"_links":{"self":[{"href":"https:\/\/zagovornik.si\/hu\/wp-json\/wp\/v2\/pages\/27361","targetHints":{"allow":["GET"]}}],"collection":[{"href":"https:\/\/zagovornik.si\/hu\/wp-json\/wp\/v2\/pages"}],"about":[{"href":"https:\/\/zagovornik.si\/hu\/wp-json\/wp\/v2\/types\/page"}],"author":[{"embeddable":true,"href":"https:\/\/zagovornik.si\/hu\/wp-json\/wp\/v2\/users\/2"}],"replies":[{"embeddable":true,"href":"https:\/\/zagovornik.si\/hu\/wp-json\/wp\/v2\/comments?post=27361"}],"version-history":[{"count":0,"href":"https:\/\/zagovornik.si\/hu\/wp-json\/wp\/v2\/pages\/27361\/revisions"}],"wp:attachment":[{"href":"https:\/\/zagovornik.si\/hu\/wp-json\/wp\/v2\/media?parent=27361"}],"curies":[{"name":"wp","href":"https:\/\/api.w.org\/{rel}","templated":true}]}}