{"id":27345,"date":"2024-04-10T13:18:46","date_gmt":"2024-04-10T13:18:46","guid":{"rendered":"https:\/\/zagovornik.si\/?page_id=27345"},"modified":"2024-04-10T13:37:41","modified_gmt":"2024-04-10T13:37:41","slug":"a-diszkriminacio-teruletei","status":"publish","type":"page","link":"https:\/\/zagovornik.si\/hu\/a-diszkriminacio-teruletei\/","title":{"rendered":"A DISZKRIMIN\u00c1CI\u00d3 TER\u00dcLETEI"},"content":{"rendered":"\t\t<div data-elementor-type=\"wp-page\" data-elementor-id=\"27345\" class=\"elementor elementor-27345\" data-elementor-post-type=\"page\">\n\t\t\t\t\t\t<section class=\"elementor-section elementor-top-section elementor-element elementor-element-92dbaf9 elementor-section-boxed elementor-section-height-default elementor-section-height-default\" data-id=\"92dbaf9\" data-element_type=\"section\" data-e-type=\"section\" data-settings=\"{&quot;jet_parallax_layout_list&quot;:[]}\">\n\t\t\t\t\t\t<div class=\"elementor-container elementor-column-gap-default\">\n\t\t\t\t\t<div class=\"elementor-column elementor-col-100 elementor-top-column elementor-element elementor-element-36319b1\" data-id=\"36319b1\" data-element_type=\"column\" data-e-type=\"column\">\n\t\t\t<div class=\"elementor-widget-wrap elementor-element-populated\">\n\t\t\t\t\t\t<div class=\"elementor-element elementor-element-3b3a4e8 elementor-widget elementor-widget-heading\" data-id=\"3b3a4e8\" data-element_type=\"widget\" data-e-type=\"widget\" data-widget_type=\"heading.default\">\n\t\t\t\t<div class=\"elementor-widget-container\">\n\t\t\t\t\t<h2 class=\"elementor-heading-title elementor-size-default\">A DISZKRIMIN\u00c1CI\u00d3 TER\u00dcLETEI<\/h2>\t\t\t\t<\/div>\n\t\t\t\t<\/div>\n\t\t\t\t<div class=\"elementor-element elementor-element-9f51597 elementor-widget elementor-widget-jet-accordion\" data-id=\"9f51597\" data-element_type=\"widget\" data-e-type=\"widget\" data-widget_type=\"jet-accordion.default\">\n\t\t\t\t<div class=\"elementor-widget-container\">\n\t\t\t\t\t\t\t\t\t<div class=\"jet-accordion\" data-settings=\"{&quot;collapsible&quot;:false,&quot;ajaxTemplate&quot;:false,&quot;switchScrolling&quot;:false,&quot;switchScrollingOffset&quot;:0,&quot;switchScrollingDelay&quot;:500}\">\n\t\t\t<div class=\"jet-accordion__inner\">\n\t\t\t\t<div class=\" jet-accordion__item jet-toggle jet-toggle-move-up-effect \">\n\t\t\t\t\t\t\t<div id=\"jet-toggle-control-1671\" class=\"jet-toggle__control elementor-menu-anchor\" data-toggle=\"1\" role=\"button\" tabindex=\"0\" aria-controls=\"jet-toggle-content-1671\" aria-expanded=\"false\" data-template-id=\"false\">\n\t\t\t\t\t\t\t\t<div class=\"jet-toggle__label-icon jet-toggle-icon-position-right\"><span class=\"jet-toggle__icon icon-normal jet-tabs-icon\"><i class=\"fas fa-chevron-right\"><\/i><\/span><span class=\"jet-toggle__icon icon-active jet-tabs-icon\"><i class=\"fas fa-chevron-down\"><\/i><\/span><\/div><div class=\"jet-toggle__label-text\">MUNKAV\u00c1LLAL\u00c1SHOZ VAL\u00d3 HOZZ\u00c1F\u00c9R\u00c9S<\/div>\t\t\t\t\t\t\t<\/div>\n\t\t\t\t\t\t\t<div id=\"jet-toggle-content-1671\" class=\"jet-toggle__content\" data-toggle=\"1\" role=\"region\" data-template-id=\"false\">\n\t\t\t\t\t\t\t\t<div class=\"jet-toggle__content-inner\"><p>A diszkrimin\u00e1ci\u00f3 elleni v\u00e9delemr\u0151l sz\u00f3l\u00f3 t\u00f6rv\u00e9ny k\u00f6telezi az \u00e1llami \u00e9s mag\u00e1nszektorbeli szervezeteket \u00e9s term\u00e9szetes szem\u00e9lyeket, hogy biztos\u00edts\u00e1k a diszkrimin\u00e1ci\u00f3val szembeni v\u00e9delmet \u00e9s az egyenl\u0151 b\u00e1n\u00e1sm\u00f3dot minden szem\u00e9ly sz\u00e1m\u00e1ra a harmadik felekkel kapcsolatos tev\u00e9kenys\u00e9g\u00fck \u00e9s b\u00e1n\u00e1sm\u00f3djuk sor\u00e1n, bele\u00e9rtve <strong>a munkav\u00e1llal\u00e1shoz, az \u00f6nfoglalkoztat\u00e1shoz \u00e9s a foglalkoz\u00e1shoz val\u00f3 hozz\u00e1f\u00e9r\u00e9s felt\u00e9teleit, t\u00f6bbek k\u00f6z\u00f6tt a kiv\u00e1laszt\u00e1si krit\u00e9riumokat \u00e9s a foglalkoztat\u00e1si felt\u00e9teleket, a tev\u00e9kenys\u00e9g t\u00edpus\u00e1t\u00f3l f\u00fcggetlen\u00fcl \u00e9s a szakmai hierarchia minden szintj\u00e9n, bele\u00e9rtve az el\u0151l\u00e9ptet\u00e9st is.<\/strong><\/p><ul><li><strong>P\u00e9lda:<\/strong> Egy egyed\u00fcl\u00e1ll\u00f3 anya azon az alapon nem kap lehet\u0151s\u00e9get az el\u0151l\u00e9ptet\u00e9sre, hogy az \u00faj munkahely 100%-os munkahelyi jelenl\u00e9tet ig\u00e9nyelne, \u00e9s ezt a gyermekgondoz\u00e1s okozta ism\u00e9tl\u0151d\u0151 t\u00e1voll\u00e9te miatt nem tudn\u00e1 megtenni.<\/li><\/ul><\/div>\n\t\t\t\t\t\t\t<\/div>\n\t\t\t\t\t\t<\/div><div class=\" jet-accordion__item jet-toggle jet-toggle-move-up-effect \">\n\t\t\t\t\t\t\t<div id=\"jet-toggle-control-1672\" class=\"jet-toggle__control elementor-menu-anchor\" data-toggle=\"2\" role=\"button\" tabindex=\"0\" aria-controls=\"jet-toggle-content-1672\" aria-expanded=\"false\" data-template-id=\"false\">\n\t\t\t\t\t\t\t\t<div class=\"jet-toggle__label-icon jet-toggle-icon-position-right\"><span class=\"jet-toggle__icon icon-normal jet-tabs-icon\"><i class=\"fas fa-chevron-right\"><\/i><\/span><span class=\"jet-toggle__icon icon-active jet-tabs-icon\"><i class=\"fas fa-chevron-down\"><\/i><\/span><\/div><div class=\"jet-toggle__label-text\">HOZZ\u00c1F\u00c9R\u00c9S A P\u00c1LYAORIENT\u00c1CI\u00d3 MINDEN FORM\u00c1J\u00c1HOZ \u00c9S MINDEN SZINTJ\u00c9HEZ<\/div>\t\t\t\t\t\t\t<\/div>\n\t\t\t\t\t\t\t<div id=\"jet-toggle-content-1672\" class=\"jet-toggle__content\" data-toggle=\"2\" role=\"region\" data-template-id=\"false\">\n\t\t\t\t\t\t\t\t<div class=\"jet-toggle__content-inner\"><p>A diszkrimin\u00e1ci\u00f3 elleni v\u00e9delemr\u0151l sz\u00f3l\u00f3 t\u00f6rv\u00e9ny k\u00f6telezi az \u00e1llami \u00e9s mag\u00e1nszektorbeli szervezeteket \u00e9s term\u00e9szetes szem\u00e9lyeket, hogy biztos\u00edts\u00e1k a diszkrimin\u00e1ci\u00f3val szembeni v\u00e9delmet \u00e9s az egyenl\u0151 b\u00e1n\u00e1sm\u00f3dot minden szem\u00e9ly sz\u00e1m\u00e1ra a harmadik felekkel kapcsolatos tev\u00e9kenys\u00e9g\u00fck \u00e9s b\u00e1n\u00e1sm\u00f3djuk sor\u00e1n<strong>, bele\u00e9rtve a p\u00e1lyaorient\u00e1ci\u00f3 \u00e9s p\u00e1lyav\u00e1laszt\u00e1si tan\u00e1csad\u00e1s minden form\u00e1j\u00e1hoz \u00e9s minden szintj\u00e9hez val\u00f3 hozz\u00e1f\u00e9r\u00e9st, a szakmai oktat\u00e1st \u00e9s k\u00e9pz\u00e9st, a tov\u00e1bbk\u00e9pz\u00e9st \u00e9s \u00e1tk\u00e9pz\u00e9st, t\u00f6bbek k\u00f6z\u00f6tt a szakmai gyakorlatot is.<\/strong><\/p><ul><li><strong>P\u00e9lda:<\/strong>Fogyat\u00e9koss\u00e1ga miatt a munkav\u00e1llal\u00f3t nem utalj\u00e1k szakmai k\u00e9pz\u00e9sre egy olyan \u00e9p\u00fcletbe, amely nem rendelkezik megfelel\u0151 hozz\u00e1f\u00e9r\u00e9ssel a fogyat\u00e9koss\u00e1ggal \u00e9l\u0151k sz\u00e1m\u00e1ra, mivel a munk\u00e1ltat\u00f3 \u00fagy v\u00e9li, hogy azok a kiigaz\u00edt\u00e1sok, amelyek lehet\u0151v\u00e9 tenn\u00e9k a munkav\u00e1llal\u00f3 sz\u00e1m\u00e1ra a k\u00e9pz\u00e9sen val\u00f3 r\u00e9szv\u00e9tel, t\u00fals\u00e1gosan leterheln\u00e9k a v\u00e1llalatot.<\/li><\/ul><\/div>\n\t\t\t\t\t\t\t<\/div>\n\t\t\t\t\t\t<\/div><div class=\" jet-accordion__item jet-toggle jet-toggle-move-up-effect \">\n\t\t\t\t\t\t\t<div id=\"jet-toggle-control-1673\" class=\"jet-toggle__control elementor-menu-anchor\" data-toggle=\"3\" role=\"button\" tabindex=\"0\" aria-controls=\"jet-toggle-content-1673\" aria-expanded=\"false\" data-template-id=\"false\">\n\t\t\t\t\t\t\t\t<div class=\"jet-toggle__label-icon jet-toggle-icon-position-right\"><span class=\"jet-toggle__icon icon-normal jet-tabs-icon\"><i class=\"fas fa-chevron-right\"><\/i><\/span><span class=\"jet-toggle__icon icon-active jet-tabs-icon\"><i class=\"fas fa-chevron-down\"><\/i><\/span><\/div><div class=\"jet-toggle__label-text\">FOGLALKOZTAT\u00c1SI \u00c9S MUNKAFELT\u00c9TELEK<\/div>\t\t\t\t\t\t\t<\/div>\n\t\t\t\t\t\t\t<div id=\"jet-toggle-content-1673\" class=\"jet-toggle__content\" data-toggle=\"3\" role=\"region\" data-template-id=\"false\">\n\t\t\t\t\t\t\t\t<div class=\"jet-toggle__content-inner\"><p>A diszkrimin\u00e1ci\u00f3 elleni v\u00e9delemr\u0151l sz\u00f3l\u00f3 t\u00f6rv\u00e9ny k\u00f6telezi az \u00e1llami \u00e9s mag\u00e1nszektorbeli szervezeteket \u00e9s term\u00e9szetes szem\u00e9lyeket, hogy biztos\u00edts\u00e1k a diszkrimin\u00e1ci\u00f3val szembeni v\u00e9delmet vagy az egyenl\u0151 b\u00e1n\u00e1sm\u00f3dot minden szem\u00e9ly sz\u00e1m\u00e1ra a harmadik felekkel kapcsolatos tev\u00e9kenys\u00e9g\u00fck vagy magatart\u00e1suk sor\u00e1n, bele\u00e9rtve <strong>a foglalkoztat\u00e1si \u00e9s munkafelt\u00e9teleket, t\u00f6bbek k\u00f6z\u00f6tt a munkaszerz\u0151d\u00e9sek \u00e9s a fizet\u00e9sek megsz\u00fcntet\u00e9s\u00e9t is.<\/strong><\/p><ul><li><strong>P\u00e9lda:<\/strong>Egy mag\u00e1nv\u00e1llalat politik\u00e1ja az, hogy ugyanaz\u00e9rt a munk\u00e1\u00e9rt a f\u00e9rfiaknak magasabb b\u00e9rt fizet, mint a n\u0151knek.<\/li><\/ul><\/div>\n\t\t\t\t\t\t\t<\/div>\n\t\t\t\t\t\t<\/div><div class=\" jet-accordion__item jet-toggle jet-toggle-move-up-effect \">\n\t\t\t\t\t\t\t<div id=\"jet-toggle-control-1674\" class=\"jet-toggle__control elementor-menu-anchor\" data-toggle=\"4\" role=\"button\" tabindex=\"0\" aria-controls=\"jet-toggle-content-1674\" aria-expanded=\"false\" data-template-id=\"false\">\n\t\t\t\t\t\t\t\t<div class=\"jet-toggle__label-icon jet-toggle-icon-position-right\"><span class=\"jet-toggle__icon icon-normal jet-tabs-icon\"><i class=\"fas fa-chevron-right\"><\/i><\/span><span class=\"jet-toggle__icon icon-active jet-tabs-icon\"><i class=\"fas fa-chevron-down\"><\/i><\/span><\/div><div class=\"jet-toggle__label-text\">SZAKSZERVEZETI \u00c9S MUNK\u00c1LTAT\u00d3I SZERVEZETI TAGS\u00c1G \u00c9S R\u00c9SZV\u00c9TEL<\/div>\t\t\t\t\t\t\t<\/div>\n\t\t\t\t\t\t\t<div id=\"jet-toggle-content-1674\" class=\"jet-toggle__content\" data-toggle=\"4\" role=\"region\" data-template-id=\"false\">\n\t\t\t\t\t\t\t\t<div class=\"jet-toggle__content-inner\"><p>A diszkrimin\u00e1ci\u00f3 elleni v\u00e9delemr\u0151l sz\u00f3l\u00f3 t\u00f6rv\u00e9ny k\u00f6telezi az \u00e1llami \u00e9s mag\u00e1nszektorbeli szervezeteket \u00e9s term\u00e9szetes szem\u00e9lyeket, hogy biztos\u00edts\u00e1k a diszkrimin\u00e1ci\u00f3val szembeni v\u00e9delmet vagy az egyenl\u0151 b\u00e1n\u00e1sm\u00f3dot minden szem\u00e9ly sz\u00e1m\u00e1ra a harmadik felekkel kapcsolatos tev\u00e9kenys\u00e9g\u00fck vagy magatart\u00e1suk sor\u00e1n, bele\u00e9rtve <strong>a szakszervezetben vagy munk\u00e1ltat\u00f3k szervezet\u00e9ben vagy b\u00e1rmely olyan szervezetben val\u00f3 tags\u00e1got \u00e9s r\u00e9szv\u00e9telt, amelynek tagjai egy adott szakm\u00e1val foglalkoznak, bele\u00e9rtve az ilyen szervezetek \u00e1ltal ny\u00fajtott el\u0151ny\u00f6ket is.<\/strong><\/p><ul><li><strong>P\u00e9lda<\/strong>: A kollekt\u00edv szerz\u0151d\u00e9sben olyan szab\u00e1lyoz\u00e1s szerepel, amely szerint csak a szakszervezeti tagokat illeti meg a kieg\u00e9sz\u00edt\u0151 egy nap szabads\u00e1g.<\/li><\/ul><\/div>\n\t\t\t\t\t\t\t<\/div>\n\t\t\t\t\t\t<\/div><div class=\" jet-accordion__item jet-toggle jet-toggle-move-up-effect \">\n\t\t\t\t\t\t\t<div id=\"jet-toggle-control-1675\" class=\"jet-toggle__control elementor-menu-anchor\" data-toggle=\"5\" role=\"button\" tabindex=\"0\" aria-controls=\"jet-toggle-content-1675\" aria-expanded=\"false\" data-template-id=\"false\">\n\t\t\t\t\t\t\t\t<div class=\"jet-toggle__label-icon jet-toggle-icon-position-right\"><span class=\"jet-toggle__icon icon-normal jet-tabs-icon\"><i class=\"fas fa-chevron-right\"><\/i><\/span><span class=\"jet-toggle__icon icon-active jet-tabs-icon\"><i class=\"fas fa-chevron-down\"><\/i><\/span><\/div><div class=\"jet-toggle__label-text\">SZOCI\u00c1LIS V\u00c9DELEM<\/div>\t\t\t\t\t\t\t<\/div>\n\t\t\t\t\t\t\t<div id=\"jet-toggle-content-1675\" class=\"jet-toggle__content\" data-toggle=\"5\" role=\"region\" data-template-id=\"false\">\n\t\t\t\t\t\t\t\t<div class=\"jet-toggle__content-inner\"><p>A diszkrimin\u00e1ci\u00f3 elleni v\u00e9delemr\u0151l sz\u00f3l\u00f3 t\u00f6rv\u00e9ny k\u00f6telezi az \u00e1llami \u00e9s mag\u00e1nszektorbeli szervezeteket \u00e9s term\u00e9szetes szem\u00e9lyeket, hogy biztos\u00edts\u00e1k a diszkrimin\u00e1ci\u00f3val szembeni v\u00e9delmet vagy az egyenl\u0151 b\u00e1n\u00e1sm\u00f3dot minden szem\u00e9ly sz\u00e1m\u00e1ra a harmadik felekkel kapcsolatos tev\u00e9kenys\u00e9g\u00fck vagy magatart\u00e1suk sor\u00e1n, <strong>bele\u00e9rtve a szoci\u00e1lis v\u00e9delmet, a szoci\u00e1lis biztons\u00e1got \u00e9s az eg\u00e9szs\u00e9g\u00fcgyi ell\u00e1t\u00e1st.<\/strong><\/p><ul><li><strong>P\u00e9lda:<\/strong>HIV-fert\u0151z\u00f6tt p\u00e1ciens fog\u00e1szati ell\u00e1t\u00e1s\u00e1nak megtagad\u00e1sa.<\/li><\/ul><\/div>\n\t\t\t\t\t\t\t<\/div>\n\t\t\t\t\t\t<\/div><div class=\" jet-accordion__item jet-toggle jet-toggle-move-up-effect \">\n\t\t\t\t\t\t\t<div id=\"jet-toggle-control-1676\" class=\"jet-toggle__control elementor-menu-anchor\" data-toggle=\"6\" role=\"button\" tabindex=\"0\" aria-controls=\"jet-toggle-content-1676\" aria-expanded=\"false\" data-template-id=\"false\">\n\t\t\t\t\t\t\t\t<div class=\"jet-toggle__label-icon jet-toggle-icon-position-right\"><span class=\"jet-toggle__icon icon-normal jet-tabs-icon\"><i class=\"fas fa-chevron-right\"><\/i><\/span><span class=\"jet-toggle__icon icon-active jet-tabs-icon\"><i class=\"fas fa-chevron-down\"><\/i><\/span><\/div><div class=\"jet-toggle__label-text\">SZOCI\u00c1LIS JUTTAT\u00c1SOK<\/div>\t\t\t\t\t\t\t<\/div>\n\t\t\t\t\t\t\t<div id=\"jet-toggle-content-1676\" class=\"jet-toggle__content\" data-toggle=\"6\" role=\"region\" data-template-id=\"false\">\n\t\t\t\t\t\t\t\t<div class=\"jet-toggle__content-inner\"><p>A diszkrimin\u00e1ci\u00f3 elleni v\u00e9delemr\u0151l sz\u00f3l\u00f3 t\u00f6rv\u00e9ny k\u00f6telezi az \u00e1llami \u00e9s mag\u00e1nszektorbeli szervezeteket \u00e9s term\u00e9szetes szem\u00e9lyeket, hogy biztos\u00edts\u00e1k a diszkrimin\u00e1ci\u00f3val szembeni v\u00e9delmet vagy az egyenl\u0151 b\u00e1n\u00e1sm\u00f3dot minden szem\u00e9ly sz\u00e1m\u00e1ra a harmadik felekkel kapcsolatos tev\u00e9kenys\u00e9g\u00fck vagy magatart\u00e1suk sor\u00e1n, <strong>bele\u00e9rtve a szoci\u00e1lis juttat\u00e1sokat.<\/strong><\/p><ul><li><strong>P\u00e9lda:<\/strong> A nonprofit lak\u00e1sokra ki\u00edrt p\u00e1ly\u00e1zattal kapcsolatban az \u00f6nkorm\u00e1nyzat olyan krit\u00e9riumokat fogalmaz meg, amelyek szerint a fiatal csal\u00e1dok ne p\u00e1ly\u00e1zhatnak.<\/li><\/ul><\/div>\n\t\t\t\t\t\t\t<\/div>\n\t\t\t\t\t\t<\/div><div class=\" jet-accordion__item jet-toggle jet-toggle-move-up-effect \">\n\t\t\t\t\t\t\t<div id=\"jet-toggle-control-1677\" class=\"jet-toggle__control elementor-menu-anchor\" data-toggle=\"7\" role=\"button\" tabindex=\"0\" aria-controls=\"jet-toggle-content-1677\" aria-expanded=\"false\" data-template-id=\"false\">\n\t\t\t\t\t\t\t\t<div class=\"jet-toggle__label-icon jet-toggle-icon-position-right\"><span class=\"jet-toggle__icon icon-normal jet-tabs-icon\"><i class=\"fas fa-chevron-right\"><\/i><\/span><span class=\"jet-toggle__icon icon-active jet-tabs-icon\"><i class=\"fas fa-chevron-down\"><\/i><\/span><\/div><div class=\"jet-toggle__label-text\">NEVEL\u00c9S \u00c9S OKTAT\u00c1S<\/div>\t\t\t\t\t\t\t<\/div>\n\t\t\t\t\t\t\t<div id=\"jet-toggle-content-1677\" class=\"jet-toggle__content\" data-toggle=\"7\" role=\"region\" data-template-id=\"false\">\n\t\t\t\t\t\t\t\t<div class=\"jet-toggle__content-inner\"><p>A diszkrimin\u00e1ci\u00f3 elleni v\u00e9delemr\u0151l sz\u00f3l\u00f3 t\u00f6rv\u00e9ny k\u00f6telezi az \u00e1llami \u00e9s mag\u00e1nszektorbeli szervezeteket \u00e9s term\u00e9szetes szem\u00e9lyeket, hogy biztos\u00edts\u00e1k a diszkrimin\u00e1ci\u00f3val szembeni v\u00e9delmet vagy az egyenl\u0151 b\u00e1n\u00e1sm\u00f3dot minden szem\u00e9ly sz\u00e1m\u00e1ra a harmadik felekkel kapcsolatos tev\u00e9kenys\u00e9g\u00fck vagy magatart\u00e1suk sor\u00e1n, <strong>bele\u00e9rtve a nevel\u00e9st \u00e9s az oktat\u00e1st is.<\/strong><\/p><ul><li><strong>P\u00e9lda:<\/strong>Roma gyermekek m\u00e1s gyermekekt\u0151l elk\u00fcl\u00f6n\u00edtve t\u00f6rt\u00e9n\u0151 tan\u00edt\u00e1sa.<\/li><\/ul><\/div>\n\t\t\t\t\t\t\t<\/div>\n\t\t\t\t\t\t<\/div><div class=\" jet-accordion__item jet-toggle jet-toggle-move-up-effect \">\n\t\t\t\t\t\t\t<div id=\"jet-toggle-control-1678\" class=\"jet-toggle__control elementor-menu-anchor\" data-toggle=\"8\" role=\"button\" tabindex=\"0\" aria-controls=\"jet-toggle-content-1678\" aria-expanded=\"false\" data-template-id=\"false\">\n\t\t\t\t\t\t\t\t<div class=\"jet-toggle__label-icon jet-toggle-icon-position-right\"><span class=\"jet-toggle__icon icon-normal jet-tabs-icon\"><i class=\"fas fa-chevron-right\"><\/i><\/span><span class=\"jet-toggle__icon icon-active jet-tabs-icon\"><i class=\"fas fa-chevron-down\"><\/i><\/span><\/div><div class=\"jet-toggle__label-text\">HOZZ\u00c1F\u00c9R\u00c9S AZ \u00c1RUKHOZ \u00c9S SZOLG\u00c1LTAT\u00c1SOKHOZ<\/div>\t\t\t\t\t\t\t<\/div>\n\t\t\t\t\t\t\t<div id=\"jet-toggle-content-1678\" class=\"jet-toggle__content\" data-toggle=\"8\" role=\"region\" data-template-id=\"false\">\n\t\t\t\t\t\t\t\t<div class=\"jet-toggle__content-inner\"><p>A diszkrimin\u00e1ci\u00f3 elleni v\u00e9delemr\u0151l sz\u00f3l\u00f3 t\u00f6rv\u00e9ny k\u00f6telezi az \u00e1llami \u00e9s mag\u00e1nszektorbeli szervezeteket \u00e9s term\u00e9szetes szem\u00e9lyeket, hogy biztos\u00edts\u00e1k a diszkrimin\u00e1ci\u00f3val szembeni v\u00e9delmet vagy az egyenl\u0151 b\u00e1n\u00e1sm\u00f3dot minden szem\u00e9ly sz\u00e1m\u00e1ra a harmadik felekkel kapcsolatos tev\u00e9kenys\u00e9g\u00fck vagy magatart\u00e1suk sor\u00e1n, bele\u00e9rtve<\/p><p>a nyilv\u00e1noss\u00e1g sz\u00e1m\u00e1ra el\u00e9rhet\u0151 \u00e1rukhoz \u00e9s szolg\u00e1ltat\u00e1sokhoz val\u00f3 hozz\u00e1f\u00e9r\u00e9st, t\u00f6bbek k\u00f6z\u00f6tt a lak\u00e1sokat \u00e9s a lak\u00e1sell\u00e1t\u00e1st.<\/p><ul><li><strong>P\u00e9lda:<\/strong> A k\u00e1belszolg\u00e1ltat\u00f3 nem akar szerz\u0151d\u00e9ses kapcsolatba l\u00e9pni a roma k\u00f6z\u00f6ss\u00e9g tagj\u00e1val, mivel becsl\u00e9se szerint nem lesz k\u00e9pes rendszeresen fizetni a szolg\u00e1ltat\u00e1sok\u00e9rt.<\/li><\/ul><\/div>\n\t\t\t\t\t\t\t<\/div>\n\t\t\t\t\t\t<\/div>\t\t\t<\/div>\n\t\t<\/div>\n\t\t\t\t\t\t<\/div>\n\t\t\t\t<\/div>\n\t\t\t\t\t<\/div>\n\t\t<\/div>\n\t\t\t\t\t<\/div>\n\t\t<\/section>\n\t\t\t\t<\/div>\n\t\t","protected":false},"excerpt":{"rendered":"<p>A DISZKRIMIN\u00c1CI\u00d3 TER\u00dcLETEI MUNKAV\u00c1LLAL\u00c1SHOZ VAL\u00d3 HOZZ\u00c1F\u00c9R\u00c9S A diszkrimin\u00e1ci\u00f3 elleni v\u00e9delemr\u0151l sz\u00f3l\u00f3 t\u00f6rv\u00e9ny k\u00f6telezi az \u00e1llami \u00e9s mag\u00e1nszektorbeli szervezeteket \u00e9s term\u00e9szetes szem\u00e9lyeket, hogy biztos\u00edts\u00e1k a diszkrimin\u00e1ci\u00f3val szembeni v\u00e9delmet \u00e9s az egyenl\u0151 b\u00e1n\u00e1sm\u00f3dot minden szem\u00e9ly sz\u00e1m\u00e1ra a harmadik felekkel kapcsolatos tev\u00e9kenys\u00e9g\u00fck \u00e9s b\u00e1n\u00e1sm\u00f3djuk sor\u00e1n, bele\u00e9rtve a munkav\u00e1llal\u00e1shoz, az \u00f6nfoglalkoztat\u00e1shoz \u00e9s a foglalkoz\u00e1shoz val\u00f3 hozz\u00e1f\u00e9r\u00e9s felt\u00e9teleit, t\u00f6bbek k\u00f6z\u00f6tt [&hellip;]<\/p>\n","protected":false},"author":2,"featured_media":0,"parent":0,"menu_order":0,"comment_status":"closed","ping_status":"closed","template":"","meta":{"footnotes":""},"class_list":["post-27345","page","type-page","status-publish","hentry"],"_links":{"self":[{"href":"https:\/\/zagovornik.si\/hu\/wp-json\/wp\/v2\/pages\/27345","targetHints":{"allow":["GET"]}}],"collection":[{"href":"https:\/\/zagovornik.si\/hu\/wp-json\/wp\/v2\/pages"}],"about":[{"href":"https:\/\/zagovornik.si\/hu\/wp-json\/wp\/v2\/types\/page"}],"author":[{"embeddable":true,"href":"https:\/\/zagovornik.si\/hu\/wp-json\/wp\/v2\/users\/2"}],"replies":[{"embeddable":true,"href":"https:\/\/zagovornik.si\/hu\/wp-json\/wp\/v2\/comments?post=27345"}],"version-history":[{"count":0,"href":"https:\/\/zagovornik.si\/hu\/wp-json\/wp\/v2\/pages\/27345\/revisions"}],"wp:attachment":[{"href":"https:\/\/zagovornik.si\/hu\/wp-json\/wp\/v2\/media?parent=27345"}],"curies":[{"name":"wp","href":"https:\/\/api.w.org\/{rel}","templated":true}]}}