{"id":24462,"date":"2023-12-29T13:45:37","date_gmt":"2023-12-29T13:45:37","guid":{"rendered":"https:\/\/zagovornik.si\/?page_id=24462"},"modified":"2023-12-29T13:50:52","modified_gmt":"2023-12-29T13:50:52","slug":"miha-lobnik","status":"publish","type":"page","link":"https:\/\/zagovornik.si\/hu\/miha-lobnik\/","title":{"rendered":"MIHA LOBNIK"},"content":{"rendered":"\t\t<div data-elementor-type=\"wp-page\" data-elementor-id=\"24462\" class=\"elementor elementor-24462\" data-elementor-post-type=\"page\">\n\t\t\t\t\t\t<section class=\"elementor-section elementor-top-section elementor-element elementor-element-26902da elementor-section-boxed elementor-section-height-default elementor-section-height-default\" data-id=\"26902da\" data-element_type=\"section\" data-e-type=\"section\" data-settings=\"{&quot;jet_parallax_layout_list&quot;:[]}\">\n\t\t\t\t\t\t<div class=\"elementor-container elementor-column-gap-default\">\n\t\t\t\t\t<div class=\"elementor-column elementor-col-100 elementor-top-column elementor-element elementor-element-610bae3\" data-id=\"610bae3\" data-element_type=\"column\" data-e-type=\"column\">\n\t\t\t<div class=\"elementor-widget-wrap elementor-element-populated\">\n\t\t\t\t\t\t<div class=\"elementor-element elementor-element-fa739a0 elementor-widget elementor-widget-heading\" data-id=\"fa739a0\" data-element_type=\"widget\" data-e-type=\"widget\" data-widget_type=\"heading.default\">\n\t\t\t\t<div class=\"elementor-widget-container\">\n\t\t\t\t\t<h2 class=\"elementor-heading-title elementor-size-default\">MIHA LOBNIK, AZ ES\u00c9LYEGYENL\u0150S\u00c9GI BIZTOS HIVATAL\u00c1NAK VEZET\u0150JE<\/h2>\t\t\t\t<\/div>\n\t\t\t\t<\/div>\n\t\t\t\t\t<\/div>\n\t\t<\/div>\n\t\t\t\t\t<\/div>\n\t\t<\/section>\n\t\t\t\t<section class=\"elementor-section elementor-top-section elementor-element elementor-element-9960f10 elementor-section-boxed elementor-section-height-default elementor-section-height-default\" data-id=\"9960f10\" data-element_type=\"section\" data-e-type=\"section\" data-settings=\"{&quot;jet_parallax_layout_list&quot;:[]}\">\n\t\t\t\t\t\t<div class=\"elementor-container elementor-column-gap-default\">\n\t\t\t\t\t<div class=\"elementor-column elementor-col-50 elementor-top-column elementor-element elementor-element-fe42c26\" data-id=\"fe42c26\" data-element_type=\"column\" data-e-type=\"column\">\n\t\t\t<div class=\"elementor-widget-wrap elementor-element-populated\">\n\t\t\t\t\t\t<div class=\"elementor-element elementor-element-33ae41f elementor-widget elementor-widget-image\" data-id=\"33ae41f\" data-element_type=\"widget\" data-e-type=\"widget\" data-widget_type=\"image.default\">\n\t\t\t\t<div class=\"elementor-widget-container\">\n\t\t\t\t\t\t\t\t\t\t\t\t\t\t\t<img fetchpriority=\"high\" decoding=\"async\" width=\"800\" height=\"534\" src=\"https:\/\/zagovornik.si\/wp-content\/uploads\/2022\/09\/Miha-Lobnik-zagovornik-nacela-enakosti-1024x683.jpg\" class=\"attachment-large size-large wp-image-12390\" alt=\"Miha Lobnik, zagovornik na\u010dela enakosti\" srcset=\"https:\/\/zagovornik.si\/wp-content\/uploads\/2022\/09\/Miha-Lobnik-zagovornik-nacela-enakosti-1024x683.jpg 1024w, https:\/\/zagovornik.si\/wp-content\/uploads\/2022\/09\/Miha-Lobnik-zagovornik-nacela-enakosti-300x200.jpg 300w, https:\/\/zagovornik.si\/wp-content\/uploads\/2022\/09\/Miha-Lobnik-zagovornik-nacela-enakosti-768x512.jpg 768w, https:\/\/zagovornik.si\/wp-content\/uploads\/2022\/09\/Miha-Lobnik-zagovornik-nacela-enakosti-1536x1024.jpg 1536w, https:\/\/zagovornik.si\/wp-content\/uploads\/2022\/09\/Miha-Lobnik-zagovornik-nacela-enakosti-2048x1365.jpg 2048w\" sizes=\"(max-width: 800px) 100vw, 800px\" \/>\t\t\t\t\t\t\t\t\t\t\t\t\t\t\t<\/div>\n\t\t\t\t<\/div>\n\t\t\t\t\t<\/div>\n\t\t<\/div>\n\t\t\t\t<div class=\"elementor-column elementor-col-50 elementor-top-column elementor-element elementor-element-42f6837\" data-id=\"42f6837\" data-element_type=\"column\" data-e-type=\"column\">\n\t\t\t<div class=\"elementor-widget-wrap elementor-element-populated\">\n\t\t\t\t\t\t<div class=\"elementor-element elementor-element-0962410 elementor-widget elementor-widget-text-editor\" data-id=\"0962410\" data-element_type=\"widget\" data-e-type=\"widget\" data-widget_type=\"text-editor.default\">\n\t\t\t\t<div class=\"elementor-widget-container\">\n\t\t\t\t\t\t\t\t\t<p>Miha Lobnik egyetemi v\u00e9gzetts\u00e9g\u0171 szociol\u00f3gus 2016 \u00f3ta a szlov\u00e9n es\u00e9lyegyenl\u0151s\u00e9gi biztos. Abban az \u00e9vben sikeresen v\u00e9ghezvitte a diszkrimin\u00e1ci\u00f3 elleni v\u00e9delemmel foglalkoz\u00f3 \u00faj szlov\u00e9n int\u00e9zm\u00e9ny l\u00e9trehoz\u00e1s\u00e1nak folyamat\u00e1t az elfogadott diszkrimin\u00e1ci\u00f3 elleni v\u00e9delemr\u0151l sz\u00f3l\u00f3 t\u00f6rv\u00e9ny alapj\u00e1n. 2021 nyar\u00e1n a Szlov\u00e9n K\u00f6zt\u00e1rsas\u00e1g Nemzetgy\u0171l\u00e9se kiosztotta neki a m\u00e1sodik 5 \u00e9ves mand\u00e1tum\u00e1t.<\/p><p>2019 okt\u00f3bere \u00f3ta tagja az Equinetnek, az Es\u00e9lyegyenl\u0151s\u00e9gi Test\u00fcletek Eur\u00f3pai H\u00e1l\u00f3zat\u00e1nak.<\/p><p>2013 \u00e9s 2016 k\u00f6z\u00f6tt a Legebitra Inform\u00e1ci\u00f3s K\u00f6zpont Egyes\u00fclet programigazgat\u00f3ja volt. Vezette a \u201eV\u00e1lasz a HIV-re\u201d projektet, amely elnyerte az Eg\u00e9szs\u00e9g\u00fcgyi Vil\u00e1gszervezet elismer\u00e9s\u00e9t.<\/p><p>Az ILGA Europe-n\u00e1l Br\u00fcsszelben az igazgat\u00f3tan\u00e1cs tagjak\u00e9nt (2005 \u2013 2007), kor\u00e1bban pedig a Kelet-Eur\u00f3p\u00e1\u00e9rt \u00e9s az Eur\u00f3pa Tan\u00e1ccsal val\u00f3 egy\u00fcttm\u0171k\u00f6d\u00e9s\u00e9rt felel\u0151s igazgat\u00f3 helyettesek\u00e9nt (2004 \u2013 2005) tev\u00e9kenykedett.<\/p>\t\t\t\t\t\t\t\t<\/div>\n\t\t\t\t<\/div>\n\t\t\t\t\t<\/div>\n\t\t<\/div>\n\t\t\t\t\t<\/div>\n\t\t<\/section>\n\t\t\t\t<\/div>\n\t\t","protected":false},"excerpt":{"rendered":"<p>MIHA LOBNIK, AZ ES\u00c9LYEGYENL\u0150S\u00c9GI BIZTOS HIVATAL\u00c1NAK VEZET\u0150JE Miha Lobnik egyetemi v\u00e9gzetts\u00e9g\u0171 szociol\u00f3gus 2016 \u00f3ta a szlov\u00e9n es\u00e9lyegyenl\u0151s\u00e9gi biztos. Abban az \u00e9vben sikeresen v\u00e9ghezvitte a diszkrimin\u00e1ci\u00f3 elleni v\u00e9delemmel foglalkoz\u00f3 \u00faj szlov\u00e9n int\u00e9zm\u00e9ny l\u00e9trehoz\u00e1s\u00e1nak folyamat\u00e1t az elfogadott diszkrimin\u00e1ci\u00f3 elleni v\u00e9delemr\u0151l sz\u00f3l\u00f3 t\u00f6rv\u00e9ny alapj\u00e1n. 2021 nyar\u00e1n a Szlov\u00e9n K\u00f6zt\u00e1rsas\u00e1g Nemzetgy\u0171l\u00e9se kiosztotta neki a m\u00e1sodik 5 \u00e9ves mand\u00e1tum\u00e1t. 2019 [&hellip;]<\/p>\n","protected":false},"author":2,"featured_media":0,"parent":0,"menu_order":0,"comment_status":"closed","ping_status":"closed","template":"","meta":{"footnotes":""},"class_list":["post-24462","page","type-page","status-publish","hentry"],"_links":{"self":[{"href":"https:\/\/zagovornik.si\/hu\/wp-json\/wp\/v2\/pages\/24462","targetHints":{"allow":["GET"]}}],"collection":[{"href":"https:\/\/zagovornik.si\/hu\/wp-json\/wp\/v2\/pages"}],"about":[{"href":"https:\/\/zagovornik.si\/hu\/wp-json\/wp\/v2\/types\/page"}],"author":[{"embeddable":true,"href":"https:\/\/zagovornik.si\/hu\/wp-json\/wp\/v2\/users\/2"}],"replies":[{"embeddable":true,"href":"https:\/\/zagovornik.si\/hu\/wp-json\/wp\/v2\/comments?post=24462"}],"version-history":[{"count":0,"href":"https:\/\/zagovornik.si\/hu\/wp-json\/wp\/v2\/pages\/24462\/revisions"}],"wp:attachment":[{"href":"https:\/\/zagovornik.si\/hu\/wp-json\/wp\/v2\/media?parent=24462"}],"curies":[{"name":"wp","href":"https:\/\/api.w.org\/{rel}","templated":true}]}}