{"id":10694,"date":"2022-04-19T12:41:38","date_gmt":"2022-04-19T12:41:38","guid":{"rendered":"https:\/\/www.zagovornik.si\/rolunk\/useful-links\/"},"modified":"2022-08-07T19:35:58","modified_gmt":"2022-08-07T19:35:58","slug":"hasznos-linkek","status":"publish","type":"page","link":"https:\/\/zagovornik.si\/hu\/rolunk\/hasznos-linkek\/","title":{"rendered":"HASZNOS LINKEK"},"content":{"rendered":"\t\t<div data-elementor-type=\"wp-page\" data-elementor-id=\"10694\" class=\"elementor elementor-10694 elementor-650\" data-elementor-post-type=\"page\">\n\t\t\t\t\t\t<section class=\"elementor-section elementor-top-section elementor-element elementor-element-4424d88 elementor-section-boxed elementor-section-height-default elementor-section-height-default\" data-id=\"4424d88\" data-element_type=\"section\" data-e-type=\"section\" data-settings=\"{&quot;jet_parallax_layout_list&quot;:[]}\">\n\t\t\t\t\t\t<div class=\"elementor-container elementor-column-gap-default\">\n\t\t\t\t\t<div class=\"elementor-column elementor-col-100 elementor-top-column elementor-element elementor-element-5c9a5ec\" data-id=\"5c9a5ec\" data-element_type=\"column\" data-e-type=\"column\">\n\t\t\t<div class=\"elementor-widget-wrap elementor-element-populated\">\n\t\t\t\t\t\t<div class=\"elementor-element elementor-element-5e98148 elementor-widget elementor-widget-heading\" data-id=\"5e98148\" data-element_type=\"widget\" data-e-type=\"widget\" data-widget_type=\"heading.default\">\n\t\t\t\t<div class=\"elementor-widget-container\">\n\t\t\t\t\t<h1 class=\"elementor-heading-title elementor-size-default\">Hasznos linkek<\/h1>\t\t\t\t<\/div>\n\t\t\t\t<\/div>\n\t\t\t\t\t<\/div>\n\t\t<\/div>\n\t\t\t\t\t<\/div>\n\t\t<\/section>\n\t\t\t\t<section class=\"elementor-section elementor-top-section elementor-element elementor-element-265d24f elementor-section-boxed elementor-section-height-default elementor-section-height-default\" data-id=\"265d24f\" data-element_type=\"section\" data-e-type=\"section\" data-settings=\"{&quot;jet_parallax_layout_list&quot;:[]}\">\n\t\t\t\t\t\t<div class=\"elementor-container elementor-column-gap-default\">\n\t\t\t\t\t<div class=\"elementor-column elementor-col-100 elementor-top-column elementor-element elementor-element-696a658\" data-id=\"696a658\" data-element_type=\"column\" data-e-type=\"column\">\n\t\t\t<div class=\"elementor-widget-wrap elementor-element-populated\">\n\t\t\t\t\t\t<div class=\"elementor-element elementor-element-92456f5 elementor-widget elementor-widget-jet-tabs\" data-id=\"92456f5\" data-element_type=\"widget\" data-e-type=\"widget\" data-settings=\"{&quot;tabs_position&quot;:&quot;top&quot;,&quot;no_active_tabs&quot;:&quot;false&quot;}\" data-widget_type=\"jet-tabs.default\">\n\t\t\t\t<div class=\"elementor-widget-container\">\n\t\t\t\t\t\n\t\t<div class=\"jet-tabs jet-tabs-position-top jet-tabs-move-up-effect \" data-settings=\"{&quot;activeIndex&quot;:0,&quot;event&quot;:&quot;click&quot;,&quot;autoSwitch&quot;:false,&quot;autoSwitchDelay&quot;:3000,&quot;ajaxTemplate&quot;:false,&quot;tabsPosition&quot;:&quot;top&quot;,&quot;switchScrolling&quot;:false,&quot;switchScrollingOffset&quot;:0}\">\n\t\t\t\t\t\t<div class=\"jet-tabs__control-wrapper\" role=\"tablist\">\n\n                                    <div id=\"jet-tabs-control-1531\" class=\"jet-tabs__control jet-tabs__control-icon-left elementor-menu-anchor active-tab \" data-tab=\"1\" tabindex=\"0\" role=\"tab\" aria-controls=\"jet-tabs-content-1531\" aria-expanded=\"true\" data-template-id=\"false\"><div class=\"jet-tabs__control-inner\"><div class=\"jet-tabs__label-text\"> Orsz\u00e1gos int\u00e9zm\u00e9nyek<\/div><\/div><\/div><div id=\"jet-tabs-control-1532\" class=\"jet-tabs__control jet-tabs__control-icon-left elementor-menu-anchor  \" data-tab=\"2\" tabindex=\"0\" role=\"tab\" aria-controls=\"jet-tabs-content-1532\" aria-expanded=\"false\" data-template-id=\"false\"><div class=\"jet-tabs__control-inner\"><div class=\"jet-tabs__label-text\"> Nemzetk\u00f6zi int\u00e9zm\u00e9nyek<\/div><\/div><\/div>\n                    \t\t\t    <\/div>\n\t\t\t<div class=\"jet-tabs__content-wrapper\">\n\t\t\t\t<div id=\"jet-tabs-content-1531\" class=\"jet-tabs__content active-content\" data-tab=\"1\" role=\"tabpanel\" aria-hidden=\"false\" data-template-id=\"false\"><p><strong>Orsz\u00e1gos int\u00e9zm\u00e9nyek<\/strong><\/p><ul><li><a href=\"https:\/\/www.varuh-rs.si\/\" target=\"_blank\" rel=\"noopener\">Emberi jogi ombudsman<\/a><\/li><li><a href=\"https:\/\/www.ip-rs.si\/\" target=\"_blank\" rel=\"noopener\">Adatv\u00e9delmi biztos<\/a><\/li><li><a href=\"https:\/\/www.gov.si\/drzavni-organi\/ministrstva\/ministrstvo-za-delo-druzino-socialne-zadeve-in-enake-moznosti\/\" target=\"_blank\" rel=\"noopener\">Munka\u00fcgyi, Csal\u00e1d\u00fcgyi, Szoci\u00e1lis \u00e9s Es\u00e9lyegyenl\u0151s\u00e9gi Miniszt\u00e9rium<\/a><\/li><li><a href=\"https:\/\/www.gov.si\/drzavni-organi\/ministrstva\/ministrstvo-za-delo-druzino-socialne-zadeve-in-enake-moznosti\/o-ministrstvu\/sektor-za-enake-moznosti\/\" target=\"_blank\" rel=\"noopener\">Munka\u00fcgyi, Csal\u00e1d\u00fcgyi, Szoci\u00e1lis \u00e9s Es\u00e9lyegyenl\u0151s\u00e9gi Miniszt\u00e9rium Es\u00e9lyegyenl\u0151s\u00e9gi F\u0151oszt\u00e1lya<\/a><\/li><li><a href=\"https:\/\/www.gov.si\/drzavni-organi\/ministrstva\/ministrstvo-za-delo-druzino-socialne-zadeve-in-enake-moznosti\/o-ministrstvu\/direktorat-za-invalide-vojne-veterane-in-zrtve-vojnega-nasilja\/\" target=\"_blank\" rel=\"noopener\">Munka\u00fcgyi, Csal\u00e1d\u00fcgyi, Szoci\u00e1lis \u00e9s Es\u00e9lyegyenl\u0151s\u00e9gi Miniszt\u00e9riumnak a fogyat\u00e9kkal \u00e9l\u0151 szem\u00e9lyeket, h\u00e1bor\u00fas veter\u00e1nokat \u00e9s a h\u00e1bor\u00fas er\u0151szak \u00e1ldozatait seg\u00edt\u0151 f\u0151igazgat\u00f3s\u00e1ga<\/a><\/li><li><a href=\"https:\/\/www.gov.si\/zbirke\/delovna-telesa\/svet-vlade-republike-slovenije-za-dialog-o-verski-svobodi\/\" target=\"_blank\" rel=\"noopener\">Kultur\u00e1lis Miniszt\u00e9rium Egyh\u00e1zi k\u00e9rd\u00e9sekkel foglalkoz\u00f3 hivatala<\/a><\/li><li><a href=\"https:\/\/www.gov.si\/drzavni-organi\/organi-v-sestavi\/urad-za-mladino\/\" target=\"_blank\" rel=\"noopener\">Oktat\u00e1si, Tudom\u00e1nyos \u00e9s Sportminiszt\u00e9rium ifj\u00fas\u00e1g\u00fcgyi hivatala<\/a><\/li><li><a href=\"https:\/\/www.gov.si\/drzavni-organi\/vladne-sluzbe\/urad-vlade-za-slovence-v-zamejstvu-in-po-svetu\/\" target=\"_blank\" rel=\"noopener\">Szlov\u00e9n K\u00f6zt\u00e1rsas\u00e1g Nemzetis\u00e9gi Hivatala<\/a><\/li><\/ul><p>\u00a0<\/p><p>Saj\u00e1t illet\u00e9kess\u00e9gi ter\u00fclet\u00e9n h\u00e1tr\u00e1nyos megk\u00fcl\u00f6nb\u00f6ztet\u00e9s gyan\u00faj\u00e1val foglalkoz\u00f3 fel\u00fcgyel\u0151s\u00e9gek<\/p><ul><li><a href=\"https:\/\/www.gov.si\/drzavni-organi\/organi-v-sestavi\/inspektorat-za-delo\/\" target=\"_blank\" rel=\"noopener\">Munka\u00fcgyi Fel\u00fcgyel\u0151s\u00e9g<\/a><\/li><li><a href=\"https:\/\/www.gov.si\/drzavni-organi\/organi-v-sestavi\/trzni-inspektorat\/\" target=\"_blank\" rel=\"noopener\">Piaci Fel\u00fcgyel\u0151s\u00e9g<\/a><\/li><li><a href=\"https:\/\/www.gov.si\/drzavni-organi\/organi-v-sestavi\/inspektorat-za-notranje-zadeve\/\" target=\"_blank\" rel=\"noopener\">Bel\u00fcgyi Fel\u00fcgyel\u0151s\u00e9g<\/a><\/li><li><a href=\"https:\/\/www.gov.si\/drzavni-organi\/organi-v-sestavi\/zdravstveni-inspektorat\/\" target=\"_blank\" rel=\"noopener\">Eg\u00e9szs\u00e9g\u00fcgyi Fel\u00fcgyel\u0151s\u00e9g<\/a><\/li><li><a href=\"https:\/\/www.gov.si\/drzavni-organi\/organi-v-sestavi\/inspektorat-za-okolje-in-prostor\/\" target=\"_blank\" rel=\"noopener\">K\u00f6rnyezetv\u00e9delmi \u00e9s Ter\u00fcletfejleszt\u00e9si Fel\u00fcgyel\u0151s\u00e9g<\/a><\/li><li><a href=\"https:\/\/www.gov.si\/drzavni-organi\/organi-v-sestavi\/inspektorat-za-infrastrukturo\/\" target=\"_blank\" rel=\"noopener\">Infrastruktur\u00e1lis Fel\u00fcgyel\u0151s\u00e9g<\/a><\/li><li><a href=\"https:\/\/www.gov.si\/drzavni-organi\/organi-v-sestavi\/inspektorat-za-solstvo-in-sport\/\" target=\"_blank\" rel=\"noopener\">Oktat\u00e1si \u00e9s Sportfel\u00fcgyel\u0151s\u00e9g<\/a><\/li><li><a href=\"https:\/\/www.gov.si\/drzavni-organi\/organi-v-sestavi\/inspektorat-za-infrastrukturo\/\" target=\"_blank\" rel=\"noopener\">K\u00f6zleked\u00e9si, Energia\u00fcgyi \u00e9s Ter\u00fcletrendez\u00e9si Fel\u00fcgyel\u0151s\u00e9g<\/a><\/li><li><a href=\"https:\/\/www.gov.si\/drzavni-organi\/organi-v-sestavi\/inspektorat-za-kulturo-in-medije\/\" target=\"_blank\" rel=\"noopener\">Kult\u00fara \u00e9s M\u00e9diafel\u00fcgyel\u0151s\u00e9<\/a>g<\/li><li><a href=\"https:\/\/www.gov.si\/drzavni-organi\/organi-v-sestavi\/inspektorat-za-varstvo-pred-naravnimi-in-drugimi-nesrecami\/\" target=\"_blank\" rel=\"noopener\">Katasztr\u00f3fav\u00e9delmi Fel\u00fcgyel\u0151s\u00e9g<\/a><\/li><li><a href=\"https:\/\/www.gov.si\/drzavni-organi\/organi-v-sestavi\/inspektorat-za-javni-sektor\/\" target=\"_blank\" rel=\"noopener\">K\u00f6zszf\u00e9ra Fel\u00fcgyel\u0151s\u00e9g<\/a><\/li><li><a href=\"https:\/\/www.gov.si\/drzavni-organi\/organi-v-sestavi\/inspektorat-za-kmetijstvo-gozdarstvo-lovstvo-in-ribistvo\/\" target=\"_blank\" rel=\"noopener\">Mez\u0151gazdas\u00e1gi, Erd\u00e9szeti, Vad\u00e1szati \u00e9s Hal\u00e1szati Fel\u00fcgyel\u0151s\u00e9g<\/a><\/li><\/ul><\/div><div id=\"jet-tabs-content-1532\" class=\"jet-tabs__content \" data-tab=\"2\" role=\"tabpanel\" aria-hidden=\"true\" data-template-id=\"false\"><p><strong>EUR\u00d3PAI UNI\u00d3<\/strong><\/p><ul><li><a href=\"https:\/\/equineteurope.org\/\" target=\"_blank\" rel=\"noopener\">Equinet \u2013 Eur\u00f3pai Es\u00e9lyegyenl\u0151s\u00e9gi H\u00e1l\u00f3zat<\/a><\/li><li><a href=\"https:\/\/ec.europa.eu\/info\/departments\/justice-and-consumers_it\" target=\"_blank\" rel=\"noopener\">Eur\u00f3pai Bizotts\u00e1g \u2013 Jog\u00e9rv\u00e9nyes\u00fcl\u00e9si \u00e9s Fogyaszt\u00f3politikai F\u0151igazgat\u00f3s\u00e1g<\/a><\/li><li><a href=\"https:\/\/fra.europa.eu\/sl\/about-fra\" target=\"_blank\" rel=\"noopener\">Eur\u00f3pai Uni\u00f3 Alapjogi \u00dcgyn\u00f6ks\u00e9ge (FRA)<\/a><\/li><\/ul><p>\u00a0<\/p><p><strong>EUR\u00d3PAI TAN\u00c1CS<\/strong><\/p><ul><li><a href=\"https:\/\/www.coe.int\/it\/web\/commissioner\" target=\"_blank\" rel=\"noopener\">Eur\u00f3pai Tan\u00e1cs ember jogi biztosa<\/a><\/li><li><a href=\"https:\/\/www.coe.int\/en\/web\/european-commission-against-racism-and-intolerance\" target=\"_blank\" rel=\"noopener\">Rasszizmus \u00e9s Intolerancia elleni Eur\u00f3pai Bizotts\u00e1g \u2013 ECRI<\/a><\/li><li><a href=\"https:\/\/www.coe.int\/en\/web\/minorities\/advisory-committee\" target=\"_blank\" rel=\"noopener\">A nemzeti kisebbs\u00e9gek v\u00e9delm\u00e9r\u0151l sz\u00f3l\u00f3 keretegyezm\u00e9ny tan\u00e1csad\u00f3 bizotts\u00e1ga<\/a><\/li><\/ul><p>\u00a0<\/p><p><strong>EGYES\u00dcLT NEMZETEK SZERVEZETE (ENSZ)<\/strong><\/p><ul><li><a href=\"https:\/\/www.ohchr.org\/EN\/Pages\/Home.aspx\" target=\"_blank\" rel=\"noopener\">ENSZ Emberi Jogi F\u0151biztosa<\/a><\/li><\/ul><\/div>\t\t\t<\/div>\n\t\t\t\t\t<\/div>\n\t\t\t\t\t\t<\/div>\n\t\t\t\t<\/div>\n\t\t\t\t\t<\/div>\n\t\t<\/div>\n\t\t\t\t\t<\/div>\n\t\t<\/section>\n\t\t\t\t<\/div>\n\t\t","protected":false},"excerpt":{"rendered":"<p>Hasznos linkek Orsz\u00e1gos int\u00e9zm\u00e9nyek Nemzetk\u00f6zi int\u00e9zm\u00e9nyek Orsz\u00e1gos int\u00e9zm\u00e9nyek Emberi jogi ombudsman Adatv\u00e9delmi biztos Munka\u00fcgyi, Csal\u00e1d\u00fcgyi, Szoci\u00e1lis \u00e9s Es\u00e9lyegyenl\u0151s\u00e9gi Miniszt\u00e9rium Munka\u00fcgyi, Csal\u00e1d\u00fcgyi, Szoci\u00e1lis \u00e9s Es\u00e9lyegyenl\u0151s\u00e9gi Miniszt\u00e9rium Es\u00e9lyegyenl\u0151s\u00e9gi F\u0151oszt\u00e1lya Munka\u00fcgyi, Csal\u00e1d\u00fcgyi, Szoci\u00e1lis \u00e9s Es\u00e9lyegyenl\u0151s\u00e9gi Miniszt\u00e9riumnak a fogyat\u00e9kkal \u00e9l\u0151 szem\u00e9lyeket, h\u00e1bor\u00fas veter\u00e1nokat \u00e9s a h\u00e1bor\u00fas er\u0151szak \u00e1ldozatait seg\u00edt\u0151 f\u0151igazgat\u00f3s\u00e1ga Kultur\u00e1lis Miniszt\u00e9rium Egyh\u00e1zi k\u00e9rd\u00e9sekkel foglalkoz\u00f3 hivatala Oktat\u00e1si, Tudom\u00e1nyos \u00e9s [&hellip;]<\/p>\n","protected":false},"author":3,"featured_media":0,"parent":10688,"menu_order":0,"comment_status":"closed","ping_status":"closed","template":"","meta":{"footnotes":""},"class_list":["post-10694","page","type-page","status-publish","hentry"],"_links":{"self":[{"href":"https:\/\/zagovornik.si\/hu\/wp-json\/wp\/v2\/pages\/10694","targetHints":{"allow":["GET"]}}],"collection":[{"href":"https:\/\/zagovornik.si\/hu\/wp-json\/wp\/v2\/pages"}],"about":[{"href":"https:\/\/zagovornik.si\/hu\/wp-json\/wp\/v2\/types\/page"}],"author":[{"embeddable":true,"href":"https:\/\/zagovornik.si\/hu\/wp-json\/wp\/v2\/users\/3"}],"replies":[{"embeddable":true,"href":"https:\/\/zagovornik.si\/hu\/wp-json\/wp\/v2\/comments?post=10694"}],"version-history":[{"count":0,"href":"https:\/\/zagovornik.si\/hu\/wp-json\/wp\/v2\/pages\/10694\/revisions"}],"up":[{"embeddable":true,"href":"https:\/\/zagovornik.si\/hu\/wp-json\/wp\/v2\/pages\/10688"}],"wp:attachment":[{"href":"https:\/\/zagovornik.si\/hu\/wp-json\/wp\/v2\/media?parent=10694"}],"curies":[{"name":"wp","href":"https:\/\/api.w.org\/{rel}","templated":true}]}}