{"id":10690,"date":"2022-08-03T09:28:11","date_gmt":"2022-08-03T09:28:11","guid":{"rendered":"https:\/\/www.zagovornik.si\/what-is-discrimination\/"},"modified":"2022-08-07T18:19:34","modified_gmt":"2022-08-07T18:19:34","slug":"a-hatranyos-megkulonboztetesrol","status":"publish","type":"page","link":"https:\/\/zagovornik.si\/hu\/a-hatranyos-megkulonboztetesrol\/","title":{"rendered":"A H\u00c1TR\u00c1NYOS MEGK\u00dcL\u00d6NB\u00d6ZTET\u00c9SR\u0150L"},"content":{"rendered":"\t\t<div data-elementor-type=\"wp-page\" data-elementor-id=\"10690\" class=\"elementor elementor-10690 elementor-9878\" data-elementor-post-type=\"page\">\n\t\t\t\t\t\t<section class=\"elementor-section elementor-top-section elementor-element elementor-element-5a7acca elementor-section-boxed elementor-section-height-default elementor-section-height-default\" data-id=\"5a7acca\" data-element_type=\"section\" data-e-type=\"section\" data-settings=\"{&quot;jet_parallax_layout_list&quot;:[]}\">\n\t\t\t\t\t\t<div class=\"elementor-container elementor-column-gap-default\">\n\t\t\t\t\t<div class=\"elementor-column elementor-col-100 elementor-top-column elementor-element elementor-element-7938b23\" data-id=\"7938b23\" data-element_type=\"column\" data-e-type=\"column\">\n\t\t\t<div class=\"elementor-widget-wrap elementor-element-populated\">\n\t\t\t\t\t\t<div class=\"elementor-element elementor-element-4c2084d elementor-widget elementor-widget-heading\" data-id=\"4c2084d\" data-element_type=\"widget\" data-e-type=\"widget\" data-widget_type=\"heading.default\">\n\t\t\t\t<div class=\"elementor-widget-container\">\n\t\t\t\t\t<h1 class=\"elementor-heading-title elementor-size-default\">A h\u00e1tr\u00e1nyos megk\u00fcl\u00f6nb\u00f6ztet\u00e9sr\u0151l<\/h1>\t\t\t\t<\/div>\n\t\t\t\t<\/div>\n\t\t\t\t\t<\/div>\n\t\t<\/div>\n\t\t\t\t\t<\/div>\n\t\t<\/section>\n\t\t\t\t<section class=\"elementor-section elementor-top-section elementor-element elementor-element-2fb61b2 elementor-section-boxed elementor-section-height-default elementor-section-height-default\" data-id=\"2fb61b2\" data-element_type=\"section\" data-e-type=\"section\" data-settings=\"{&quot;jet_parallax_layout_list&quot;:[]}\">\n\t\t\t\t\t\t<div class=\"elementor-container elementor-column-gap-default\">\n\t\t\t\t\t<div class=\"elementor-column elementor-col-100 elementor-top-column elementor-element elementor-element-e3606b6\" data-id=\"e3606b6\" data-element_type=\"column\" data-e-type=\"column\">\n\t\t\t<div class=\"elementor-widget-wrap elementor-element-populated\">\n\t\t\t\t\t\t<div class=\"elementor-element elementor-element-b9ccc4e elementor-widget elementor-widget-text-editor\" data-id=\"b9ccc4e\" data-element_type=\"widget\" data-e-type=\"widget\" data-widget_type=\"text-editor.default\">\n\t\t\t\t<div class=\"elementor-widget-container\">\n\t\t\t\t\t\t\t\t\t<p>A h\u00e1tr\u00e1nyos megk\u00fcl\u00f6nb\u00f6ztet\u00e9s egy, megalapozott ok n\u00e9lk\u00fcli egyenl\u0151tlen b\u00e1n\u00e1sm\u00f3d: az emberek kedvez\u0151tlenebb b\u00e1n\u00e1sm\u00f3dban r\u00e9szes\u00fclnek csup\u00e1n egy adott szem\u00e9lyes k\u00f6r\u00fclm\u00e9ny miatt (pl. nem, \u00e9letkor, faji vagy etnikai sz\u00e1rmaz\u00e1s, fogyat\u00e9koss\u00e1g, nemi ir\u00e1nyults\u00e1g, vall\u00e1s\u2026). A h\u00e1tr\u00e1nyos megk\u00fcl\u00f6nb\u00f6ztet\u00e9st A h\u00e1tr\u00e1nyos megk\u00fcl\u00f6nb\u00f6ztet\u00e9s elleni t\u00f6rv\u00e9ny 4. cikke \u00fagy hat\u00e1rozza meg, mint \u201eminden indokolatlan t\u00e9nybeli vagy jogi egyenl\u0151tlen b\u00e1n\u00e1sm\u00f3d, megk\u00fcl\u00f6nb\u00f6ztet\u00e9s, kiz\u00e1r\u00e1s vagy a cselekv\u00e9s korl\u00e1toz\u00e1sa vagy elmulaszt\u00e1sa szem\u00e9lyes k\u00f6r\u00fclm\u00e9nyek miatt, amelynek c\u00e9lja vagy k\u00f6vetkezm\u00e9nye az emberi jogok \u00e9s alapvet\u0151 szabads\u00e1gok, egy\u00e9b jogok, jogi \u00e9rdekek \u00e9s el\u0151ny\u00f6k egyenl\u0151 elismer\u00e9s\u00e9nek, \u00e9rv\u00e9nyes\u00fcl\u00e9s\u00e9nek vagy gyakorl\u00e1s\u00e1nak akad\u00e1lyoz\u00e1sa, cs\u00f6kkent\u00e9se vagy \u00e9rv\u00e9nytelen\u00edt\u00e9se.\u201c Szlov\u00e9ni\u00e1ban tilos a b\u00e1rmilyen szem\u00e9lyes k\u00f6r\u00fclm\u00e9ny alapj\u00e1n t\u00f6rt\u00e9n\u0151 h\u00e1tr\u00e1nyos megk\u00fcl\u00f6nb\u00f6ztet\u00e9s. A h\u00e1tr\u00e1nyos megk\u00fcl\u00f6nb\u00f6ztet\u00e9s elleni t\u00f6rv\u00e9ny a k\u00f6vetkez\u0151 szem\u00e9lyes k\u00f6r\u00fclm\u00e9nyeket hat\u00e1rozza meg:<\/p><ol><li>Neme<\/li><li>Nemzetis\u00e9gi\/etnikai hovatartoz\u00e1s<\/li><li>Faj<\/li><li>Nyelv<\/li><li>Vall\u00e1s vagy vil\u00e1gn\u00e9zeti meggy\u0151z\u0151d\u00e9s<\/li><li>Fogyat\u00e9koss\u00e1g<\/li><li>\u00c9letkor<\/li><li>Szexu\u00e1lis ir\u00e1nyults\u00e1g<\/li><li>Nemi identit\u00e1s<\/li><li>Nemi megjelen\u00e9s<\/li><li>T\u00e1rsadalmi helyzet<\/li><li>Vagyoni helyzet<\/li><li>V\u00e9gzetts\u00e9g<\/li><\/ol><p>\u00a0<\/p><p><strong>Egy\u00e9b kateg\u00f3ri\u00e1k:<\/strong><\/p><ol><li>M\u00e1sik EU tag\u00e1llam \u00e1llampolg\u00e1ra<\/li><li>Harmadik orsz\u00e1g \u00e1llampolg\u00e1ra<\/li><li>Lakhely<\/li><\/ol><p>\u00a0<\/p><p>A h\u00e1tr\u00e1nyos megk\u00fcl\u00f6nb\u00f6ztet\u00e9s a t\u00e1rsadalmi \u00e9let k\u00f6vetkez\u0151 ter\u00fcletein min\u0151s\u00fcl t\u00f6rv\u00e9nyellenesnek:<\/p><ul><li>a foglalkoztat\u00e1shoz, \u00f6nfoglalkoztat\u00e1shoz \u00e9s a szakm\u00e1hoz val\u00f3 hozz\u00e1f\u00e9r\u00e9s felt\u00e9telei, f\u00fcggetlen\u00fcl a tev\u00e9kenys\u00e9g t\u00edpus\u00e1t\u00f3l \u00e9s a szakmai hierarchia minden szintj\u00e9n, bele\u00e9rtve az el\u0151l\u00e9ptet\u00e9st is,<\/li><li>a p\u00e1lyaorient\u00e1ci\u00f3 \u00e9s tan\u00e1csad\u00e1s, szakmai \u00e9s szak\u00e9rt\u0151i k\u00e9pz\u00e9s \u00e9s oktat\u00e1s, szakmai tov\u00e1bbk\u00e9pz\u00e9s \u00e9s \u00e1tk\u00e9pz\u00e9s minden szintj\u00e9hez val\u00f3 hozz\u00e1f\u00e9r\u00e9si lehet\u0151s\u00e9g, bele\u00e9rtve a szakmai gyakorlatot is,<\/li><li>foglalkoztat\u00e1si felt\u00e9telek \u00e9s munkak\u00f6r\u00fclm\u00e9nyek, bele\u00e9rtve a munkaszerz\u0151d\u00e9s megsz\u00fcntet\u00e9s\u00e9t \u00e9s a b\u00e9reket,<\/li><li>tags\u00e1g \u00e9s r\u00e9szv\u00e9tel munkav\u00e1llal\u00f3i vagy munk\u00e1ltat\u00f3i, illetve b\u00e1rmely olyan szervezetben, amelynek tagjai egy adott szakm\u00e1t \u0171znek, bele\u00e9rtve az ilyen szervezetek \u00e1ltal biztos\u00edtott el\u0151ny\u00f6ket,<\/li><li>szoci\u00e1lis v\u00e9delem, bele\u00e9rtve a szoci\u00e1lis biztons\u00e1got \u00e9s az eg\u00e9szs\u00e9g\u00fcgyi ell\u00e1t\u00e1st,<\/li><li>szoci\u00e1lis el\u0151ny\u00f6k,<\/li><li>oktat\u00e1s \u00e9s nevel\u00e9s,<\/li><li>a nyilv\u00e1noss\u00e1g sz\u00e1m\u00e1ra el\u00e9rhet\u0151 \u00e1rukhoz \u00e9s szolg\u00e1ltat\u00e1sokhoz val\u00f3 hozz\u00e1f\u00e9r\u00e9s, bele\u00e9rtve a lakhat\u00e1st.<\/li><\/ul><p>\u00a0<\/p><p>A h\u00e1tr\u00e1nyos megk\u00fcl\u00f6nb\u00f6ztet\u00e9s elleni t\u00f6rv\u00e9nynek megfelel\u0151en az Es\u00e9lyegyenl\u0151s\u00e9gi Biztos elj\u00e1r\u00e1sokat hajt v\u00e9gre a h\u00e1tr\u00e1nyos megk\u00fcl\u00f6nb\u00f6ztet\u00e9s meg\u00e1llap\u00edt\u00e1s\u00e1ra \u00e9s egy\u00e9b, e t\u00f6rv\u00e9ny v\u00e9grehajt\u00e1s\u00e1nak ellen\u0151rz\u00e9s\u00e9vel kapcsolatos feladatokat l\u00e1t el.<\/p><p>A h\u00e1tr\u00e1nyos megk\u00fcl\u00f6nb\u00f6ztet\u00e9s (diszkrimin\u00e1ci\u00f3) meg\u00e1llap\u00edt\u00e1s\u00e1t szolg\u00e1l\u00f3 elj\u00e1r\u00e1st az Es\u00e9lyegyenl\u0151s\u00e9gi Biztos a jogs\u00e9relmet szenvedett szem\u00e9ly \u00e1ltal beny\u00fajtott \u201eA h\u00e1tr\u00e1nyos megk\u00fcl\u00f6nb\u00f6ztet\u00e9s (diszkrimin\u00e1ci\u00f3) kivizsg\u00e1l\u00e1sa ir\u00e1nti ind\u00edtv\u00e1ny\u201d alapj\u00e1n ind\u00edtja el. A h\u00e1tr\u00e1nyos megk\u00fcl\u00f6nb\u00f6ztet\u00e9s meg\u00e1llap\u00edt\u00e1sa hivatalb\u00f3l is elv\u00e9gezhet\u0151.<\/p><p>Ha \u00fagy \u00e9rzi, hogy h\u00e1tr\u00e1nyos megk\u00fcl\u00f6nb\u00f6ztet\u00e9s \u00e9rte, t\u00f6ltse ki \u201eA h\u00e1tr\u00e1nyos megk\u00fcl\u00f6nb\u00f6ztet\u00e9s (diszkrimin\u00e1ci\u00f3) kivizsg\u00e1l\u00e1sa ir\u00e1nti ind\u00edtv\u00e1nyt\u201d vagy h\u00edvjon benn\u00fcnket az ingyenes 080 81 80-as telefonsz\u00e1mon (csak Szlov\u00e9ni\u00e1b\u00f3l h\u00edvhat\u00f3) minden munkanapon 10 \u00e9s 12 \u00f3ra k\u00f6z\u00f6tt, illetve szerd\u00e1nk\u00e9nt 15 \u00e9s 18 \u00f3ra k\u00f6z\u00f6tt is.<\/p>\t\t\t\t\t\t\t\t<\/div>\n\t\t\t\t<\/div>\n\t\t\t\t\t<\/div>\n\t\t<\/div>\n\t\t\t\t\t<\/div>\n\t\t<\/section>\n\t\t\t\t<\/div>\n\t\t","protected":false},"excerpt":{"rendered":"<p>A h\u00e1tr\u00e1nyos megk\u00fcl\u00f6nb\u00f6ztet\u00e9sr\u0151l A h\u00e1tr\u00e1nyos megk\u00fcl\u00f6nb\u00f6ztet\u00e9s egy, megalapozott ok n\u00e9lk\u00fcli egyenl\u0151tlen b\u00e1n\u00e1sm\u00f3d: az emberek kedvez\u0151tlenebb b\u00e1n\u00e1sm\u00f3dban r\u00e9szes\u00fclnek csup\u00e1n egy adott szem\u00e9lyes k\u00f6r\u00fclm\u00e9ny miatt (pl. nem, \u00e9letkor, faji vagy etnikai sz\u00e1rmaz\u00e1s, fogyat\u00e9koss\u00e1g, nemi ir\u00e1nyults\u00e1g, vall\u00e1s\u2026). A h\u00e1tr\u00e1nyos megk\u00fcl\u00f6nb\u00f6ztet\u00e9st A h\u00e1tr\u00e1nyos megk\u00fcl\u00f6nb\u00f6ztet\u00e9s elleni t\u00f6rv\u00e9ny 4. cikke \u00fagy hat\u00e1rozza meg, mint \u201eminden indokolatlan t\u00e9nybeli vagy jogi egyenl\u0151tlen b\u00e1n\u00e1sm\u00f3d, [&hellip;]<\/p>\n","protected":false},"author":3,"featured_media":0,"parent":0,"menu_order":0,"comment_status":"closed","ping_status":"closed","template":"","meta":{"footnotes":""},"class_list":["post-10690","page","type-page","status-publish","hentry"],"_links":{"self":[{"href":"https:\/\/zagovornik.si\/hu\/wp-json\/wp\/v2\/pages\/10690","targetHints":{"allow":["GET"]}}],"collection":[{"href":"https:\/\/zagovornik.si\/hu\/wp-json\/wp\/v2\/pages"}],"about":[{"href":"https:\/\/zagovornik.si\/hu\/wp-json\/wp\/v2\/types\/page"}],"author":[{"embeddable":true,"href":"https:\/\/zagovornik.si\/hu\/wp-json\/wp\/v2\/users\/3"}],"replies":[{"embeddable":true,"href":"https:\/\/zagovornik.si\/hu\/wp-json\/wp\/v2\/comments?post=10690"}],"version-history":[{"count":0,"href":"https:\/\/zagovornik.si\/hu\/wp-json\/wp\/v2\/pages\/10690\/revisions"}],"wp:attachment":[{"href":"https:\/\/zagovornik.si\/hu\/wp-json\/wp\/v2\/media?parent=10690"}],"curies":[{"name":"wp","href":"https:\/\/api.w.org\/{rel}","templated":true}]}}