{"id":10688,"date":"2022-04-19T11:10:12","date_gmt":"2022-04-19T11:10:12","guid":{"rendered":"https:\/\/www.zagovornik.si\/about-us\/"},"modified":"2023-12-29T13:50:08","modified_gmt":"2023-12-29T13:50:08","slug":"rolunk","status":"publish","type":"page","link":"https:\/\/zagovornik.si\/hu\/rolunk\/","title":{"rendered":"R\u00d3LUNK"},"content":{"rendered":"\t\t<div data-elementor-type=\"wp-page\" data-elementor-id=\"10688\" class=\"elementor elementor-10688 elementor-529\" data-elementor-post-type=\"page\">\n\t\t\t\t\t\t<section class=\"elementor-section elementor-top-section elementor-element elementor-element-f0ff575 elementor-section-boxed elementor-section-height-default elementor-section-height-default\" data-id=\"f0ff575\" data-element_type=\"section\" data-e-type=\"section\" data-settings=\"{&quot;jet_parallax_layout_list&quot;:[]}\">\n\t\t\t\t\t\t<div class=\"elementor-container elementor-column-gap-default\">\n\t\t\t\t\t<div class=\"elementor-column elementor-col-100 elementor-top-column elementor-element elementor-element-67b471b\" data-id=\"67b471b\" data-element_type=\"column\" data-e-type=\"column\">\n\t\t\t<div class=\"elementor-widget-wrap elementor-element-populated\">\n\t\t\t\t\t\t<div class=\"elementor-element elementor-element-b767c64 elementor-widget elementor-widget-heading\" data-id=\"b767c64\" data-element_type=\"widget\" data-e-type=\"widget\" data-widget_type=\"heading.default\">\n\t\t\t\t<div class=\"elementor-widget-container\">\n\t\t\t\t\t<h1 class=\"elementor-heading-title elementor-size-default\">R\u00f3lunk<\/h1>\t\t\t\t<\/div>\n\t\t\t\t<\/div>\n\t\t\t\t\t<\/div>\n\t\t<\/div>\n\t\t\t\t\t<\/div>\n\t\t<\/section>\n\t\t\t\t<section class=\"elementor-section elementor-top-section elementor-element elementor-element-5bf2896 elementor-section-boxed elementor-section-height-default elementor-section-height-default\" data-id=\"5bf2896\" data-element_type=\"section\" data-e-type=\"section\" data-settings=\"{&quot;jet_parallax_layout_list&quot;:[]}\">\n\t\t\t\t\t\t<div class=\"elementor-container elementor-column-gap-default\">\n\t\t\t\t\t<div class=\"elementor-column elementor-col-100 elementor-top-column elementor-element elementor-element-141d742\" data-id=\"141d742\" data-element_type=\"column\" data-e-type=\"column\">\n\t\t\t<div class=\"elementor-widget-wrap elementor-element-populated\">\n\t\t\t\t\t\t<div class=\"elementor-element elementor-element-c0ac5d1 elementor-widget elementor-widget-text-editor\" data-id=\"c0ac5d1\" data-element_type=\"widget\" data-e-type=\"widget\" data-widget_type=\"text-editor.default\">\n\t\t\t\t<div class=\"elementor-widget-container\">\n\t\t\t\t\t\t\t\t\t<p>A Szlov\u00e9n K\u00f6zt\u00e1rsas\u00e1g Orsz\u00e1ggy\u0171l\u00e9se 2016-ban elfogadta A h\u00e1tr\u00e1nyos megk\u00fcl\u00f6nb\u00f6ztet\u00e9s elleni t\u00f6rv\u00e9nyt (Zakon o varstvu pred diskriminacijo \u2013 ZVarD), amely alapj\u00e1n megalakult a h\u00e1tr\u00e1nyos megk\u00fcl\u00f6nb\u00f6ztet\u00e9sellenes f\u00fcggetlen \u00e1llami hat\u00f3s\u00e1g, az Es\u00e9lyegyenl\u0151s\u00e9gi Biztos Hivatala.<\/p><p>A h\u00e1tr\u00e1nyos megk\u00fcl\u00f6nb\u00f6ztet\u00e9s elleni t\u00f6rv\u00e9ny 21. cikke szerint feladataink k\u00f6z\u00e9 az al\u00e1bbiak tartoznak:<\/p><ul><li>f\u00fcggetlen kutat\u00e1sok elv\u00e9gz\u00e9se bizonyos szem\u00e9lyes k\u00f6r\u00fclm\u00e9nyekkel \u00e9l\u0151 szem\u00e9lyek helyzet\u00e9r\u0151l, k\u00fcl\u00f6n\u00f6sen a neme, nemzetis\u00e9ge, faji vagy etnikai sz\u00e1rmaz\u00e1sa, vall\u00e1sa vagy vil\u00e1gn\u00e9zeti meggy\u0151z\u0151d\u00e9se, fogyat\u00e9koss\u00e1ga, \u00e9letkora \u00e9s nemi ir\u00e1nyults\u00e1ga tekintet\u00e9ben, valamint egy\u00e9b, szem\u00e9lyes k\u00f6r\u00fclm\u00e9nnyel \u00e9l\u0151 szem\u00e9lyek h\u00e1tr\u00e1nyos megk\u00fcl\u00f6nb\u00f6ztet\u00e9s\u00e9vel kapcsolatos k\u00e9rd\u00e9sekr\u0151l;<\/li><li>f\u00fcggetlen besz\u00e1mol\u00f3k k\u00f6zz\u00e9t\u00e9tele \u00e9s aj\u00e1nl\u00e1sok kibocs\u00e1t\u00e1sa az \u00e1llami hat\u00f3s\u00e1gok, helyi k\u00f6z\u00f6ss\u00e9gek, megb\u00edzott k\u00f6zjogi int\u00e9zm\u00e9nyek, munkaad\u00f3k, gazdas\u00e1gi szerepl\u0151k \u00e9s egy\u00e9b szervezetek sz\u00e1m\u00e1ra a bizonyos szem\u00e9lyes k\u00f6r\u00fclm\u00e9nnyel \u00e9l\u0151 szem\u00e9lyek helyzet\u00e9nek felm\u00e9r\u00e9s\u00e9r\u0151l, \u00e9spedig a h\u00e1tr\u00e1nyos megk\u00fcl\u00f6nb\u00f6ztet\u00e9s megel\u0151z\u00e9s\u00e9re \u00e9s megsz\u00fcntet\u00e9s\u00e9re, valamint a h\u00e1tr\u00e1nyos megk\u00fcl\u00f6nb\u00f6ztet\u00e9s megsz\u00fcntet\u00e9s\u00e9t szolg\u00e1l\u00f3 k\u00fcl\u00f6nleges \u00e9s egy\u00e9b int\u00e9zked\u00e9sek elfogad\u00e1s\u00e1ra vonatkoz\u00f3an;<\/li><li>bizonyos fel\u00fcgyel\u0151s\u00e9gi feladatok ell\u00e1t\u00e1sa a jelen t\u00f6rv\u00e9ny 5. fejezet\u00e9be foglalt javaslatok alapj\u00e1n jelen vagy egy\u00e9b, az illet\u00e9kess\u00e9g\u00e9t meghat\u00e1roz\u00f3 t\u00f6rv\u00e9ny rendelkez\u00e9seinek tiszteletben tart\u00e1s\u00e1ra vonatkoz\u00f3an;<\/li><li>f\u00fcggetlen seg\u00edts\u00e9gny\u00fajt\u00e1s a h\u00e1tr\u00e1nyosan megk\u00fcl\u00f6nb\u00f6ztetett szem\u00e9lyeknek a h\u00e1tr\u00e1nyos megk\u00fcl\u00f6nb\u00f6ztet\u00e9s elleni jogaik \u00e9rv\u00e9nyes\u00edt\u00e9s\u00e9n\u00e9l, \u00e9spedig tan\u00e1csad\u00e1s \u00e9s jogseg\u00e9lyny\u00fajt\u00e1s form\u00e1j\u00e1ban a h\u00e1tr\u00e1nyos megk\u00fcl\u00f6nb\u00f6ztet\u00e9ssel kapcsolatos egy\u00e9b k\u00f6zigazgat\u00e1si \u00e9s b\u00edr\u00f3s\u00e1gi elj\u00e1r\u00e1sok eset\u00e9n;<\/li><li>a nyilv\u00e1noss\u00e1g tudatoss\u00e1g\u00e1nak n\u00f6vel\u00e9se a h\u00e1tr\u00e1nyos megk\u00fcl\u00f6nb\u00f6ztet\u00e9sr\u0151l \u00e9s annak megel\u0151z\u00e9s\u00e9re vonatkoz\u00f3 int\u00e9zked\u00e9sekr\u0151l;<\/li><li>a h\u00e1tr\u00e1nyos megk\u00fcl\u00f6nb\u00f6ztet\u00e9s elleni helyzet \u00e9s a bizonyos szem\u00e9lyes k\u00f6r\u00fclm\u00e9nyekkel \u00e9l\u0151 szem\u00e9lyek helyzete ter\u00e9n \u00e9szlelhet\u0151 \u00e1ltal\u00e1nos helyzet figyelemmel k\u00eds\u00e9r\u00e9se a Szlov\u00e9n K\u00f6zt\u00e1rsas\u00e1gban;<\/li><li>javaslatt\u00e9tel int\u00e9zked\u00e9sek bevezet\u00e9s\u00e9re olyan szem\u00e9lyek helyzet\u00e9nek jav\u00edt\u00e1s\u00e1ra, akik bizonyos szem\u00e9lyes k\u00f6r\u00fclm\u00e9nyek k\u00f6vetkezt\u00e9ben h\u00e1tr\u00e1nyos helyzetben vannak;<\/li><li>jelen t\u00f6rv\u00e9nnyel \u00f6sszhangban k\u00f6zrem\u0171k\u00f6d\u00e9s a h\u00e1tr\u00e1nyos megk\u00fcl\u00f6nb\u00f6ztet\u00e9ssel kapcsolatos b\u00edr\u00f3s\u00e1gi elj\u00e1r\u00e1sokban;<\/li><li>a h\u00e1tr\u00e1nyos megk\u00fcl\u00f6nb\u00f6ztet\u00e9ssel kapcsolatos inform\u00e1ci\u00f3csere biztos\u00edt\u00e1sa az Eur\u00f3pai Uni\u00f3 int\u00e9zm\u00e9nyeivel;<\/li><li>valamint egy\u00e9b, a t\u00f6rv\u00e9nyben meghat\u00e1rozott feladatok.<\/li><\/ul><p>Az Es\u00e9lyegyenl\u0151s\u00e9gi Biztos hat\u00e1sk\u00f6re kiterjed a k\u00f6z- \u00e9s a mag\u00e1nszf\u00e9ra ter\u00fclet\u00e9re.<\/p>\t\t\t\t\t\t\t\t<\/div>\n\t\t\t\t<\/div>\n\t\t\t\t\t<\/div>\n\t\t<\/div>\n\t\t\t\t\t<\/div>\n\t\t<\/section>\n\t\t\t\t<\/div>\n\t\t","protected":false},"excerpt":{"rendered":"<p>R\u00f3lunk A Szlov\u00e9n K\u00f6zt\u00e1rsas\u00e1g Orsz\u00e1ggy\u0171l\u00e9se 2016-ban elfogadta A h\u00e1tr\u00e1nyos megk\u00fcl\u00f6nb\u00f6ztet\u00e9s elleni t\u00f6rv\u00e9nyt (Zakon o varstvu pred diskriminacijo \u2013 ZVarD), amely alapj\u00e1n megalakult a h\u00e1tr\u00e1nyos megk\u00fcl\u00f6nb\u00f6ztet\u00e9sellenes f\u00fcggetlen \u00e1llami hat\u00f3s\u00e1g, az Es\u00e9lyegyenl\u0151s\u00e9gi Biztos Hivatala. A h\u00e1tr\u00e1nyos megk\u00fcl\u00f6nb\u00f6ztet\u00e9s elleni t\u00f6rv\u00e9ny 21. cikke szerint feladataink k\u00f6z\u00e9 az al\u00e1bbiak tartoznak: f\u00fcggetlen kutat\u00e1sok elv\u00e9gz\u00e9se bizonyos szem\u00e9lyes k\u00f6r\u00fclm\u00e9nyekkel \u00e9l\u0151 szem\u00e9lyek helyzet\u00e9r\u0151l, k\u00fcl\u00f6n\u00f6sen [&hellip;]<\/p>\n","protected":false},"author":3,"featured_media":0,"parent":0,"menu_order":0,"comment_status":"closed","ping_status":"closed","template":"","meta":{"footnotes":""},"class_list":["post-10688","page","type-page","status-publish","hentry"],"_links":{"self":[{"href":"https:\/\/zagovornik.si\/hu\/wp-json\/wp\/v2\/pages\/10688","targetHints":{"allow":["GET"]}}],"collection":[{"href":"https:\/\/zagovornik.si\/hu\/wp-json\/wp\/v2\/pages"}],"about":[{"href":"https:\/\/zagovornik.si\/hu\/wp-json\/wp\/v2\/types\/page"}],"author":[{"embeddable":true,"href":"https:\/\/zagovornik.si\/hu\/wp-json\/wp\/v2\/users\/3"}],"replies":[{"embeddable":true,"href":"https:\/\/zagovornik.si\/hu\/wp-json\/wp\/v2\/comments?post=10688"}],"version-history":[{"count":0,"href":"https:\/\/zagovornik.si\/hu\/wp-json\/wp\/v2\/pages\/10688\/revisions"}],"wp:attachment":[{"href":"https:\/\/zagovornik.si\/hu\/wp-json\/wp\/v2\/media?parent=10688"}],"curies":[{"name":"wp","href":"https:\/\/api.w.org\/{rel}","templated":true}]}}