{"id":10686,"date":"2022-04-01T13:32:42","date_gmt":"2022-04-01T13:32:42","guid":{"rendered":"https:\/\/www.zagovornik.si\/advocate\/"},"modified":"2025-11-05T14:45:11","modified_gmt":"2025-11-05T14:45:11","slug":"eselyegyenlosegi","status":"publish","type":"page","link":"https:\/\/zagovornik.si\/hu\/","title":{"rendered":"ES\u00c9LYEGYENL\u0150S\u00c9GI"},"content":{"rendered":"\t\t<div data-elementor-type=\"wp-page\" data-elementor-id=\"10686\" class=\"elementor elementor-10686 elementor-35\" data-elementor-post-type=\"page\">\n\t\t\t\t\t\t<section class=\"elementor-section elementor-top-section elementor-element elementor-element-352ad84b elementor-section-boxed elementor-section-height-default elementor-section-height-default\" data-id=\"352ad84b\" data-element_type=\"section\" data-e-type=\"section\" data-settings=\"{&quot;background_background&quot;:&quot;classic&quot;,&quot;jet_parallax_layout_list&quot;:[]}\">\n\t\t\t\t\t\t\t<div class=\"elementor-background-overlay\"><\/div>\n\t\t\t\t\t\t\t<div class=\"elementor-container elementor-column-gap-default\">\n\t\t\t\t\t<div class=\"elementor-column elementor-col-100 elementor-top-column elementor-element elementor-element-674ef7d2\" data-id=\"674ef7d2\" data-element_type=\"column\" data-e-type=\"column\">\n\t\t\t<div class=\"elementor-widget-wrap elementor-element-populated\">\n\t\t\t\t\t\t<div class=\"elementor-element elementor-element-d06ee16 elementor-invisible elementor-widget elementor-widget-image\" data-id=\"d06ee16\" data-element_type=\"widget\" data-e-type=\"widget\" data-settings=\"{&quot;_animation&quot;:&quot;fadeInDown&quot;}\" data-widget_type=\"image.default\">\n\t\t\t\t<div class=\"elementor-widget-container\">\n\t\t\t\t\t\t\t\t\t\t\t\t\t\t\t<img fetchpriority=\"high\" decoding=\"async\" width=\"800\" height=\"181\" src=\"https:\/\/zagovornik.si\/wp-content\/uploads\/2022\/08\/logo-bel-MAD-1024x232.png\" class=\"attachment-large size-large wp-image-10839\" alt=\"\" srcset=\"https:\/\/zagovornik.si\/wp-content\/uploads\/2022\/08\/logo-bel-MAD-1024x232.png 1024w, https:\/\/zagovornik.si\/wp-content\/uploads\/2022\/08\/logo-bel-MAD-300x68.png 300w, https:\/\/zagovornik.si\/wp-content\/uploads\/2022\/08\/logo-bel-MAD-768x174.png 768w, https:\/\/zagovornik.si\/wp-content\/uploads\/2022\/08\/logo-bel-MAD-1536x348.png 1536w, https:\/\/zagovornik.si\/wp-content\/uploads\/2022\/08\/logo-bel-MAD-2048x464.png 2048w\" sizes=\"(max-width: 800px) 100vw, 800px\" \/>\t\t\t\t\t\t\t\t\t\t\t\t\t\t\t<\/div>\n\t\t\t\t<\/div>\n\t\t\t\t\t<\/div>\n\t\t<\/div>\n\t\t\t\t\t<\/div>\n\t\t<\/section>\n\t\t\t\t<section class=\"elementor-section elementor-top-section elementor-element elementor-element-58595d77 elementor-section-boxed elementor-section-height-default elementor-section-height-default\" data-id=\"58595d77\" data-element_type=\"section\" data-e-type=\"section\" data-settings=\"{&quot;jet_parallax_layout_list&quot;:[]}\">\n\t\t\t\t\t\t<div class=\"elementor-container elementor-column-gap-extended\">\n\t\t\t\t\t<div class=\"elementor-column elementor-col-50 elementor-top-column elementor-element elementor-element-56c43821 elementor-invisible\" data-id=\"56c43821\" data-element_type=\"column\" data-e-type=\"column\" data-settings=\"{&quot;animation&quot;:&quot;fadeInUp&quot;,&quot;background_background&quot;:&quot;classic&quot;}\">\n\t\t\t<div class=\"elementor-widget-wrap elementor-element-populated\">\n\t\t\t\t\t\t<div class=\"elementor-element elementor-element-6d656069 elementor-widget elementor-widget-image\" data-id=\"6d656069\" data-element_type=\"widget\" data-e-type=\"widget\" data-widget_type=\"image.default\">\n\t\t\t\t<div class=\"elementor-widget-container\">\n\t\t\t\t\t\t\t\t\t\t\t\t\t\t\t<img decoding=\"async\" width=\"300\" height=\"300\" src=\"https:\/\/zagovornik.si\/wp-content\/uploads\/2022\/05\/handshake-300x300.png\" class=\"attachment-medium size-medium wp-image-2512\" alt=\"\" srcset=\"https:\/\/zagovornik.si\/wp-content\/uploads\/2022\/05\/handshake-300x300.png 300w, https:\/\/zagovornik.si\/wp-content\/uploads\/2022\/05\/handshake-150x150.png 150w, https:\/\/zagovornik.si\/wp-content\/uploads\/2022\/05\/handshake.png 512w\" sizes=\"(max-width: 300px) 100vw, 300px\" \/>\t\t\t\t\t\t\t\t\t\t\t\t\t\t\t<\/div>\n\t\t\t\t<\/div>\n\t\t\t\t<div class=\"elementor-element elementor-element-74ec5638 elementor-widget elementor-widget-heading\" data-id=\"74ec5638\" data-element_type=\"widget\" data-e-type=\"widget\" data-widget_type=\"heading.default\">\n\t\t\t\t<div class=\"elementor-widget-container\">\n\t\t\t\t\t<h2 class=\"elementor-heading-title elementor-size-default\">\n\u00d6n diszkrimin\u00e1ci\u00f3 \u00e1ldozata vagy tan\u00faja?<\/h2>\t\t\t\t<\/div>\n\t\t\t\t<\/div>\n\t\t\t\t<div class=\"elementor-element elementor-element-6ddb8277 elementor-widget elementor-widget-text-editor\" data-id=\"6ddb8277\" data-element_type=\"widget\" data-e-type=\"widget\" data-widget_type=\"text-editor.default\">\n\t\t\t\t<div class=\"elementor-widget-container\">\n\t\t\t\t\t\t\t\t\t<div class=\"oSioSc\"><div id=\"tw-target\"><div id=\"kAz1tf\" class=\"g9WsWb\"><div id=\"tw-target-text-container\" class=\"tw-ta-container F0azHf tw-nfl\" tabindex=\"0\"><p id=\"tw-target-text\" class=\"tw-data-text tw-text-large tw-ta\" dir=\"ltr\" data-placeholder=\"Prevod\"><span class=\"Y2IQFc\" lang=\"hu\">Ha \u00fagy gondolja, hogy \u00d6nt h\u00e1tr\u00e1nyos megk\u00fcl\u00f6nb\u00f6ztet\u00e9s \u00e9rte, javaslatot tehet a diszkrimin\u00e1ci\u00f3 kezel\u00e9s\u00e9re. De el\u0151sz\u00f6r \u00edrhat az \u00dcgyv\u00e9dnek, vagy h\u00edvhatja az \u00dcgyv\u00e9d ingyenes telefonsz\u00e1m\u00e1t a 080 81 80<\/span><\/p><\/div><\/div><\/div><\/div>\t\t\t\t\t\t\t\t<\/div>\n\t\t\t\t<\/div>\n\t\t\t\t<div class=\"elementor-element elementor-element-3710fee9 elementor-align-center elementor-widget elementor-widget-button\" data-id=\"3710fee9\" data-element_type=\"widget\" data-e-type=\"widget\" data-widget_type=\"button.default\">\n\t\t\t\t<div class=\"elementor-widget-container\">\n\t\t\t\t\t\t\t\t\t<div class=\"elementor-button-wrapper\">\n\t\t\t\t\t<a class=\"elementor-button elementor-button-link elementor-size-sm elementor-animation-grow\" href=\"https:\/\/zagovornik.si\/hu\/a-hatranyos-megkulonboztetesrol\/hatranyos-megkulonboztetes-bejelentese\/\">\n\t\t\t\t\t\t<span class=\"elementor-button-content-wrapper\">\n\t\t\t\t\t\t\t\t\t<span class=\"elementor-button-text\"> SEG\u00cdTS\u00c9G<\/span>\n\t\t\t\t\t<\/span>\n\t\t\t\t\t<\/a>\n\t\t\t\t<\/div>\n\t\t\t\t\t\t\t\t<\/div>\n\t\t\t\t<\/div>\n\t\t\t\t\t<\/div>\n\t\t<\/div>\n\t\t\t\t<div class=\"elementor-column elementor-col-50 elementor-top-column elementor-element elementor-element-495a5b14 elementor-invisible\" data-id=\"495a5b14\" data-element_type=\"column\" data-e-type=\"column\" data-settings=\"{&quot;animation&quot;:&quot;fadeInUp&quot;,&quot;background_background&quot;:&quot;classic&quot;,&quot;animation_delay&quot;:150}\">\n\t\t\t<div class=\"elementor-widget-wrap elementor-element-populated\">\n\t\t\t\t\t\t<div class=\"elementor-element elementor-element-53832f96 elementor-widget elementor-widget-image\" data-id=\"53832f96\" data-element_type=\"widget\" data-e-type=\"widget\" data-widget_type=\"image.default\">\n\t\t\t\t<div class=\"elementor-widget-container\">\n\t\t\t\t\t\t\t\t\t\t\t\t\t\t\t<img decoding=\"async\" width=\"512\" height=\"512\" src=\"https:\/\/zagovornik.si\/wp-content\/uploads\/2022\/04\/preview.png\" class=\"attachment-large size-large wp-image-2488\" alt=\"\" srcset=\"https:\/\/zagovornik.si\/wp-content\/uploads\/2022\/04\/preview.png 512w, https:\/\/zagovornik.si\/wp-content\/uploads\/2022\/04\/preview-300x300.png 300w, https:\/\/zagovornik.si\/wp-content\/uploads\/2022\/04\/preview-150x150.png 150w\" sizes=\"(max-width: 512px) 100vw, 512px\" \/>\t\t\t\t\t\t\t\t\t\t\t\t\t\t\t<\/div>\n\t\t\t\t<\/div>\n\t\t\t\t<div class=\"elementor-element elementor-element-7a8b8459 elementor-widget elementor-widget-heading\" data-id=\"7a8b8459\" data-element_type=\"widget\" data-e-type=\"widget\" data-widget_type=\"heading.default\">\n\t\t\t\t<div class=\"elementor-widget-container\">\n\t\t\t\t\t<h2 class=\"elementor-heading-title elementor-size-default\">\nAmit csin\u00e1lunk<\/h2>\t\t\t\t<\/div>\n\t\t\t\t<\/div>\n\t\t\t\t<div class=\"elementor-element elementor-element-464d5bb elementor-widget elementor-widget-text-editor\" data-id=\"464d5bb\" data-element_type=\"widget\" data-e-type=\"widget\" data-widget_type=\"text-editor.default\">\n\t\t\t\t<div class=\"elementor-widget-container\">\n\t\t\t\t\t\t\t\t\t<p>A vizsg\u00e1lati elj\u00e1r\u00e1s lez\u00e1rult<\/p><p>A szab\u00e1lyoz\u00e1s diszkriminat\u00edv jelleg\u00e9nek \u00e9rt\u00e9kel\u00e9se<\/p><p>K\u00fcl\u00f6nleges jelent\u00e9sek<\/p><p>\u00c9ves jelent\u00e9sek<\/p>\t\t\t\t\t\t\t\t<\/div>\n\t\t\t\t<\/div>\n\t\t\t\t<div class=\"elementor-element elementor-element-4d7f37c9 elementor-align-center elementor-widget elementor-widget-button\" data-id=\"4d7f37c9\" data-element_type=\"widget\" data-e-type=\"widget\" data-widget_type=\"button.default\">\n\t\t\t\t<div class=\"elementor-widget-container\">\n\t\t\t\t\t\t\t\t\t<div class=\"elementor-button-wrapper\">\n\t\t\t\t\t<a class=\"elementor-button elementor-button-link elementor-size-sm elementor-animation-grow\" href=\"https:\/\/zagovornik.si\/hu\/eves-beszamolok\/\">\n\t\t\t\t\t\t<span class=\"elementor-button-content-wrapper\">\n\t\t\t\t\t\t\t\t\t<span class=\"elementor-button-text\">AMIT CSIN\u00c1LUNK<\/span>\n\t\t\t\t\t<\/span>\n\t\t\t\t\t<\/a>\n\t\t\t\t<\/div>\n\t\t\t\t\t\t\t\t<\/div>\n\t\t\t\t<\/div>\n\t\t\t\t\t<\/div>\n\t\t<\/div>\n\t\t\t\t\t<\/div>\n\t\t<\/section>\n\t\t\t\t<section class=\"elementor-section elementor-top-section elementor-element elementor-element-18a88e4a elementor-section-height-min-height elementor-section-boxed elementor-section-height-default elementor-section-items-middle\" data-id=\"18a88e4a\" data-element_type=\"section\" data-e-type=\"section\" data-settings=\"{&quot;jet_parallax_layout_list&quot;:[],&quot;background_background&quot;:&quot;classic&quot;,&quot;animation&quot;:&quot;none&quot;}\">\n\t\t\t\t\t\t<div class=\"elementor-container elementor-column-gap-default\">\n\t\t\t\t\t<div class=\"elementor-column elementor-col-100 elementor-top-column elementor-element elementor-element-1f19ccd\" data-id=\"1f19ccd\" data-element_type=\"column\" data-e-type=\"column\">\n\t\t\t<div class=\"elementor-widget-wrap elementor-element-populated\">\n\t\t\t\t\t\t<div class=\"elementor-element elementor-element-6765a6ba elementor-widget elementor-widget-heading\" data-id=\"6765a6ba\" data-element_type=\"widget\" data-e-type=\"widget\" data-widget_type=\"heading.default\">\n\t\t\t\t<div class=\"elementor-widget-container\">\n\t\t\t\t\t<h1 class=\"elementor-heading-title elementor-size-default\">\n\nHogyan tud seg\u00edteni az \u00dcgyv\u00e9d?<\/h1>\t\t\t\t<\/div>\n\t\t\t\t<\/div>\n\t\t\t\t<section class=\"elementor-section elementor-inner-section elementor-element elementor-element-34c33214 elementor-section-boxed elementor-section-height-default elementor-section-height-default\" data-id=\"34c33214\" data-element_type=\"section\" data-e-type=\"section\" data-settings=\"{&quot;jet_parallax_layout_list&quot;:[]}\">\n\t\t\t\t\t\t<div class=\"elementor-container elementor-column-gap-default\">\n\t\t\t\t\t<div class=\"elementor-column elementor-col-50 elementor-inner-column elementor-element elementor-element-430b3051\" data-id=\"430b3051\" data-element_type=\"column\" data-e-type=\"column\">\n\t\t\t<div class=\"elementor-widget-wrap elementor-element-populated\">\n\t\t\t\t\t\t<div class=\"elementor-element elementor-element-44e49442 elementor-position-left elementor-vertical-align-top elementor-widget elementor-widget-image-box\" data-id=\"44e49442\" data-element_type=\"widget\" data-e-type=\"widget\" data-widget_type=\"image-box.default\">\n\t\t\t\t<div class=\"elementor-widget-container\">\n\t\t\t\t\t<div class=\"elementor-image-box-wrapper\"><figure class=\"elementor-image-box-img\"><img loading=\"lazy\" decoding=\"async\" width=\"256\" height=\"256\" src=\"https:\/\/zagovornik.si\/wp-content\/uploads\/2022\/04\/phone.png\" class=\"attachment-full size-full wp-image-2383\" alt=\"\" srcset=\"https:\/\/zagovornik.si\/wp-content\/uploads\/2022\/04\/phone.png 256w, https:\/\/zagovornik.si\/wp-content\/uploads\/2022\/04\/phone-150x150.png 150w\" sizes=\"(max-width: 256px) 100vw, 256px\" \/><\/figure><div class=\"elementor-image-box-content\"><h3 class=\"elementor-image-box-title\">H\u00edvjon minket<\/h3><p class=\"elementor-image-box-description\">\ningyenes telefonsz\u00e1m 080 81 80 <br>\n\nh\u00e9tf\u0151, kedd, cs\u00fct\u00f6rt\u00f6k: 8:00 \u2013 12:00 \u00e9s <br> 13:00 \u2013 15:00<br>\n\nszerda: 10:00 \u2013 12:00 \u00e9s 13:00 \u2013 18:00 <\/p><\/div><\/div>\t\t\t\t<\/div>\n\t\t\t\t<\/div>\n\t\t\t\t<div class=\"elementor-element elementor-element-7d0472d3 elementor-position-left elementor-vertical-align-top elementor-widget elementor-widget-image-box\" data-id=\"7d0472d3\" data-element_type=\"widget\" data-e-type=\"widget\" data-widget_type=\"image-box.default\">\n\t\t\t\t<div class=\"elementor-widget-container\">\n\t\t\t\t\t<div class=\"elementor-image-box-wrapper\"><figure class=\"elementor-image-box-img\"><img loading=\"lazy\" decoding=\"async\" width=\"512\" height=\"512\" src=\"https:\/\/zagovornik.si\/wp-content\/uploads\/2022\/04\/email-1.png\" class=\"attachment-full size-full wp-image-2491\" alt=\"\" srcset=\"https:\/\/zagovornik.si\/wp-content\/uploads\/2022\/04\/email-1.png 512w, https:\/\/zagovornik.si\/wp-content\/uploads\/2022\/04\/email-1-300x300.png 300w, https:\/\/zagovornik.si\/wp-content\/uploads\/2022\/04\/email-1-150x150.png 150w\" sizes=\"(max-width: 512px) 100vw, 512px\" \/><\/figure><div class=\"elementor-image-box-content\"><h3 class=\"elementor-image-box-title\">\u00cdrjon nek\u00fcnk<\/h3><p class=\"elementor-image-box-description\">gp@zagovornik-rs.si<\/p><\/div><\/div>\t\t\t\t<\/div>\n\t\t\t\t<\/div>\n\t\t\t\t\t<\/div>\n\t\t<\/div>\n\t\t\t\t<div class=\"elementor-column elementor-col-50 elementor-inner-column elementor-element elementor-element-4977b4b2\" data-id=\"4977b4b2\" data-element_type=\"column\" data-e-type=\"column\">\n\t\t\t<div class=\"elementor-widget-wrap elementor-element-populated\">\n\t\t\t\t\t\t<div class=\"elementor-element elementor-element-576fc9d1 elementor-widget elementor-widget-image\" data-id=\"576fc9d1\" data-element_type=\"widget\" data-e-type=\"widget\" data-widget_type=\"image.default\">\n\t\t\t\t<div class=\"elementor-widget-container\">\n\t\t\t\t\t\t\t\t\t\t\t\t\t\t\t<img loading=\"lazy\" decoding=\"async\" width=\"512\" height=\"512\" src=\"https:\/\/zagovornik.si\/wp-content\/uploads\/2022\/04\/file.png\" class=\"attachment-large size-large wp-image-2494\" alt=\"\" srcset=\"https:\/\/zagovornik.si\/wp-content\/uploads\/2022\/04\/file.png 512w, https:\/\/zagovornik.si\/wp-content\/uploads\/2022\/04\/file-300x300.png 300w, https:\/\/zagovornik.si\/wp-content\/uploads\/2022\/04\/file-150x150.png 150w\" sizes=\"(max-width: 512px) 100vw, 512px\" \/>\t\t\t\t\t\t\t\t\t\t\t\t\t\t\t<\/div>\n\t\t\t\t<\/div>\n\t\t\t\t<div class=\"elementor-element elementor-element-561ce455 elementor-widget elementor-widget-heading\" data-id=\"561ce455\" data-element_type=\"widget\" data-e-type=\"widget\" data-widget_type=\"heading.default\">\n\t\t\t\t<div class=\"elementor-widget-container\">\n\t\t\t\t\t<h2 class=\"elementor-heading-title elementor-size-default\">Panasz beny\u00fajt\u00e1sa a diszkrimin\u00e1ci\u00f3 ellen<\/h2>\t\t\t\t<\/div>\n\t\t\t\t<\/div>\n\t\t\t\t<div class=\"elementor-element elementor-element-5e541225 elementor-widget-divider--view-line elementor-widget elementor-widget-divider\" data-id=\"5e541225\" data-element_type=\"widget\" data-e-type=\"widget\" data-widget_type=\"divider.default\">\n\t\t\t\t<div class=\"elementor-widget-container\">\n\t\t\t\t\t\t\t<div class=\"elementor-divider\">\n\t\t\t<span class=\"elementor-divider-separator\">\n\t\t\t\t\t\t<\/span>\n\t\t<\/div>\n\t\t\t\t\t\t<\/div>\n\t\t\t\t<\/div>\n\t\t\t\t<div class=\"elementor-element elementor-element-3b433d48 elementor-align-center elementor-widget elementor-widget-button\" data-id=\"3b433d48\" data-element_type=\"widget\" data-e-type=\"widget\" data-widget_type=\"button.default\">\n\t\t\t\t<div class=\"elementor-widget-container\">\n\t\t\t\t\t\t\t\t\t<div class=\"elementor-button-wrapper\">\n\t\t\t\t\t<a class=\"elementor-button elementor-button-link elementor-size-sm elementor-animation-grow\" href=\"https:\/\/zagovornik.si\/hu\/a-hatranyos-megkulonboztetesrol\/hatranyos-megkulonboztetes-bejelentese\/\">\n\t\t\t\t\t\t<span class=\"elementor-button-content-wrapper\">\n\t\t\t\t\t\t\t\t\t<span class=\"elementor-button-text\"> Bek\u00fcld\u00e9s<\/span>\n\t\t\t\t\t<\/span>\n\t\t\t\t\t<\/a>\n\t\t\t\t<\/div>\n\t\t\t\t\t\t\t\t<\/div>\n\t\t\t\t<\/div>\n\t\t\t\t\t<\/div>\n\t\t<\/div>\n\t\t\t\t\t<\/div>\n\t\t<\/section>\n\t\t\t\t\t<\/div>\n\t\t<\/div>\n\t\t\t\t\t<\/div>\n\t\t<\/section>\n\t\t\t\t<section class=\"elementor-section elementor-top-section elementor-element elementor-element-4af48825 elementor-section-boxed elementor-section-height-default elementor-section-height-default\" data-id=\"4af48825\" data-element_type=\"section\" data-e-type=\"section\" data-settings=\"{&quot;jet_parallax_layout_list&quot;:[],&quot;background_background&quot;:&quot;classic&quot;,&quot;animation&quot;:&quot;none&quot;}\">\n\t\t\t\t\t\t<div class=\"elementor-container elementor-column-gap-default\">\n\t\t\t\t\t<div class=\"elementor-column elementor-col-100 elementor-top-column elementor-element elementor-element-3d447470\" data-id=\"3d447470\" data-element_type=\"column\" data-e-type=\"column\">\n\t\t\t<div class=\"elementor-widget-wrap elementor-element-populated\">\n\t\t\t\t\t\t<section class=\"elementor-section elementor-inner-section elementor-element elementor-element-780e343d elementor-section-boxed elementor-section-height-default elementor-section-height-default\" data-id=\"780e343d\" data-element_type=\"section\" data-e-type=\"section\" data-settings=\"{&quot;jet_parallax_layout_list&quot;:[]}\">\n\t\t\t\t\t\t<div class=\"elementor-container elementor-column-gap-default\">\n\t\t\t\t\t<div class=\"elementor-column elementor-col-50 elementor-inner-column elementor-element elementor-element-3838e596\" data-id=\"3838e596\" data-element_type=\"column\" data-e-type=\"column\">\n\t\t\t<div class=\"elementor-widget-wrap elementor-element-populated\">\n\t\t\t\t\t\t<div class=\"elementor-element elementor-element-5142c1e2 elementor-widget elementor-widget-heading\" data-id=\"5142c1e2\" data-element_type=\"widget\" data-e-type=\"widget\" data-widget_type=\"heading.default\">\n\t\t\t\t<div class=\"elementor-widget-container\">\n\t\t\t\t\t<h2 class=\"elementor-heading-title elementor-size-default\">\u00c9ves jelent\u00e9sek<\/h2>\t\t\t\t<\/div>\n\t\t\t\t<\/div>\n\t\t\t\t<div class=\"elementor-element elementor-element-217c312d elementor-widget-divider--view-line elementor-widget elementor-widget-divider\" data-id=\"217c312d\" data-element_type=\"widget\" data-e-type=\"widget\" data-widget_type=\"divider.default\">\n\t\t\t\t<div class=\"elementor-widget-container\">\n\t\t\t\t\t\t\t<div class=\"elementor-divider\">\n\t\t\t<span class=\"elementor-divider-separator\">\n\t\t\t\t\t\t<\/span>\n\t\t<\/div>\n\t\t\t\t\t\t<\/div>\n\t\t\t\t<\/div>\n\t\t\t\t<div class=\"elementor-element elementor-element-5d9ce3e1 elementor-align-center elementor-mobile-align-center elementor-widget elementor-widget-button\" data-id=\"5d9ce3e1\" data-element_type=\"widget\" data-e-type=\"widget\" data-widget_type=\"button.default\">\n\t\t\t\t<div class=\"elementor-widget-container\">\n\t\t\t\t\t\t\t\t\t<div class=\"elementor-button-wrapper\">\n\t\t\t\t\t<a class=\"elementor-button elementor-button-link elementor-size-sm elementor-animation-grow\" href=\"https:\/\/zagovornik.si\/hu\/eves-beszamolok\/\">\n\t\t\t\t\t\t<span class=\"elementor-button-content-wrapper\">\n\t\t\t\t\t\t\t\t\t<span class=\"elementor-button-text\">\u00c9ves jelent\u00e9sek<\/span>\n\t\t\t\t\t<\/span>\n\t\t\t\t\t<\/a>\n\t\t\t\t<\/div>\n\t\t\t\t\t\t\t\t<\/div>\n\t\t\t\t<\/div>\n\t\t\t\t\t<\/div>\n\t\t<\/div>\n\t\t\t\t<div class=\"elementor-column elementor-col-50 elementor-inner-column elementor-element elementor-element-54eb0183\" data-id=\"54eb0183\" data-element_type=\"column\" data-e-type=\"column\">\n\t\t\t<div class=\"elementor-widget-wrap elementor-element-populated\">\n\t\t\t\t\t\t<div class=\"elementor-element elementor-element-231dccaf elementor-widget elementor-widget-heading\" data-id=\"231dccaf\" data-element_type=\"widget\" data-e-type=\"widget\" data-widget_type=\"heading.default\">\n\t\t\t\t<div class=\"elementor-widget-container\">\n\t\t\t\t\t<h2 class=\"elementor-heading-title elementor-size-default\">Hasznos linkek<\/h2>\t\t\t\t<\/div>\n\t\t\t\t<\/div>\n\t\t\t\t<div class=\"elementor-element elementor-element-46f92e87 elementor-widget-divider--view-line elementor-widget elementor-widget-divider\" data-id=\"46f92e87\" data-element_type=\"widget\" data-e-type=\"widget\" data-widget_type=\"divider.default\">\n\t\t\t\t<div class=\"elementor-widget-container\">\n\t\t\t\t\t\t\t<div class=\"elementor-divider\">\n\t\t\t<span class=\"elementor-divider-separator\">\n\t\t\t\t\t\t<\/span>\n\t\t<\/div>\n\t\t\t\t\t\t<\/div>\n\t\t\t\t<\/div>\n\t\t\t\t<div class=\"elementor-element elementor-element-42146d60 elementor-align-center elementor-mobile-align-center elementor-widget elementor-widget-button\" data-id=\"42146d60\" data-element_type=\"widget\" data-e-type=\"widget\" data-widget_type=\"button.default\">\n\t\t\t\t<div class=\"elementor-widget-container\">\n\t\t\t\t\t\t\t\t\t<div class=\"elementor-button-wrapper\">\n\t\t\t\t\t<a class=\"elementor-button elementor-button-link elementor-size-sm elementor-animation-grow\" href=\"https:\/\/zagovornik.si\/hu\/rolunk\/hasznos-linkek\/\">\n\t\t\t\t\t\t<span class=\"elementor-button-content-wrapper\">\n\t\t\t\t\t\t\t\t\t<span class=\"elementor-button-text\">K\u00fcl\u00f6nleges jelent\u00e9sek<\/span>\n\t\t\t\t\t<\/span>\n\t\t\t\t\t<\/a>\n\t\t\t\t<\/div>\n\t\t\t\t\t\t\t\t<\/div>\n\t\t\t\t<\/div>\n\t\t\t\t\t<\/div>\n\t\t<\/div>\n\t\t\t\t\t<\/div>\n\t\t<\/section>\n\t\t\t\t\t<\/div>\n\t\t<\/div>\n\t\t\t\t\t<\/div>\n\t\t<\/section>\n\t\t\t\t<\/div>\n\t\t","protected":false},"excerpt":{"rendered":"<p>\u00d6n diszkrimin\u00e1ci\u00f3 \u00e1ldozata vagy tan\u00faja? Ha \u00fagy gondolja, hogy \u00d6nt h\u00e1tr\u00e1nyos megk\u00fcl\u00f6nb\u00f6ztet\u00e9s \u00e9rte, javaslatot tehet a diszkrimin\u00e1ci\u00f3 kezel\u00e9s\u00e9re. De el\u0151sz\u00f6r \u00edrhat az \u00dcgyv\u00e9dnek, vagy h\u00edvhatja az \u00dcgyv\u00e9d ingyenes telefonsz\u00e1m\u00e1t a 080 81 80 SEG\u00cdTS\u00c9G Amit csin\u00e1lunk A vizsg\u00e1lati elj\u00e1r\u00e1s lez\u00e1rult A szab\u00e1lyoz\u00e1s diszkriminat\u00edv jelleg\u00e9nek \u00e9rt\u00e9kel\u00e9se K\u00fcl\u00f6nleges jelent\u00e9sek \u00c9ves jelent\u00e9sek AMIT CSIN\u00c1LUNK Hogyan tud seg\u00edteni az [&hellip;]<\/p>\n","protected":false},"author":3,"featured_media":0,"parent":0,"menu_order":0,"comment_status":"closed","ping_status":"closed","template":"","meta":{"footnotes":""},"class_list":["post-10686","page","type-page","status-publish","hentry"],"_links":{"self":[{"href":"https:\/\/zagovornik.si\/hu\/wp-json\/wp\/v2\/pages\/10686","targetHints":{"allow":["GET"]}}],"collection":[{"href":"https:\/\/zagovornik.si\/hu\/wp-json\/wp\/v2\/pages"}],"about":[{"href":"https:\/\/zagovornik.si\/hu\/wp-json\/wp\/v2\/types\/page"}],"author":[{"embeddable":true,"href":"https:\/\/zagovornik.si\/hu\/wp-json\/wp\/v2\/users\/3"}],"replies":[{"embeddable":true,"href":"https:\/\/zagovornik.si\/hu\/wp-json\/wp\/v2\/comments?post=10686"}],"version-history":[{"count":0,"href":"https:\/\/zagovornik.si\/hu\/wp-json\/wp\/v2\/pages\/10686\/revisions"}],"wp:attachment":[{"href":"https:\/\/zagovornik.si\/hu\/wp-json\/wp\/v2\/media?parent=10686"}],"curies":[{"name":"wp","href":"https:\/\/api.w.org\/{rel}","templated":true}]}}